{"id":825,"date":"2022-12-04T21:07:31","date_gmt":"2022-12-04T20:07:31","guid":{"rendered":"https:\/\/www.instaluj.cz\/anydesk\/?page_id=825"},"modified":"2023-02-08T17:40:08","modified_gmt":"2023-02-08T16:40:08","slug":"vlastni-jmenny-prostor-custom-namespace","status":"publish","type":"page","link":"https:\/\/www.instaluj.cz\/anydesk\/informace-anydesk\/licence-anydesk\/vlastni-jmenny-prostor-custom-namespace\/","title":{"rendered":"Vlastn\u00ed Jmenn\u00fd Prostor &#8211; Custom Namespace"},"content":{"rendered":"\n<div class=\"wp-block-cover is-light\"><span aria-hidden=\"true\" class=\"wp-block-cover__background has-background-dim\"><\/span><img loading=\"lazy\" decoding=\"async\" width=\"2000\" height=\"1333\" class=\"wp-block-cover__image-background wp-image-826\" alt=\"\" src=\"https:\/\/www.instaluj.cz\/anydesk\/wp-content\/uploads\/2022\/12\/man-standing-laptop-cafe.jpg\" data-object-fit=\"cover\" srcset=\"https:\/\/www.instaluj.cz\/anydesk\/wp-content\/uploads\/2022\/12\/man-standing-laptop-cafe.jpg 2000w, https:\/\/www.instaluj.cz\/anydesk\/wp-content\/uploads\/2022\/12\/man-standing-laptop-cafe-300x200.jpg 300w, https:\/\/www.instaluj.cz\/anydesk\/wp-content\/uploads\/2022\/12\/man-standing-laptop-cafe-1024x682.jpg 1024w, https:\/\/www.instaluj.cz\/anydesk\/wp-content\/uploads\/2022\/12\/man-standing-laptop-cafe-768x512.jpg 768w, https:\/\/www.instaluj.cz\/anydesk\/wp-content\/uploads\/2022\/12\/man-standing-laptop-cafe-1536x1024.jpg 1536w\" sizes=\"auto, (max-width: 2000px) 100vw, 2000px\" \/><div class=\"wp-block-cover__inner-container is-layout-flow wp-block-cover-is-layout-flow\">\n<p class=\"has-text-align-center has-white-color has-text-color has-large-font-size\">Vlastn\u00ed Jmenn\u00fd Prostor &#8211; Custom Namespace V\u00e1m d\u00e1v\u00e1 svobodu nastavit Va\u0161\u00edm za\u0159\u00edzen\u00edm jak\u00fdkoliv alias.<\/p>\n<\/div><\/div>\n\n\n\n<div style=\"height:100px\" aria-hidden=\"true\" class=\"wp-block-spacer\"><\/div>\n\n\n\n<p class=\"has-text-align-center\">Abyste se nemuseli s ostatn\u00edmi u\u017eivateli d\u011blit o spole\u010dn\u00fd jmenn\u00fd prostor, m\u016f\u017eete si k licenci voliteln\u011b p\u0159ikoupit sv\u016fj <strong>vlastn\u00ed Namespace.<\/strong> <\/p>\n\n\n\n<p class=\"has-text-align-center\">Tato volba je v\u00fdhodn\u00e1, pokud pou\u017e\u00edv\u00e1te <a href=\"https:\/\/www.instaluj.cz\/anydesk\/informace-anydesk\/verze-anydesk-a-kterou-zvolit\/\" target=\"_blank\" rel=\"noopener\" title=\"Verze AnyDesk a kterou zvolit?\">AnyDesk ve firm\u011b<\/a>, kde jej nasazujete hromadn\u011b, p\u0159\u00edpadn\u011b m\u00e1te v instala\u010dn\u00edm bal\u00ed\u010dku nastavenou mo\u017enost automatick\u00e9ho nastaven\u00ed aliasu. <\/p>\n\n\n\n<p class=\"has-text-align-center\">Na sd\u00edlen\u00e9m <strong>Namespace<\/strong> se V\u00e1m m\u016f\u017ee st\u00e1t, \u017ee ji\u017e jin\u00fd u\u017eivatel bude m\u00edt p\u0159id\u011blen stejn\u00fd Alias, kter\u00fd byste r\u00e1di pou\u017eili pro sv\u00e1 za\u0159\u00edzen\u00ed (nap\u0159. server@namespace). <\/p>\n\n\n\n<p class=\"has-text-align-center\">Pokud se pokus\u00edte zaregistrovat na sd\u00edlen\u00e9m namespace alias &#8222;server&#8220; bude s velmi vysokou pravd\u011bpodobnost\u00ed ji\u017e obsazen. <\/p>\n\n\n\n<p>U <strong><a href=\"https:\/\/www.instaluj.cz\/anydesk\/informace-anydesk\/licence-anydesk\/anydesk-standard\/\" title=\"AnyDesk Standard\">AnyDesk Standard<\/a><\/strong> a <strong><a href=\"https:\/\/www.instaluj.cz\/anydesk\/informace-anydesk\/licence-anydesk\/anydesk-advanced\/\" title=\"AnyDesk Advanced\">AnyDesk Advanced<\/a><\/strong> tak m\u016f\u017eete voliteln\u011b p\u0159ikoupit vlastn\u00ed NameSpace. Budete tak moci volit jak\u00fdkoliv alias ve vlastn\u00edm jmenn\u00e9m prostoru.<\/p>\n\n\n<div class=\"wp-block-image\">\n<figure class=\"aligncenter size-full\"><img loading=\"lazy\" decoding=\"async\" width=\"748\" height=\"235\" src=\"https:\/\/www.instaluj.cz\/anydesk\/wp-content\/uploads\/2022\/12\/anydesk-custom-namespace1.jpg\" alt=\"\" class=\"wp-image-835\" srcset=\"https:\/\/www.instaluj.cz\/anydesk\/wp-content\/uploads\/2022\/12\/anydesk-custom-namespace1.jpg 748w, https:\/\/www.instaluj.cz\/anydesk\/wp-content\/uploads\/2022\/12\/anydesk-custom-namespace1-300x94.jpg 300w\" sizes=\"auto, (max-width: 748px) 100vw, 748px\" \/><figcaption class=\"wp-element-caption\"><em>p\u0159ipojen\u00ed na po\u010d\u00edta\u010d s aliasem instalujjenejlepsi ve sd\u00edlen\u00e9m Namespace @ad<\/em><\/figcaption><\/figure>\n<\/div>\n\n\n<div style=\"height:100px\" aria-hidden=\"true\" class=\"wp-block-spacer\"><\/div>\n\n\n<div class=\"wp-block-image\">\n<figure class=\"aligncenter size-full\"><img loading=\"lazy\" decoding=\"async\" width=\"871\" height=\"657\" src=\"https:\/\/www.instaluj.cz\/anydesk\/wp-content\/uploads\/2022\/12\/anydesk-custom-namespace2.jpg\" alt=\"\" class=\"wp-image-836\" srcset=\"https:\/\/www.instaluj.cz\/anydesk\/wp-content\/uploads\/2022\/12\/anydesk-custom-namespace2.jpg 871w, https:\/\/www.instaluj.cz\/anydesk\/wp-content\/uploads\/2022\/12\/anydesk-custom-namespace2-300x226.jpg 300w, https:\/\/www.instaluj.cz\/anydesk\/wp-content\/uploads\/2022\/12\/anydesk-custom-namespace2-768x579.jpg 768w\" sizes=\"auto, (max-width: 871px) 100vw, 871px\" \/><figcaption class=\"wp-element-caption\"><em>Nastaven\u00ed Alias v z\u00e1kaznick\u00e9 z\u00f3n\u011b <a href=\"http:\/\/my.anydesk.com\" target=\"_blank\" rel=\"noopener\" title=\"My.anydesk.com\">my.anydesk.com<\/a><\/em><\/figcaption><\/figure>\n<\/div>\n\n\n<div style=\"height:100px\" aria-hidden=\"true\" class=\"wp-block-spacer\"><\/div>\n\n\n<div class=\"wp-block-image\">\n<figure class=\"aligncenter size-large\"><img loading=\"lazy\" decoding=\"async\" width=\"1024\" height=\"683\" src=\"https:\/\/www.instaluj.cz\/anydesk\/wp-content\/uploads\/2022\/12\/custom_namespace_3-1024x683.jpg\" alt=\"\" class=\"wp-image-837\" srcset=\"https:\/\/www.instaluj.cz\/anydesk\/wp-content\/uploads\/2022\/12\/custom_namespace_3-1024x683.jpg 1024w, https:\/\/www.instaluj.cz\/anydesk\/wp-content\/uploads\/2022\/12\/custom_namespace_3-300x200.jpg 300w, https:\/\/www.instaluj.cz\/anydesk\/wp-content\/uploads\/2022\/12\/custom_namespace_3-768x512.jpg 768w, https:\/\/www.instaluj.cz\/anydesk\/wp-content\/uploads\/2022\/12\/custom_namespace_3.jpg 1255w\" sizes=\"auto, (max-width: 1024px) 100vw, 1024px\" \/><figcaption class=\"wp-element-caption\"><em>K po\u010d\u00edta\u010di je mo\u017eno p\u0159ipojit se bu\u010fto \u010d\u00edslem pracovi\u0161t\u011b nebo aliasem@namespace<\/em><\/figcaption><\/figure>\n<\/div>\n\n\n<div style=\"height:100px\" aria-hidden=\"true\" class=\"wp-block-spacer\"><\/div>\n\n\n\n<p>Pro verzi AnyDesk Enterprise je Custom Namespace zahrnut v cen\u011b.<\/p>\n\n\n\n<p>Verzi AnyDesk Standard a AnyDesk Advanced je mo\u017eno zakoupit voliteln\u011b s vlastn\u00edm NameSpace zde:<\/p>\n\n\n\n<p><a href=\"https:\/\/shop.instaluj.cz\/anydesk-standard-custom-namespace?zdroj=myany\" target=\"_blank\" rel=\"noopener\" title=\"\">AnyDesk Standard v\u010d. Custom NameSpace<\/a><\/p>\n\n\n\n<p><a href=\"https:\/\/shop.instaluj.cz\/anydesk-advanced-custom-namespace?zdroj=myany\" target=\"_blank\" rel=\"noopener\" title=\"\">AnyDesk Advanced v\u010d. Custom NameSpace<\/a><\/p>\n","protected":false},"excerpt":{"rendered":"<p>Abyste se nemuseli s ostatn\u00edmi u\u017eivateli d\u011blit o spole\u010dn\u00fd jmenn\u00fd prostor, m\u016f\u017eete si k licenci voliteln\u011b p\u0159ikoupit sv\u016fj vlastn\u00ed Namespace. Tato volba je v\u00fdhodn\u00e1, pokud pou\u017e\u00edv\u00e1te AnyDesk ve firm\u011b, kde jej nasazujete hromadn\u011b, p\u0159\u00edpadn\u011b m\u00e1te v instala\u010dn\u00edm bal\u00ed\u010dku nastavenou mo\u017enost automatick\u00e9ho nastaven\u00ed aliasu. Na sd\u00edlen\u00e9m Namespace se V\u00e1m m\u016f\u017ee st\u00e1t, \u017ee ji\u017e jin\u00fd u\u017eivatel bude [&hellip;]<\/p>\n","protected":false},"author":1,"featured_media":0,"parent":680,"menu_order":0,"comment_status":"closed","ping_status":"closed","template":"","meta":{"om_disable_all_campaigns":false,"_monsterinsights_skip_tracking":false,"_monsterinsights_sitenote_active":false,"_monsterinsights_sitenote_note":"","_monsterinsights_sitenote_category":0,"footnotes":""},"class_list":["post-825","page","type-page","status-publish","hentry"],"aioseo_notices":[],"_links":{"self":[{"href":"https:\/\/www.instaluj.cz\/anydesk\/wp-json\/wp\/v2\/pages\/825","targetHints":{"allow":["GET"]}}],"collection":[{"href":"https:\/\/www.instaluj.cz\/anydesk\/wp-json\/wp\/v2\/pages"}],"about":[{"href":"https:\/\/www.instaluj.cz\/anydesk\/wp-json\/wp\/v2\/types\/page"}],"author":[{"embeddable":true,"href":"https:\/\/www.instaluj.cz\/anydesk\/wp-json\/wp\/v2\/users\/1"}],"replies":[{"embeddable":true,"href":"https:\/\/www.instaluj.cz\/anydesk\/wp-json\/wp\/v2\/comments?post=825"}],"version-history":[{"count":9,"href":"https:\/\/www.instaluj.cz\/anydesk\/wp-json\/wp\/v2\/pages\/825\/revisions"}],"predecessor-version":[{"id":928,"href":"https:\/\/www.instaluj.cz\/anydesk\/wp-json\/wp\/v2\/pages\/825\/revisions\/928"}],"up":[{"embeddable":true,"href":"https:\/\/www.instaluj.cz\/anydesk\/wp-json\/wp\/v2\/pages\/680"}],"wp:attachment":[{"href":"https:\/\/www.instaluj.cz\/anydesk\/wp-json\/wp\/v2\/media?parent=825"}],"curies":[{"name":"wp","href":"https:\/\/api.w.org\/{rel}","templated":true}]}}