{"id":726,"date":"2022-11-26T18:55:45","date_gmt":"2022-11-26T17:55:45","guid":{"rendered":"https:\/\/www.instaluj.cz\/anydesk\/?page_id=726"},"modified":"2023-09-03T19:18:27","modified_gmt":"2023-09-03T18:18:27","slug":"anydesk-ultimate","status":"publish","type":"page","link":"https:\/\/www.instaluj.cz\/anydesk\/informace-anydesk\/licence-anydesk\/anydesk-ultimate\/","title":{"rendered":"AnyDesk Ultimate"},"content":{"rendered":"\n<div class=\"wp-block-cover is-light\"><span aria-hidden=\"true\" class=\"wp-block-cover__background has-background-dim\"><\/span><img loading=\"lazy\" decoding=\"async\" width=\"2000\" height=\"814\" class=\"wp-block-cover__image-background wp-image-727\" alt=\"\" src=\"https:\/\/www.instaluj.cz\/anydesk\/wp-content\/uploads\/2022\/11\/office-workers-laptops.jpg\" data-object-fit=\"cover\" srcset=\"https:\/\/www.instaluj.cz\/anydesk\/wp-content\/uploads\/2022\/11\/office-workers-laptops.jpg 2000w, https:\/\/www.instaluj.cz\/anydesk\/wp-content\/uploads\/2022\/11\/office-workers-laptops-300x122.jpg 300w, https:\/\/www.instaluj.cz\/anydesk\/wp-content\/uploads\/2022\/11\/office-workers-laptops-1024x417.jpg 1024w, https:\/\/www.instaluj.cz\/anydesk\/wp-content\/uploads\/2022\/11\/office-workers-laptops-768x313.jpg 768w, https:\/\/www.instaluj.cz\/anydesk\/wp-content\/uploads\/2022\/11\/office-workers-laptops-1536x625.jpg 1536w\" sizes=\"auto, (max-width: 2000px) 100vw, 2000px\" \/><div class=\"wp-block-cover__inner-container is-layout-flow wp-block-cover-is-layout-flow\">\n<p class=\"has-text-align-center has-white-color has-text-color has-large-font-size\">S AnyDesk Ultimate bude va\u0161e bezpe\u010dnost na prvn\u00edm m\u00edst\u011b a d\u00edky garantovan\u00e9 dostupnosti 24\/7 V\u00e1m AnyDesk pom\u016f\u017ee dos\u00e1hnout napl\u00e1novan\u00fdch c\u00edl\u016f.<\/p>\n<\/div><\/div>\n\n\n\n<div style=\"height:100px\" aria-hidden=\"true\" class=\"wp-block-spacer\"><\/div>\n\n\n\n<p>A\u0165 jste instituce nebo spole\u010dnost, kter\u00e1 bere bezpe\u010dnost sv\u00fdch dat v\u00e1\u017en\u011b, m\u00e1 <strong>AnyDesk<\/strong> \u0159e\u0161en\u00ed i pro v\u00e1s. <strong><a href=\"https:\/\/www.instaluj.cz\/anydesk\/proc-anydesk\/anydesk-enterprise-vzdalena-plocha-pro-organizace\/\" title=\"AnyDesk Enterprise\">AnyDesk Ultimate<\/a><\/strong> je mo\u017eno provozovat jednak klasicky jako <strong><a href=\"https:\/\/www.instaluj.cz\/anydesk\/proc-anydesk\/on-premises-nebo-cloud-ultimate\/\" title=\"Cloud nebo On-Premises\">Cloudov\u00e9 \u0159e\u0161en\u00ed<\/a><\/strong> s vyu\u017eit\u00edm \u0161ifrovan\u00fdch server\u016f <strong>AnyDesk<\/strong>, pro ty nejn\u00e1ro\u010dn\u011bj\u0161\u00ed z\u00e1kazn\u00edky je k dispozici tak\u00e9 varianta <strong><a href=\"https:\/\/www.instaluj.cz\/anydesk\/proc-anydesk\/on-premises-nebo-cloud-ultimate\/\" title=\"Cloud nebo On-Premises\">On-Premises<\/a><\/strong>, kter\u00e1 pob\u011b\u017e\u00ed na infrastruktu\u0159e z\u00e1kazn\u00edka, tak\u017ee nebude probl\u00e9m \u0159e\u0161en\u00ed p\u0159izp\u016fsobit tak, aby splnilo i ty nejp\u0159\u00edsn\u011bj\u0161\u00ed bezpe\u010dnostn\u00ed po\u017eadavky. Toto \u0159e\u0161en\u00ed je vhodn\u00e9 jak pro <strong>st\u00e1tn\u00ed spr\u00e1vu, nemocnice<\/strong>, tak tak\u00e9 pro <strong>podniky a spole\u010dnosti, kter\u00e9 pracuj\u00ed s citliv\u00fdmi daty<\/strong>.<\/p>\n\n\n\n<p><strong><a href=\"https:\/\/www.instaluj.cz\/anydesk\/proc-anydesk\/anydesk-enterprise-vzdalena-plocha-pro-organizace\/\" title=\"AnyDesk Enterprise\">AnyDesk Ultimate<\/a> <\/strong>nab\u00edz\u00ed v\u0161echny funkce jak pro spolupr\u00e1ci, tak samoz\u0159ejm\u011b pro hromadnou spr\u00e1vu a nasazen\u00ed. Proto\u017ee se jedn\u00e1 o \u0159e\u0161en\u00ed, kter\u00e9 se p\u0159izp\u016fsob\u00ed va\u0161\u00ed velikosti a pot\u0159eb\u00e1m, pokud o t\u00e9to variant\u011b uva\u017eujete, nev\u00e1hejte n\u00e1s kontaktovat, nebo n\u00e1m zaslat nez\u00e1vaznou popt\u00e1vku pomoci formul\u00e1\u0159e dole na t\u00e9to str\u00e1nce. <\/p>\n\n\n\n<p>Abychom pro V\u00e1s mohli za\u017e\u00e1dat projektovou cenu, budeme pot\u0159ebovat zn\u00e1t va\u0161e po\u017eadavky na:<\/p>\n\n\n\n<ul class=\"wp-block-list\">\n<li>po\u010det spravovan\u00fdch za\u0159\u00edzen\u00ed<\/li>\n\n\n\n<li>po\u010det soub\u011b\u017en\u00fdch p\u0159ipojen\u00ed<\/li>\n\n\n\n<li>po\u010det licencovan\u00fdch u\u017eivatel\u016f<\/li>\n\n\n\n<li>zda m\u00e1te z\u00e1jem o <a href=\"https:\/\/www.instaluj.cz\/anydesk\/proc-anydesk\/on-premises-nebo-cloud-ultimate\/\" title=\"Cloud nebo On-Premises\">Cloud nebo On-Premises<\/a> verzi<\/li>\n<\/ul>\n\n\n\n<p>Pokud budete m\u00edt jak\u00e9koliv dotazy, jsme V\u00e1m samoz\u0159ejm\u011b pln\u011b k dispozici a r\u00e1di zodpov\u00edme\/zjist\u00edme odpov\u011bdi na va\u0161e dotazy.<\/p>\n\n\n\n<h2 class=\"wp-block-heading\"><a href=\"https:\/\/www.instaluj.cz\/anydesk\/proc-anydesk\/anydesk-enterprise-vzdalena-plocha-pro-organizace\/\" title=\"AnyDesk Enterprise\">AnyDesk Ultimate<\/a><\/h2>\n\n\n\n<ul class=\"wp-block-list\">\n<li>po\u010det licencovan\u00fdch u\u017eivatel\u016f dle po\u017eadavku z\u00e1kazn\u00edka<\/li>\n\n\n\n<li>po\u010det soub\u011b\u017en\u00fdch p\u0159ipojen\u00ed dle po\u017eadavku z\u00e1kazn\u00edka<\/li>\n\n\n\n<li>2000 spravovan\u00fdch za\u0159\u00edzen\u00ed s bezobslu\u017en\u00fdm p\u0159\u00edstupem <\/li>\n\n\n\n<li>mo\u017enost verze On-Premises, kter\u00e1 funguje na vlastn\u00ed infrastruktu\u0159e<\/li>\n\n\n\n<li>neomezen\u00fd po\u010det adres\u00e1\u0159\u016f<\/li>\n\n\n\n<li>z\u00e1sady skupiny<\/li>\n\n\n\n<li>spr\u00e1va opr\u00e1vn\u011bn\u00ed u\u017eivatel\u016f (v my.anydesk.com V2)<\/li>\n\n\n\n<li>SSO<\/li>\n\n\n\n<li>LDAP a dal\u0161\u00ed&#8230;<\/li>\n<\/ul>\n\n\n\n<p>Srovn\u00e1n\u00ed\u00a0<strong><a href=\"https:\/\/www.instaluj.cz\/anydesk\/proc-anydesk\/anydesk-enterprise-vzdalena-plocha-pro-organizace\/\" title=\"AnyDesk Enterprise\">AnyDesk Ultimate<\/a><\/strong>\u00a0s dal\u0161\u00edmi verzemi programu naleznete na\u00a0<a href=\"https:\/\/www.instaluj.cz\/anydesk\/ceny\/\" target=\"_blank\" rel=\"noreferrer noopener\">t\u00e9to adrese<\/a><\/p>\n\n\n\n<p>Pokud m\u00e1te z\u00e1jem o nacen\u011bn\u00ed <a href=\"https:\/\/www.instaluj.cz\/anydesk\/proc-anydesk\/anydesk-enterprise-vzdalena-plocha-pro-organizace\/\" title=\"AnyDesk Enterprise\"><strong>AnyDesk Ultimate<\/strong>,<\/a> m\u016f\u017eete n\u00e1m zaslat popt\u00e1vku prost\u0159ednictv\u00edm kontaktn\u00edho formul\u00e1\u0159e, emailem na adresu <a href=\"mailto:info@myany.cz\" target=\"_blank\" rel=\"noopener\" title=\"\">info@myany.cz<\/a> nebo n\u00e1m zavolejte na telefonn\u00ed \u010d\u00edslo <a href=\"tel:+420731933788\" rel=\"nofollow\" title=\"\">+420 731 933 788<\/a><\/p>\n\n\n\n<div style=\"height:100px\" aria-hidden=\"true\" class=\"wp-block-spacer\"><\/div>\n\n\n\n<div class=\"wp-block-contact-form-7-contact-form-selector\">\n<div class=\"wpcf7 no-js\" id=\"wpcf7-f315-o1\" lang=\"cs-CZ\" dir=\"ltr\" data-wpcf7-id=\"315\">\n<div class=\"screen-reader-response\"><p role=\"status\" aria-live=\"polite\" aria-atomic=\"true\"><\/p> <ul><\/ul><\/div>\n<form action=\"\/anydesk\/wp-json\/wp\/v2\/pages\/726#wpcf7-f315-o1\" method=\"post\" class=\"wpcf7-form init\" aria-label=\"Kontaktn\u00ed formul\u00e1\u0159\" novalidate=\"novalidate\" data-status=\"init\">\n<fieldset class=\"hidden-fields-container\"><input type=\"hidden\" name=\"_wpcf7\" value=\"315\" \/><input type=\"hidden\" name=\"_wpcf7_version\" value=\"6.1.2\" \/><input type=\"hidden\" name=\"_wpcf7_locale\" value=\"cs_CZ\" \/><input type=\"hidden\" name=\"_wpcf7_unit_tag\" value=\"wpcf7-f315-o1\" \/><input type=\"hidden\" name=\"_wpcf7_container_post\" value=\"0\" \/><input type=\"hidden\" name=\"_wpcf7_posted_data_hash\" value=\"\" \/><input type=\"hidden\" name=\"_wpcf7_recaptcha_response\" value=\"\" \/>\n<\/fieldset>\n<p><label> Ohledn\u011b \u010deho byste s n\u00e1mi r\u00e1di komunikovali?*<br \/>\n<span class=\"wpcf7-form-control-wrap\" data-name=\"oddeleni\"><select class=\"wpcf7-form-control wpcf7-select wpcf7-validates-as-required\" aria-required=\"true\" aria-invalid=\"false\" name=\"oddeleni\"><option value=\"\">&#8212;Zvolte pros\u00edm mo\u017enost&#8212;<\/option><option value=\"Popt\u00e1vka\">Popt\u00e1vka<\/option><option value=\"Licence\">Licence<\/option><option value=\"Informace o funkc\u00edch programu\">Informace o funkc\u00edch programu<\/option><option value=\"Marketing a Spolupr\u00e1ce\">Marketing a Spolupr\u00e1ce<\/option><option value=\"Jin\u00e9\">Jin\u00e9<\/option><\/select><\/span><\/label>\n<\/p>\n<p><label> Va\u0161e jm\u00e9no<br \/>\n<span class=\"wpcf7-form-control-wrap\" data-name=\"your-name\"><input size=\"40\" maxlength=\"400\" class=\"wpcf7-form-control wpcf7-text\" aria-invalid=\"false\" value=\"\" type=\"text\" name=\"your-name\" \/><\/span> <\/label>\n<\/p>\n<p><label> V\u00e1\u0161 e-mail*<br \/>\n<span class=\"wpcf7-form-control-wrap\" data-name=\"your-email\"><input size=\"40\" maxlength=\"400\" class=\"wpcf7-form-control wpcf7-email wpcf7-validates-as-required wpcf7-text wpcf7-validates-as-email\" aria-required=\"true\" aria-invalid=\"false\" value=\"\" type=\"email\" name=\"your-email\" \/><\/span> <\/label>\n<\/p>\n<p><label> Pokud si p\u0159ejete b\u00fdt kontaktov\u00e1n\u00ed telefonicky, uve\u010fte va\u0161e telefonn\u00ed \u010d\u00edslo<br \/>\n<span class=\"wpcf7-form-control-wrap\" data-name=\"tel-001\"><input size=\"40\" maxlength=\"400\" class=\"wpcf7-form-control wpcf7-tel wpcf7-text wpcf7-validates-as-tel\" aria-invalid=\"false\" value=\"+420\" type=\"tel\" name=\"tel-001\" \/><\/span><\/label>\n<\/p>\n<p><label> P\u0159edm\u011bt*<br \/>\n<span class=\"wpcf7-form-control-wrap\" data-name=\"your-subject\"><input size=\"40\" maxlength=\"400\" class=\"wpcf7-form-control wpcf7-text wpcf7-validates-as-required\" aria-required=\"true\" aria-invalid=\"false\" value=\"\" type=\"text\" name=\"your-subject\" \/><\/span> <\/label>\n<\/p>\n<p><label> Va\u0161e zpr\u00e1va*<br \/>\n<span class=\"wpcf7-form-control-wrap\" data-name=\"your-message\"><textarea cols=\"40\" rows=\"10\" maxlength=\"2000\" class=\"wpcf7-form-control wpcf7-textarea wpcf7-validates-as-required\" aria-required=\"true\" aria-invalid=\"false\" name=\"your-message\"><\/textarea><\/span> <\/label>\n<\/p>\n<p><input class=\"wpcf7-form-control wpcf7-submit has-spinner\" type=\"submit\" value=\"Odeslat\" \/>\n<\/p>\n<p><span class=\"wpcf7-form-control-wrap\" data-name=\"acceptance-gdpr\"><span class=\"wpcf7-form-control wpcf7-acceptance\"><span class=\"wpcf7-list-item\"><label><input type=\"checkbox\" name=\"acceptance-gdpr\" value=\"1\" aria-invalid=\"false\" \/><span class=\"wpcf7-list-item-label\">Souhlas\u00edm se zpracov\u00e1n\u00edm osobn\u00edch \u00fadaj\u016f<\/span><\/label><\/span><\/span><\/span><br \/>\n<span class=\"wpcf7-form-control-wrap\" data-name=\"sign-newsletter\"><span class=\"wpcf7-form-control wpcf7-checkbox\"><span class=\"wpcf7-list-item first last\"><label><input type=\"checkbox\" name=\"sign-newsletter[]\" value=\"Chci dost\u00e1vat novinky AnyDesk na email (maxim\u00e1ln\u011b 1x m\u011bs\u00edc)\" \/><span class=\"wpcf7-list-item-label\">Chci dost\u00e1vat novinky AnyDesk na email (maxim\u00e1ln\u011b 1x m\u011bs\u00edc)<\/span><\/label><\/span><\/span><\/span>\n<\/p>\n<p><label>Polo\u017eky ozna\u010den\u00e9 hv\u011bzdi\u010dkou (*) jsou povinn\u00e9<\/label>\n<\/p><div class=\"wpcf7-response-output\" aria-hidden=\"true\"><\/div>\n<\/form>\n<\/div>\n<\/div>\n","protected":false},"excerpt":{"rendered":"<p>A\u0165 jste instituce nebo spole\u010dnost, kter\u00e1 bere bezpe\u010dnost sv\u00fdch dat v\u00e1\u017en\u011b, m\u00e1 AnyDesk \u0159e\u0161en\u00ed i pro v\u00e1s. AnyDesk Ultimate je mo\u017eno provozovat jednak klasicky jako Cloudov\u00e9 \u0159e\u0161en\u00ed s vyu\u017eit\u00edm \u0161ifrovan\u00fdch server\u016f AnyDesk, pro ty nejn\u00e1ro\u010dn\u011bj\u0161\u00ed z\u00e1kazn\u00edky je k dispozici tak\u00e9 varianta On-Premises, kter\u00e1 pob\u011b\u017e\u00ed na infrastruktu\u0159e z\u00e1kazn\u00edka, tak\u017ee nebude probl\u00e9m \u0159e\u0161en\u00ed p\u0159izp\u016fsobit tak, aby splnilo [&hellip;]<\/p>\n","protected":false},"author":1,"featured_media":0,"parent":680,"menu_order":0,"comment_status":"closed","ping_status":"closed","template":"","meta":{"om_disable_all_campaigns":false,"_monsterinsights_skip_tracking":false,"_monsterinsights_sitenote_active":false,"_monsterinsights_sitenote_note":"","_monsterinsights_sitenote_category":0,"footnotes":""},"class_list":["post-726","page","type-page","status-publish","hentry"],"aioseo_notices":[],"_links":{"self":[{"href":"https:\/\/www.instaluj.cz\/anydesk\/wp-json\/wp\/v2\/pages\/726","targetHints":{"allow":["GET"]}}],"collection":[{"href":"https:\/\/www.instaluj.cz\/anydesk\/wp-json\/wp\/v2\/pages"}],"about":[{"href":"https:\/\/www.instaluj.cz\/anydesk\/wp-json\/wp\/v2\/types\/page"}],"author":[{"embeddable":true,"href":"https:\/\/www.instaluj.cz\/anydesk\/wp-json\/wp\/v2\/users\/1"}],"replies":[{"embeddable":true,"href":"https:\/\/www.instaluj.cz\/anydesk\/wp-json\/wp\/v2\/comments?post=726"}],"version-history":[{"count":7,"href":"https:\/\/www.instaluj.cz\/anydesk\/wp-json\/wp\/v2\/pages\/726\/revisions"}],"predecessor-version":[{"id":6379,"href":"https:\/\/www.instaluj.cz\/anydesk\/wp-json\/wp\/v2\/pages\/726\/revisions\/6379"}],"up":[{"embeddable":true,"href":"https:\/\/www.instaluj.cz\/anydesk\/wp-json\/wp\/v2\/pages\/680"}],"wp:attachment":[{"href":"https:\/\/www.instaluj.cz\/anydesk\/wp-json\/wp\/v2\/media?parent=726"}],"curies":[{"name":"wp","href":"https:\/\/api.w.org\/{rel}","templated":true}]}}