{"id":712,"date":"2022-11-26T14:18:24","date_gmt":"2022-11-26T13:18:24","guid":{"rendered":"https:\/\/www.instaluj.cz\/anydesk\/?page_id=712"},"modified":"2022-12-08T12:30:18","modified_gmt":"2022-12-08T11:30:18","slug":"anydesk-advanced","status":"publish","type":"page","link":"https:\/\/www.instaluj.cz\/anydesk\/informace-anydesk\/licence-anydesk\/anydesk-advanced\/","title":{"rendered":"AnyDesk Advanced"},"content":{"rendered":"\n<div class=\"wp-block-cover\"><span aria-hidden=\"true\" class=\"wp-block-cover__background has-background-dim\"><\/span><img loading=\"lazy\" decoding=\"async\" width=\"2000\" height=\"1331\" class=\"wp-block-cover__image-background wp-image-713\" alt=\"\" src=\"https:\/\/www.instaluj.cz\/anydesk\/wp-content\/uploads\/2022\/11\/computer-inside-server.jpg\" data-object-fit=\"cover\" srcset=\"https:\/\/www.instaluj.cz\/anydesk\/wp-content\/uploads\/2022\/11\/computer-inside-server.jpg 2000w, https:\/\/www.instaluj.cz\/anydesk\/wp-content\/uploads\/2022\/11\/computer-inside-server-300x200.jpg 300w, https:\/\/www.instaluj.cz\/anydesk\/wp-content\/uploads\/2022\/11\/computer-inside-server-1024x681.jpg 1024w, https:\/\/www.instaluj.cz\/anydesk\/wp-content\/uploads\/2022\/11\/computer-inside-server-768x511.jpg 768w, https:\/\/www.instaluj.cz\/anydesk\/wp-content\/uploads\/2022\/11\/computer-inside-server-1536x1022.jpg 1536w\" sizes=\"auto, (max-width: 2000px) 100vw, 2000px\" \/><div class=\"wp-block-cover__inner-container is-layout-flow wp-block-cover-is-layout-flow\">\n<p class=\"has-text-align-center has-large-font-size\">D\u00edky mo\u017enosti hromadn\u00e9ho nasazen\u00ed a spr\u00e1vy z\u00e1sad skupiny se stane spr\u00e1va a podpora u\u017eivatel\u016f hra\u010dkou i ve velk\u00fdch spole\u010dnostech se stovkami po\u010d\u00edta\u010d\u016f.<\/p>\n<\/div><\/div>\n\n\n\n<div style=\"height:100px\" aria-hidden=\"true\" class=\"wp-block-spacer\"><\/div>\n\n\n\n<p>Vygenerujte si ve sv\u00e9m \u00fa\u010dtu vlastn\u00ed brandovan\u00fd instala\u010dn\u00ed bal\u00ed\u010dek s firemn\u00edm logem a nasa\u010fte jej hromadn\u011b do klientsk\u00fdch po\u010d\u00edta\u010d\u016f. Krom\u011b vizu\u00e1ln\u00edch \u00faprav m\u016f\u017eete vytvo\u0159it r\u016fzn\u00e9 MSI bal\u00ed\u010dky s nastaven\u00edm funkc\u00ed podle pou\u017eit\u00ed a nasadit hromadn\u011b na po\u010d\u00edta\u010de d\u00edky podpo\u0159e instalace p\u0159es MSI a podpory p\u0159\u00edkazov\u00e9ho \u0159\u00e1dku. R\u016fzn\u00fdm instala\u010dn\u00edm bal\u00ed\u010dk\u016fm m\u016f\u017eete automaticky p\u0159i\u0159adit p\u0159id\u00e1n\u00ed po\u010d\u00edta\u010d\u016f do p\u0159ednastaven\u00e9ho adres\u00e1\u0159e kontakt\u016f. D\u00edky <strong>AnyDesk Advanced<\/strong> tak m\u016f\u017eete za\u010d\u00edt pou\u017e\u00edvat vzd\u00e1lenou spr\u00e1vu a\u017e na 1000 po\u010d\u00edta\u010d\u00edch b\u011bhem 10 minut v\u010detn\u011b p\u0159ehledn\u00e9ho za\u0159azen\u00ed do adres\u00e1\u0159\u016f.<\/p>\n\n\n\n<h2 class=\"wp-block-heading\"><a href=\"https:\/\/shop.instaluj.cz\/anydesk-advanced?zdroj=myany\" target=\"_blank\" rel=\"noopener\" title=\"\">AnyDesk Advanced<\/a><\/h2>\n\n\n\n<ul class=\"wp-block-list\">\n<li>50 licencovan\u00fdch u\u017eivatel\u016f v t\u00fdmu<\/li>\n\n\n\n<li>v z\u00e1kladn\u00ed cen\u011b 2 soub\u011b\u017en\u00e1 p\u0159ipojen\u00ed (mo\u017eno dokoupit a\u017e na celkov\u00fd po\u010det 50 soub\u011b\u017en\u00fdch p\u0159ipojen\u00ed)<\/li>\n\n\n\n<li>maxim\u00e1ln\u011b 1000 spravovan\u00fdch za\u0159\u00edzen\u00ed s bezobslu\u017en\u00fdm p\u0159\u00edstupem<\/li>\n\n\n\n<li>neomezen\u00fd p\u0159\u00edstup k za\u0159\u00edzen\u00edm, kde je vy\u017eadov\u00e1no schv\u00e1len\u00ed spojen\u00ed na stran\u011b u\u017eivatele<\/li>\n\n\n\n<li>pokro\u010dil\u00e1 spr\u00e1va u\u017eivatel\u016f<\/li>\n\n\n\n<li>mo\u017enost \u00fapravy instala\u010dn\u00edho souboru AnyDesk<\/li>\n\n\n\n<li>rozhran\u00ed p\u0159\u00edkazov\u00e9ho \u0159\u00e1dku<\/li>\n\n\n\n<li>hromadn\u00e9 nasazen\u00ed (MSI)<\/li>\n\n\n\n<li>z\u00e1sady skupiny<\/li>\n\n\n\n<li>telefonick\u00e1 chat a emailov\u00e1 podpora v\u00fdrobce (zat\u00edm nen\u00ed dostupn\u00e1 v \u010desk\u00e9m jazyce)<\/li>\n\n\n\n<li>spr\u00e1va mobiln\u00edch klient\u016f<\/li>\n\n\n\n<li>REST API&#8230;<\/li>\n<\/ul>\n\n\n\n<p>Srovn\u00e1n\u00ed <strong>AnyDesk Advanced<\/strong> s dal\u0161\u00edmi verzemi programu naleznete na&nbsp;<a href=\"https:\/\/www.instaluj.cz\/anydesk\/ceny\/\" target=\"_blank\" rel=\"noreferrer noopener\">t\u00e9to adrese<\/a><\/p>\n\n\n<div class=\"wp-block-image\">\n<figure class=\"aligncenter size-full\"><a href=\"https:\/\/shop.instaluj.cz\/anydesk-advanced?\" target=\"_blank\" rel=\"noreferrer noopener\"><img loading=\"lazy\" decoding=\"async\" width=\"92\" height=\"42\" src=\"https:\/\/www.instaluj.cz\/anydesk\/wp-content\/uploads\/2022\/10\/order-1.png\" alt=\"\" class=\"wp-image-440\"\/><\/a><\/figure>\n<\/div>","protected":false},"excerpt":{"rendered":"<p>Vygenerujte si ve sv\u00e9m \u00fa\u010dtu vlastn\u00ed brandovan\u00fd instala\u010dn\u00ed bal\u00ed\u010dek s firemn\u00edm logem a nasa\u010fte jej hromadn\u011b do klientsk\u00fdch po\u010d\u00edta\u010d\u016f. Krom\u011b vizu\u00e1ln\u00edch \u00faprav m\u016f\u017eete vytvo\u0159it r\u016fzn\u00e9 MSI bal\u00ed\u010dky s nastaven\u00edm funkc\u00ed podle pou\u017eit\u00ed a nasadit hromadn\u011b na po\u010d\u00edta\u010de d\u00edky podpo\u0159e instalace p\u0159es MSI a podpory p\u0159\u00edkazov\u00e9ho \u0159\u00e1dku. R\u016fzn\u00fdm instala\u010dn\u00edm bal\u00ed\u010dk\u016fm m\u016f\u017eete automaticky p\u0159i\u0159adit p\u0159id\u00e1n\u00ed po\u010d\u00edta\u010d\u016f do [&hellip;]<\/p>\n","protected":false},"author":1,"featured_media":0,"parent":680,"menu_order":0,"comment_status":"closed","ping_status":"closed","template":"","meta":{"om_disable_all_campaigns":false,"_monsterinsights_skip_tracking":false,"_monsterinsights_sitenote_active":false,"_monsterinsights_sitenote_note":"","_monsterinsights_sitenote_category":0,"footnotes":""},"class_list":["post-712","page","type-page","status-publish","hentry"],"aioseo_notices":[],"_links":{"self":[{"href":"https:\/\/www.instaluj.cz\/anydesk\/wp-json\/wp\/v2\/pages\/712","targetHints":{"allow":["GET"]}}],"collection":[{"href":"https:\/\/www.instaluj.cz\/anydesk\/wp-json\/wp\/v2\/pages"}],"about":[{"href":"https:\/\/www.instaluj.cz\/anydesk\/wp-json\/wp\/v2\/types\/page"}],"author":[{"embeddable":true,"href":"https:\/\/www.instaluj.cz\/anydesk\/wp-json\/wp\/v2\/users\/1"}],"replies":[{"embeddable":true,"href":"https:\/\/www.instaluj.cz\/anydesk\/wp-json\/wp\/v2\/comments?post=712"}],"version-history":[{"count":5,"href":"https:\/\/www.instaluj.cz\/anydesk\/wp-json\/wp\/v2\/pages\/712\/revisions"}],"predecessor-version":[{"id":798,"href":"https:\/\/www.instaluj.cz\/anydesk\/wp-json\/wp\/v2\/pages\/712\/revisions\/798"}],"up":[{"embeddable":true,"href":"https:\/\/www.instaluj.cz\/anydesk\/wp-json\/wp\/v2\/pages\/680"}],"wp:attachment":[{"href":"https:\/\/www.instaluj.cz\/anydesk\/wp-json\/wp\/v2\/media?parent=712"}],"curies":[{"name":"wp","href":"https:\/\/api.w.org\/{rel}","templated":true}]}}