{"id":702,"date":"2022-11-24T22:12:11","date_gmt":"2022-11-24T21:12:11","guid":{"rendered":"https:\/\/www.instaluj.cz\/anydesk\/?page_id=702"},"modified":"2023-01-18T21:07:05","modified_gmt":"2023-01-18T20:07:05","slug":"anydesk-standard","status":"publish","type":"page","link":"https:\/\/www.instaluj.cz\/anydesk\/informace-anydesk\/licence-anydesk\/anydesk-standard\/","title":{"rendered":"AnyDesk Standard"},"content":{"rendered":"\n<div class=\"wp-block-cover\"><span aria-hidden=\"true\" class=\"wp-block-cover__background has-background-dim\"><\/span><img loading=\"lazy\" decoding=\"async\" width=\"2000\" height=\"1014\" class=\"wp-block-cover__image-background wp-image-703\" alt=\"\" src=\"https:\/\/www.instaluj.cz\/anydesk\/wp-content\/uploads\/2022\/11\/man-sitting-office-working.jpg\" data-object-fit=\"cover\" srcset=\"https:\/\/www.instaluj.cz\/anydesk\/wp-content\/uploads\/2022\/11\/man-sitting-office-working.jpg 2000w, https:\/\/www.instaluj.cz\/anydesk\/wp-content\/uploads\/2022\/11\/man-sitting-office-working-300x152.jpg 300w, https:\/\/www.instaluj.cz\/anydesk\/wp-content\/uploads\/2022\/11\/man-sitting-office-working-1024x519.jpg 1024w, https:\/\/www.instaluj.cz\/anydesk\/wp-content\/uploads\/2022\/11\/man-sitting-office-working-768x389.jpg 768w, https:\/\/www.instaluj.cz\/anydesk\/wp-content\/uploads\/2022\/11\/man-sitting-office-working-1536x779.jpg 1536w\" sizes=\"auto, (max-width: 2000px) 100vw, 2000px\" \/><div class=\"wp-block-cover__inner-container is-layout-flow wp-block-cover-is-layout-flow\">\n<p class=\"has-text-align-center has-large-font-size\">Pokro\u010dil\u00e1 verze pro mal\u00e9 t\u00fdmy, kter\u00e9 mohou d\u00edky funkc\u00edm pro spolupr\u00e1ci jednodu\u0161e pracovat vzd\u00e1len\u011b na spole\u010dn\u00e9m projektu, p\u0159\u00edpadn\u011b poskytovat technickou podporu a spravovat za\u0159\u00edzen\u00ed.<\/p>\n<\/div><\/div>\n\n\n\n<div style=\"height:100px\" aria-hidden=\"true\" class=\"wp-block-spacer\"><\/div>\n\n\n\n<p>Pr\u00e1ce na spole\u010dn\u00e9m projektu s kolegy z r\u016fzn\u00fdch pobo\u010dek nebo poskytov\u00e1n\u00ed technick\u00e9 podpory zam\u011bstnanc\u016fm nap\u0159\u00ed\u010d firmou \u010di z\u00e1kazn\u00edk\u016fm bude hra\u010dkou d\u00edky <strong>AnyDesk Standard. <\/strong>A\u0165 pot\u0159ebujete upravit konfiguraci na po\u010d\u00edta\u010di, v tabletu nebo v\u00fdrobn\u00edm za\u0159\u00edzen\u00ed s podporovan\u00fdm OS, sta\u010d\u00ed se p\u0159ipojit a m\u016f\u017eete pracovat, jako byste byli na m\u00edst\u011b.<\/p>\n\n\n\n<p>D\u00edky funkc\u00edm pro t\u00fdmovou spolupr\u00e1ci m\u016f\u017eete s kolegy z r\u016fzn\u00fdch pobo\u010dek v\u00e9st brainstorming nebo ps\u00e1t a kreslit n\u00e1vrhy na obrazovku. Ka\u017ed\u00fd se tak m\u016f\u017ee zapojit se sv\u00fdmi n\u00e1pady ze sv\u00e9ho po\u010d\u00edta\u010de v re\u00e1ln\u00e9m \u010dase, i kdy\u017e jste ka\u017ed\u00fd jinde. Stejn\u011b tak lze n\u00e1zorn\u011b p\u0159edv\u00e9st a vysv\u011btlit prob\u00edranou l\u00e1tku student\u016fm, kte\u0159\u00ed v\u0161e uvid\u00ed na sv\u00fdch monitorech nebo je lze jednodu\u0161e kontrolovat ze sv\u00e9ho stanovi\u0161t\u011b, jak si vedou se zadan\u00fdm \u00fakolem.<\/p>\n\n\n\n<h2 class=\"wp-block-heading\"><a href=\"https:\/\/shop.instaluj.cz\/anydesk-standard?zdroj=myany\" target=\"_blank\" rel=\"noopener\" title=\"\">AnyDesk Standard<\/a><\/h2>\n\n\n\n<ul class=\"wp-block-list\">\n<li>20 licencovan\u00fdch u\u017eivatel\u016f v t\u00fdmu<\/li>\n\n\n\n<li>v z\u00e1kladn\u00ed cen\u011b 1 soub\u011b\u017en\u00e9 p\u0159ipojen\u00ed (mo\u017eno dokoupit a\u017e na celkov\u00fd po\u010det 20 soub\u011b\u017en\u00fdch p\u0159ipojen\u00ed)<\/li>\n\n\n\n<li>maxim\u00e1ln\u011b 500 spravovan\u00fdch za\u0159\u00edzen\u00ed s bezobslu\u017en\u00fdm p\u0159\u00edstupem <\/li>\n\n\n\n<li>neomezen\u00fd p\u0159\u00edstup k za\u0159\u00edzen\u00edm, kde je vy\u017eadov\u00e1no schv\u00e1len\u00ed spojen\u00ed na stran\u011b u\u017eivatele<\/li>\n\n\n\n<li>standardn\u00ed spr\u00e1va u\u017eivatel\u016f<\/li>\n\n\n\n<li>mo\u017enost \u00fapravy instala\u010dn\u00edho souboru AnyDesk<\/li>\n\n\n\n<li>TCP-Tunneling<\/li>\n\n\n\n<li>Wake-On-Lan<\/li>\n\n\n\n<li>mo\u017enost objedn\u00e1n\u00ed vlastn\u00edho jmenn\u00e9ho prostoru (Namespace)<\/li>\n\n\n\n<li>REST API<\/li>\n\n\n\n<li>podpora p\u0159\u00edkazov\u00e9ho \u0159\u00e1dku<\/li>\n<\/ul>\n\n\n\n<p>Srovn\u00e1n\u00ed <strong>AnyDesk Standard<\/strong> s dal\u0161\u00edmi verzemi programu naleznete na&nbsp;<a href=\"https:\/\/www.instaluj.cz\/anydesk\/ceny\/\" target=\"_blank\" rel=\"noreferrer noopener\">t\u00e9to adrese<\/a><\/p>\n\n\n\n<p><\/p>\n\n\n<div class=\"wp-block-image\">\n<figure class=\"aligncenter size-full\"><a href=\"https:\/\/shop.instaluj.cz\/anydesk-standard?zdroj=myany\" target=\"_blank\" rel=\"noreferrer noopener\"><img loading=\"lazy\" decoding=\"async\" width=\"92\" height=\"42\" src=\"https:\/\/www.instaluj.cz\/anydesk\/wp-content\/uploads\/2022\/10\/order-1.png\" alt=\"\" class=\"wp-image-440\"\/><\/a><\/figure>\n<\/div>","protected":false},"excerpt":{"rendered":"<p>Pr\u00e1ce na spole\u010dn\u00e9m projektu s kolegy z r\u016fzn\u00fdch pobo\u010dek nebo poskytov\u00e1n\u00ed technick\u00e9 podpory zam\u011bstnanc\u016fm nap\u0159\u00ed\u010d firmou \u010di z\u00e1kazn\u00edk\u016fm bude hra\u010dkou d\u00edky AnyDesk Standard. A\u0165 pot\u0159ebujete upravit konfiguraci na po\u010d\u00edta\u010di, v tabletu nebo v\u00fdrobn\u00edm za\u0159\u00edzen\u00ed s podporovan\u00fdm OS, sta\u010d\u00ed se p\u0159ipojit a m\u016f\u017eete pracovat, jako byste byli na m\u00edst\u011b. D\u00edky funkc\u00edm pro t\u00fdmovou spolupr\u00e1ci m\u016f\u017eete s [&hellip;]<\/p>\n","protected":false},"author":1,"featured_media":0,"parent":680,"menu_order":0,"comment_status":"closed","ping_status":"closed","template":"","meta":{"om_disable_all_campaigns":false,"_monsterinsights_skip_tracking":false,"_monsterinsights_sitenote_active":false,"_monsterinsights_sitenote_note":"","_monsterinsights_sitenote_category":0,"footnotes":""},"class_list":["post-702","page","type-page","status-publish","hentry"],"aioseo_notices":[],"_links":{"self":[{"href":"https:\/\/www.instaluj.cz\/anydesk\/wp-json\/wp\/v2\/pages\/702","targetHints":{"allow":["GET"]}}],"collection":[{"href":"https:\/\/www.instaluj.cz\/anydesk\/wp-json\/wp\/v2\/pages"}],"about":[{"href":"https:\/\/www.instaluj.cz\/anydesk\/wp-json\/wp\/v2\/types\/page"}],"author":[{"embeddable":true,"href":"https:\/\/www.instaluj.cz\/anydesk\/wp-json\/wp\/v2\/users\/1"}],"replies":[{"embeddable":true,"href":"https:\/\/www.instaluj.cz\/anydesk\/wp-json\/wp\/v2\/comments?post=702"}],"version-history":[{"count":7,"href":"https:\/\/www.instaluj.cz\/anydesk\/wp-json\/wp\/v2\/pages\/702\/revisions"}],"predecessor-version":[{"id":926,"href":"https:\/\/www.instaluj.cz\/anydesk\/wp-json\/wp\/v2\/pages\/702\/revisions\/926"}],"up":[{"embeddable":true,"href":"https:\/\/www.instaluj.cz\/anydesk\/wp-json\/wp\/v2\/pages\/680"}],"wp:attachment":[{"href":"https:\/\/www.instaluj.cz\/anydesk\/wp-json\/wp\/v2\/media?parent=702"}],"curies":[{"name":"wp","href":"https:\/\/api.w.org\/{rel}","templated":true}]}}