{"id":696,"date":"2022-11-24T13:29:33","date_gmt":"2022-11-24T12:29:33","guid":{"rendered":"https:\/\/www.instaluj.cz\/anydesk\/?page_id=696"},"modified":"2023-01-03T18:38:13","modified_gmt":"2023-01-03T17:38:13","slug":"anydesk-solo","status":"publish","type":"page","link":"https:\/\/www.instaluj.cz\/anydesk\/informace-anydesk\/licence-anydesk\/anydesk-solo\/","title":{"rendered":"AnyDesk Solo"},"content":{"rendered":"\n<div class=\"wp-block-cover\"><span aria-hidden=\"true\" class=\"wp-block-cover__background has-background-dim\"><\/span><img loading=\"lazy\" decoding=\"async\" width=\"2000\" height=\"1333\" class=\"wp-block-cover__image-background wp-image-697\" alt=\"\" src=\"https:\/\/www.instaluj.cz\/anydesk\/wp-content\/uploads\/2022\/11\/man-laptop-remote-desktop-connection.jpg\" data-object-fit=\"cover\" srcset=\"https:\/\/www.instaluj.cz\/anydesk\/wp-content\/uploads\/2022\/11\/man-laptop-remote-desktop-connection.jpg 2000w, https:\/\/www.instaluj.cz\/anydesk\/wp-content\/uploads\/2022\/11\/man-laptop-remote-desktop-connection-300x200.jpg 300w, https:\/\/www.instaluj.cz\/anydesk\/wp-content\/uploads\/2022\/11\/man-laptop-remote-desktop-connection-1024x682.jpg 1024w, https:\/\/www.instaluj.cz\/anydesk\/wp-content\/uploads\/2022\/11\/man-laptop-remote-desktop-connection-768x512.jpg 768w, https:\/\/www.instaluj.cz\/anydesk\/wp-content\/uploads\/2022\/11\/man-laptop-remote-desktop-connection-1536x1024.jpg 1536w\" sizes=\"auto, (max-width: 2000px) 100vw, 2000px\" \/><div class=\"wp-block-cover__inner-container is-layout-flow wp-block-cover-is-layout-flow\">\n<p class=\"has-text-align-center has-large-font-size\">Z\u00e1kladn\u00ed placen\u00e1 verze pro n\u00e1ro\u010dn\u00e9 dom\u00e1c\u00ed u\u017eivatele, \u017eivnostn\u00edky a firmy, kde se bude k po\u010d\u00edta\u010d\u016fm vzd\u00e1len\u011b p\u0159ipojovat pouze jedna osoba.<\/p>\n<\/div><\/div>\n\n\n\n<div style=\"height:100px\" aria-hidden=\"true\" class=\"wp-block-spacer\"><\/div>\n\n\n\n<p>A\u0165 jste dom\u00e1c\u00ed u\u017eivatel, \u017eivnostn\u00edk nebo pot\u0159ebujete do firmy \u0159e\u0161en\u00ed pouze pro jednoho zam\u011bstnance, je <strong>AnyDesk Solo<\/strong> ta spr\u00e1vn\u00e1 volba pro vzd\u00e1len\u00e9 p\u0159ipojen\u00ed k po\u010d\u00edta\u010d\u016fm, notebook\u016fm, telefon\u016fm a dal\u0161\u00edm za\u0159\u00edzen\u00edm. <\/p>\n\n\n\n<p><strong>AnyDesk<\/strong> p\u0159in\u00e1\u0161\u00ed mnoho v\u00fdhod oproti konkuren\u010dn\u00edm \u0159e\u0161en\u00edm. Krom\u011b kompaktnosti a rychlosti p\u0159ipojen\u00ed ke vzd\u00e1len\u00e9 plo\u0161e je to i mno\u017estv\u00ed funkc\u00ed, kter\u00e9 za danou cenu nenab\u00edz\u00ed \u017e\u00e1dn\u00e9 konkuren\u010dn\u00ed \u0159e\u0161en\u00ed. <\/p>\n\n\n\n<h2 class=\"wp-block-heading\"><a href=\"https:\/\/shop.instaluj.cz\/anydesk-solo?zdroj=myany\" target=\"_blank\" rel=\"noopener\" title=\"\">AnyDesk Solo<\/a><\/h2>\n\n\n\n<ul class=\"wp-block-list\">\n<li>1 licencovan\u00fd u\u017eivatel <\/li>\n\n\n\n<li>p\u0159ipojen\u00ed ze 3 za\u0159\u00edzen\u00ed<\/li>\n\n\n\n<li>1 soub\u011b\u017en\u00e9 p\u0159ipojen\u00ed (odchoz\u00ed)<\/li>\n\n\n\n<li>maxim\u00e1ln\u011b 100 spravovan\u00fdch za\u0159\u00edzen\u00ed s bezobslu\u017en\u00fdm p\u0159\u00edstupem<\/li>\n\n\n\n<li>neomezen\u00fd p\u0159\u00edstup k za\u0159\u00edzen\u00edm, kde je vy\u017eadov\u00e1no schv\u00e1len\u00ed spojen\u00ed na stran\u011b u\u017eivatele<\/li>\n\n\n\n<li>podpora mobiln\u00edch za\u0159\u00edzen\u00ed<\/li>\n\n\n\n<li>vzd\u00e1len\u00fd restart<\/li>\n\n\n\n<li>vzd\u00e1len\u00fd tisk<\/li>\n\n\n\n<li>mo\u017enost nastaven\u00ed vlastn\u00edch alias\u016f pro za\u0159\u00edzen\u00ed<\/li>\n\n\n\n<li>chat s klienty<\/li>\n\n\n\n<li>tabule&#8230;<\/li>\n<\/ul>\n\n\n\n<p>Srovn\u00e1n\u00ed <strong>AnyDesk Solo<\/strong> s dal\u0161\u00edmi verzemi programu naleznete na&nbsp;<a href=\"https:\/\/www.instaluj.cz\/anydesk\/ceny\/\" target=\"_blank\" rel=\"noreferrer noopener\">t\u00e9to adrese<\/a><\/p>\n\n\n\n<p>Pokud kupujete <strong>AnyDesk Solo<\/strong> na I\u010cO, je mo\u017eno vlastnit pouze jednu licenci <strong>AnyDesk Solo<\/strong>. V p\u0159\u00edpad\u011b, \u017ee pot\u0159ebujete \u0159e\u0161en\u00ed, aby se mohlo p\u0159ipojovat v\u00edce u\u017eivatel\u016f ke vzd\u00e1len\u00e9 plo\u0161e, zvolte n\u011bkterou z <a href=\"https:\/\/www.instaluj.cz\/anydesk\/ceny\/\" title=\"\">vy\u0161\u0161\u00edch licenc\u00ed<\/a> nebo n\u00e1s kontaktujte. <\/p>\n\n\n<div class=\"wp-block-image\">\n<figure class=\"aligncenter size-full\"><a href=\"https:\/\/shop.instaluj.cz\/anydesk-solo?zdroj=myany\" target=\"_blank\" rel=\"noreferrer noopener\"><img loading=\"lazy\" decoding=\"async\" width=\"92\" height=\"42\" src=\"https:\/\/www.instaluj.cz\/anydesk\/wp-content\/uploads\/2022\/10\/order-1.png\" alt=\"\" class=\"wp-image-440\"\/><\/a><\/figure>\n<\/div>","protected":false},"excerpt":{"rendered":"<p>A\u0165 jste dom\u00e1c\u00ed u\u017eivatel, \u017eivnostn\u00edk nebo pot\u0159ebujete do firmy \u0159e\u0161en\u00ed pouze pro jednoho zam\u011bstnance, je AnyDesk Solo ta spr\u00e1vn\u00e1 volba pro vzd\u00e1len\u00e9 p\u0159ipojen\u00ed k po\u010d\u00edta\u010d\u016fm, notebook\u016fm, telefon\u016fm a dal\u0161\u00edm za\u0159\u00edzen\u00edm. AnyDesk p\u0159in\u00e1\u0161\u00ed mnoho v\u00fdhod oproti konkuren\u010dn\u00edm \u0159e\u0161en\u00edm. Krom\u011b kompaktnosti a rychlosti p\u0159ipojen\u00ed ke vzd\u00e1len\u00e9 plo\u0161e je to i mno\u017estv\u00ed funkc\u00ed, kter\u00e9 za danou cenu nenab\u00edz\u00ed [&hellip;]<\/p>\n","protected":false},"author":1,"featured_media":0,"parent":680,"menu_order":1,"comment_status":"closed","ping_status":"closed","template":"","meta":{"om_disable_all_campaigns":false,"_monsterinsights_skip_tracking":false,"_monsterinsights_sitenote_active":false,"_monsterinsights_sitenote_note":"","_monsterinsights_sitenote_category":0,"footnotes":""},"class_list":["post-696","page","type-page","status-publish","hentry"],"aioseo_notices":[],"_links":{"self":[{"href":"https:\/\/www.instaluj.cz\/anydesk\/wp-json\/wp\/v2\/pages\/696","targetHints":{"allow":["GET"]}}],"collection":[{"href":"https:\/\/www.instaluj.cz\/anydesk\/wp-json\/wp\/v2\/pages"}],"about":[{"href":"https:\/\/www.instaluj.cz\/anydesk\/wp-json\/wp\/v2\/types\/page"}],"author":[{"embeddable":true,"href":"https:\/\/www.instaluj.cz\/anydesk\/wp-json\/wp\/v2\/users\/1"}],"replies":[{"embeddable":true,"href":"https:\/\/www.instaluj.cz\/anydesk\/wp-json\/wp\/v2\/comments?post=696"}],"version-history":[{"count":8,"href":"https:\/\/www.instaluj.cz\/anydesk\/wp-json\/wp\/v2\/pages\/696\/revisions"}],"predecessor-version":[{"id":929,"href":"https:\/\/www.instaluj.cz\/anydesk\/wp-json\/wp\/v2\/pages\/696\/revisions\/929"}],"up":[{"embeddable":true,"href":"https:\/\/www.instaluj.cz\/anydesk\/wp-json\/wp\/v2\/pages\/680"}],"wp:attachment":[{"href":"https:\/\/www.instaluj.cz\/anydesk\/wp-json\/wp\/v2\/media?parent=696"}],"curies":[{"name":"wp","href":"https:\/\/api.w.org\/{rel}","templated":true}]}}