{"id":680,"date":"2022-11-22T11:25:23","date_gmt":"2022-11-22T10:25:23","guid":{"rendered":"https:\/\/www.instaluj.cz\/anydesk\/?page_id=680"},"modified":"2024-11-13T15:27:03","modified_gmt":"2024-11-13T14:27:03","slug":"licence-anydesk","status":"publish","type":"page","link":"https:\/\/www.instaluj.cz\/anydesk\/informace-anydesk\/licence-anydesk\/","title":{"rendered":"Licence AnyDesk"},"content":{"rendered":"\n<div class=\"wp-block-cover is-light has-parallax\"><span aria-hidden=\"true\" class=\"wp-block-cover__background has-background-dim\"><\/span><div class=\"wp-block-cover__image-background wp-image-681 has-parallax\" style=\"background-position:50% 50%;background-image:url(https:\/\/www.instaluj.cz\/anydesk\/wp-content\/uploads\/2022\/11\/man-working-computer-laptops.jpg)\"><\/div><div class=\"wp-block-cover__inner-container is-layout-flow wp-block-cover-is-layout-flow\">\n<p class=\"has-text-align-center has-white-color has-text-color has-large-font-size\">Licence AnyDesk na m\u00edru jak pro IT Nad\u0161ence tak pro profesion\u00e1ly z r\u016fzn\u00fdch odv\u011btv\u00ed, pro mal\u00e9 t\u00fdmy, stejn\u011b jako pro podniky nebo st\u00e1tn\u00ed spr\u00e1vu. <\/p>\n<\/div><\/div>\n\n\n\n<div style=\"height:48px\" aria-hidden=\"true\" class=\"wp-block-spacer\"><\/div>\n\n\n\n<hr class=\"wp-block-separator has-alpha-channel-opacity\"\/>\n\n\n\n<figure class=\"wp-block-image size-large\"><img loading=\"lazy\" decoding=\"async\" width=\"1024\" height=\"136\" src=\"https:\/\/www.instaluj.cz\/anydesk\/wp-content\/uploads\/2023\/05\/Landing-Page-Bar_Light-Modus_MyAny_CZ-1024x136.jpg\" alt=\"\" class=\"wp-image-1215\" srcset=\"https:\/\/www.instaluj.cz\/anydesk\/wp-content\/uploads\/2023\/05\/Landing-Page-Bar_Light-Modus_MyAny_CZ-1024x136.jpg 1024w, https:\/\/www.instaluj.cz\/anydesk\/wp-content\/uploads\/2023\/05\/Landing-Page-Bar_Light-Modus_MyAny_CZ-300x40.jpg 300w, https:\/\/www.instaluj.cz\/anydesk\/wp-content\/uploads\/2023\/05\/Landing-Page-Bar_Light-Modus_MyAny_CZ-768x102.jpg 768w, https:\/\/www.instaluj.cz\/anydesk\/wp-content\/uploads\/2023\/05\/Landing-Page-Bar_Light-Modus_MyAny_CZ.jpg 1268w\" sizes=\"auto, (max-width: 1024px) 100vw, 1024px\" \/><\/figure>\n\n\n\n<hr class=\"wp-block-separator has-alpha-channel-opacity\"\/>\n\n\n\n<div style=\"height:49px\" aria-hidden=\"true\" class=\"wp-block-spacer\"><\/div>\n\n\n\n<p><strong>Licence AnyDesk<\/strong> lze zakoupit na obdob\u00ed jednoho, dvou a t\u0159\u00ed let. Licence na del\u0161\u00ed obdob\u00ed jsou cenov\u011b zv\u00fdhodn\u011bn\u00e9. M\u00e1te-li z\u00e1jem o individu\u00e1ln\u00ed nez\u00e1vazn\u00e9 nacen\u011bn\u00ed, nev\u00e1hejte n\u00e1m napsat.<\/p>\n\n\n\n<p><strong>Tabulku se srovn\u00e1n\u00edm v\u0161ech funkc\u00ed v\u010detn\u011b cen jednotliv\u00fdch verz\u00ed <a href=\"https:\/\/www.instaluj.cz\/anydesk\/ceny\/\" target=\"_blank\" rel=\"noreferrer noopener\">naleznete zde.<\/a><\/strong><\/p>\n\n\n\n<ul class=\"wp-block-list\">\n<li><strong><a href=\"https:\/\/www.instaluj.cz\/anydesk\/informace-anydesk\/licence-anydesk\/anydesk-free\/\" title=\"AnyDesk Free\">AnyDesk Free<\/a><\/strong>&nbsp;\u2013&nbsp;<strong>pro osobn\u00ed nekomer\u010dn\u00ed pou\u017eit\u00ed<\/strong>. Maxim\u00e1ln\u011b&nbsp;<strong>3 za\u0159\u00edzen\u00ed s bezobslu\u017en\u00fdm p\u0159\u00edstupem<\/strong>&nbsp;a mo\u017enost p\u0159ipojovat se z&nbsp;<strong>jednoho za\u0159\u00edzen\u00ed<\/strong>. Oproti placen\u00fdm verz\u00edm&nbsp;<strong>omezen\u00ed n\u011bkter\u00fdch funkc\u00ed<\/strong><\/li>\n\n\n\n<li><strong><a href=\"https:\/\/www.instaluj.cz\/anydesk\/informace-anydesk\/licence-anydesk\/anydesk-solo\/\" title=\"AnyDesk Solo\">AnyDesk Solo<\/a><\/strong>&nbsp;\u2013 kter\u00e1 je&nbsp;<strong>vhodn\u00e1 pro \u017eivnostn\u00edky<\/strong>&nbsp;<strong>a spole\u010dnosti<\/strong>, kter\u00e9 pot\u0159ebuji pouze licenci&nbsp;<strong>pro jednoho u\u017eivatele<\/strong><\/li>\n\n\n\n<li><strong><a href=\"https:\/\/www.instaluj.cz\/anydesk\/informace-anydesk\/licence-anydesk\/anydesk-standard\/\" title=\"AnyDesk Standard\">AnyDesk Standard<\/a><\/strong>&nbsp;\u2013 kter\u00e1 je vhodn\u00e1 pro t\u00fdmy velikosti&nbsp;<strong>a\u017e 20 u\u017eivatel\u016f<\/strong>, podporuje&nbsp;<strong>a\u017e 500 za\u0159\u00edzen\u00ed<\/strong>&nbsp;s bezobslu\u017en\u00fdm p\u0159\u00edstupem. V cen\u011b z\u00e1kladn\u00ed licence <strong>1 soub\u011b\u017en\u00e9 p\u0159ipojen\u00ed<\/strong><\/li>\n\n\n\n<li><strong><a href=\"https:\/\/www.instaluj.cz\/anydesk\/informace-anydesk\/licence-anydesk\/anydesk-advanced\/\" title=\"AnyDesk Advanced\">AnyDesk Advanced<\/a><\/strong>&nbsp;\u2013 vhodn\u00fd pro t\u00fdmy a\u017e do&nbsp;<strong>50 u\u017eivatel\u016f<\/strong>&nbsp;s p\u0159\u00edstupem a\u017e k&nbsp;<strong>1000 za\u0159\u00edzen\u00edm<\/strong>&nbsp;s bezobslu\u017en\u00fdm p\u0159\u00edstupem, nav\u00edc mo\u017enosti hromadn\u00e9ho nasazen\u00ed, spr\u00e1vou u\u017eivatel\u016f, spr\u00e1vou z\u00e1sad skupiny. V cen\u011b z\u00e1kladn\u00ed licence jsou 2 soub\u011b\u017en\u00e1 p\u0159ipojen\u00ed.<\/li>\n\n\n\n<li><strong><a href=\"https:\/\/www.instaluj.cz\/anydesk\/informace-anydesk\/licence-anydesk\/anydesk-ultimate\/\" title=\"AnyDesk Ultimate\">AnyDesk Ultimate<\/a><\/strong>&nbsp;\u2013 vhodn\u00fd&nbsp;<strong>pro nejn\u00e1ro\u010dn\u011bj\u0161\u00ed z\u00e1kazn\u00edky<\/strong>, kte\u0159\u00ed maj\u00ed vysok\u00e9 n\u00e1roky na bezpe\u010dnost, ochranu dat, maj\u00ed velk\u00e9 mno\u017estv\u00ed za\u0159\u00edzen\u00ed a p\u0159\u00edpadn\u011b pot\u0159ebuji provozovat aplikace na <a href=\"https:\/\/www.instaluj.cz\/anydesk\/proc-anydesk\/on-premises-nebo-cloud-ultimate\/\" title=\"Cloud nebo On-Premises\">vlastn\u00ed infrastruktu\u0159e<\/a>.<\/li>\n<\/ul>\n\n\n\n<p>D\u00edky programu <strong>AnyDesk<\/strong> se m\u016f\u017ee p\u0159ipojovat po\u010det u\u017eivatel\u016f, kter\u00fd je uveden v po\u010dtu licencovan\u00fdch u\u017eivatel\u016f.<\/p>\n\n\n\n<ul class=\"wp-block-list\">\n<li><a href=\"https:\/\/www.instaluj.cz\/anydesk\/informace-anydesk\/licence-anydesk\/anydesk-free\/\" title=\"AnyDesk Free\">AnyDesk Free<\/a> &#8211; 1 u\u017eivatel (soukrom\u00e1 osoba &#8211; pro nekomer\u010dn\u00ed u\u017eit\u00ed)<\/li>\n\n\n\n<li><a href=\"https:\/\/www.instaluj.cz\/anydesk\/informace-anydesk\/licence-anydesk\/anydesk-solo\/\" title=\"AnyDesk Solo\">AnyDesk Solo<\/a> &#8211; 1 u\u017eivatel (max 1 licence AnyDesk Solo na I\u010cO)<\/li>\n\n\n\n<li><a href=\"https:\/\/www.instaluj.cz\/anydesk\/informace-anydesk\/licence-anydesk\/anydesk-standard\/\" title=\"AnyDesk Standard\">AnyDesk Standard<\/a> &#8211; max. 20 u\u017eivatel\u016f<\/li>\n\n\n\n<li><a href=\"https:\/\/www.instaluj.cz\/anydesk\/informace-anydesk\/licence-anydesk\/anydesk-advanced\/\" title=\"AnyDesk Advanced\">AnyDesk Advanced<\/a> &#8211; max 50 u\u017eivatel\u016f<\/li>\n\n\n\n<li><a href=\"https:\/\/www.instaluj.cz\/anydesk\/informace-anydesk\/licence-anydesk\/anydesk-ultimate\/\" title=\"AnyDesk Enterprise\">AnyDesk Ultimate<\/a> &#8211; dle va\u0161\u00edch pot\u0159eb<\/li>\n<\/ul>\n\n\n\n<p>Licence <strong>AnyDesk Standard<\/strong> a <strong>AnyDesk Advanced<\/strong> <strong>je mo\u017eno roz\u0161\u00ed\u0159it o dal\u0161\u00ed u\u017eivatele<\/strong> d\u00edky voliteln\u00e9mu <strong>bal\u00ed\u010dku  s dal\u0161\u00edmi 10 u\u017eivateli.<\/strong> D\u00edky tomuto bal\u00ed\u010dku lze licenci <strong>AnyDesk Standard roz\u0161\u00ed\u0159it maxim\u00e1ln\u011b na 30 u\u017eivatel\u016f (lze zakoupit pouze 1 bal\u00ed\u010dek)<\/strong> &#8211; pro<strong> AnyDesk Advanced lze dokoupit libovoln\u00fd po\u010det<\/strong> t\u011bchto bal\u00ed\u010dk\u016f.<\/p>\n\n\n\n<p>Krom\u011b po\u010dtu licencovan\u00fdch u\u017eivatel\u016f, se jednotliv\u00e9 licence li\u0161\u00ed <strong>maxim\u00e1ln\u00edm po\u010dtem spravovan\u00fdch za\u0159\u00edzen\u00ed <\/strong>(tedy po\u010dtem po\u010d\u00edta\u010d\u016f, pro kter\u00e9<strong> nen\u00ed<\/strong> pro p\u0159ipojen\u00ed <strong>vy\u017eadov\u00e1n z\u00e1sah u\u017eivatele na po\u010d\u00edta\u010di<\/strong> &#8211; Bezobslu\u017en\u00fd p\u0159\u00edstup)<\/p>\n\n\n\n<ul class=\"wp-block-list\">\n<li><a href=\"https:\/\/www.instaluj.cz\/anydesk\/informace-anydesk\/licence-anydesk\/anydesk-free\/\" title=\"AnyDesk Free\">AnyDesk Free<\/a> &#8211; max. 3 po\u010d\u00edta\u010de<\/li>\n\n\n\n<li><a href=\"https:\/\/www.instaluj.cz\/anydesk\/informace-anydesk\/licence-anydesk\/anydesk-solo\/\" title=\"AnyDesk Solo\">AnyDesk Solo<\/a> &#8211; max. 100 po\u010d\u00edta\u010d\u016f<\/li>\n\n\n\n<li><a href=\"https:\/\/www.instaluj.cz\/anydesk\/informace-anydesk\/licence-anydesk\/anydesk-standard\/\" title=\"AnyDesk Standard\">AnyDesk Standard<\/a> &#8211; max. 500 po\u010d\u00edta\u010d\u016f<\/li>\n\n\n\n<li><a href=\"https:\/\/www.instaluj.cz\/anydesk\/informace-anydesk\/licence-anydesk\/anydesk-advanced\/\" title=\"AnyDesk Advanced\">AnyDesk Advanced<\/a> &#8211; max. 1000 po\u010d\u00edta\u010d\u016f<\/li>\n\n\n\n<li><a href=\"https:\/\/www.instaluj.cz\/anydesk\/informace-anydesk\/licence-anydesk\/anydesk-ultimate\/\" title=\"AnyDesk Ultimate\">AnyDesk Ultimate<\/a> &#8211; max. 2000 po\u010d\u00edta\u010d\u016f<\/li>\n<\/ul>\n\n\n\n<p>Pokud pot\u0159ebujete licenci roz\u0161\u00ed\u0159it o spr\u00e1vu dal\u0161\u00edch po\u010d\u00edta\u010d\u016f, je mo\u017eno pro licence <strong>AnyDesk Standard<\/strong> a <strong>AnyDesk Advanced<\/strong> dokoupit voliteln\u00fd bal\u00ed\u010dek s dal\u0161\u00edmi 100 spravovan\u00fdmi za\u0159\u00edzen\u00edmi.<\/p>\n\n\n\n<div style=\"height:81px\" aria-hidden=\"true\" class=\"wp-block-spacer\"><\/div>\n\n\n\n<p>Krom\u011b v\u00fd\u0161e uveden\u00fdch rozd\u00edlu se jednotliv\u00e9 verze li\u0161\u00ed v podporovan\u00fdch funkc\u00edch. <br>K z\u00e1kladn\u00edm licenc\u00edm <strong>AnyDesk<\/strong> lze dokoupit n\u00e1sleduj\u00edc\u00ed voliteln\u00e9 dopl\u0148ky, abyste si tak usnadnili pr\u00e1ci, p\u0159\u00edpadn\u011b aby se <strong>AnyDesk<\/strong> p\u0159izp\u016fsobil va\u0161\u00edm pot\u0159eb\u00e1m dle velikosti va\u0161eho t\u00fdmu.<\/p>\n\n\n\n<p><strong><a href=\"https:\/\/www.instaluj.cz\/anydesk\/informace-anydesk\/licence-anydesk\/vlastni-jmenny-prostor-custom-namespace\/\" target=\"_blank\" rel=\"noopener\" title=\"Vlastn\u00ed Jmenn\u00fd Prostor \u2013 Custom Namespace\">Vlastn\u00ed jmenn\u00fd prostor (NameSpace)<\/a><\/strong><\/p>\n\n\n\n<p>D\u00edky vlastn\u00edmu NameSpace budete m\u00edt mo\u017enost p\u0159id\u011blit va\u0161\u00edm za\u0159\u00edzen\u00edm r\u016fzn\u00e9 aliasy dle va\u0161\u00ed pot\u0159eby. Aliasy pro p\u0159ipojen\u00ed p\u0159es <strong>AnyDesk<\/strong> lze nastavit i bez vlastn\u00edho NameSpace, nicm\u00e9n\u011b budete se o n\u011bj d\u011blit i s jin\u00fdmi u\u017eivateli. Je tedy mo\u017en\u00e9, \u017ee nal\u00e9zt voln\u00fd Alias pro za\u0159\u00edzen\u00ed, ke kter\u00e9mu se budete cht\u00edt p\u0159ipojovat p\u0159es <strong>AnyDesk<\/strong> d\u00e1 trochu pr\u00e1ce. <\/p>\n\n\n\n<p><strong>Dal\u0161\u00ed soub\u011b\u017en\u00e9 p\u0159ipojen\u00ed<\/strong> <strong>(Concurrent Connections)<\/strong><\/p>\n\n\n\n<p>Sou\u010d\u00e1st\u00ed ceny licence <a href=\"https:\/\/www.instaluj.cz\/anydesk\/informace-anydesk\/licence-anydesk\/anydesk-solo\/\" title=\"AnyDesk Solo\">AnyDesk Solo<\/a> i <a href=\"https:\/\/www.instaluj.cz\/anydesk\/informace-anydesk\/licence-anydesk\/anydesk-standard\/\" title=\"AnyDesk Standard\">Standard<\/a> je jedno soub\u011b\u017en\u00e9 p\u0159ipojen\u00ed. U licence <a href=\"https:\/\/www.instaluj.cz\/anydesk\/informace-anydesk\/licence-anydesk\/anydesk-advanced\/\" title=\"AnyDesk Advanced\">AnyDesk Advanced<\/a> jsou sou\u010d\u00e1st\u00ed z\u00e1kladn\u00ed ceny 2 soub\u011b\u017en\u00e1 p\u0159ipojen\u00ed. Narozd\u00edl od <a href=\"https:\/\/www.instaluj.cz\/anydesk\/informace-anydesk\/licence-anydesk\/anydesk-standard\/\" title=\"AnyDesk Standard\">AnyDesk Standard<\/a>, <a href=\"https:\/\/www.instaluj.cz\/anydesk\/informace-anydesk\/licence-anydesk\/anydesk-advanced\/\" title=\"AnyDesk Advanced\">AnyDesk Advanced<\/a> a <a href=\"https:\/\/www.instaluj.cz\/anydesk\/informace-anydesk\/licence-anydesk\/anydesk-enterprise\/\" title=\"AnyDesk Enterprise\">AnyDesk Ultimate<\/a> nelze pro <a href=\"https:\/\/www.instaluj.cz\/anydesk\/informace-anydesk\/licence-anydesk\/anydesk-solo\/\" title=\"AnyDesk Solo\">AnyDesk Solo<\/a> p\u0159ikoupit dal\u0161\u00ed soub\u011b\u017en\u00e9 p\u0159ipojen\u00ed. U licenc\u00ed, pro kter\u00e9 se d\u00e1 roz\u0161\u00ed\u0159it tento po\u010det, lze p\u0159ikoupit po\u010det a\u017e na maxim\u00e1ln\u00ed po\u010det licencovan\u00fdch u\u017eivatel\u016f (tedy pro <a href=\"https:\/\/www.instaluj.cz\/anydesk\/informace-anydesk\/licence-anydesk\/anydesk-standard\/\" title=\"AnyDesk Standard\">AnyDesk Standard<\/a> lze zakoupit dodate\u010dn\u00fdch 19 soub\u011b\u017en\u00fdch p\u0159ipojen\u00ed a dostat se tak na celkov\u00fd po\u010det 20. <a href=\"https:\/\/www.instaluj.cz\/anydesk\/informace-anydesk\/licence-anydesk\/anydesk-advanced\/\" title=\"AnyDesk Advanced\">U AnyDesk Advanced<\/a> je mo\u017eno dokoupit dal\u0161\u00edch 48 soub\u011b\u017en\u00fdch p\u0159ipojen\u00ed a dostat se tak na 50 soub\u011b\u017en\u00fdch p\u0159ipojen\u00ed. <\/p>\n\n\n\n<div style=\"height:100px\" aria-hidden=\"true\" class=\"wp-block-spacer\"><\/div>\n\n\n\n<p>Pokud byste si r\u00e1di otestovali plnou verzi programu <a href=\"https:\/\/www.instaluj.cz\/anydesk\/kontakt\/\" title=\"Kontaktn\u00ed \u00fadaje\"><strong>AnyDesk<\/strong> p\u0159ed zakoupen\u00edm, nev\u00e1hejte n\u00e1s kontaktovat<\/a>. R\u00e1di pro V\u00e1s vygenerujeme zku\u0161ebn\u00ed licenci a probereme Va\u0161e p\u0159\u00edpadn\u00e9 dotazy<\/p>\n\n\n\n<p>Po zaregistrov\u00e1n\u00ed V\u00e1m bude umo\u017en\u011bn \u010dasov\u011b omezen\u00fd p\u0159\u00edstup ke v\u0161em funkc\u00edm programu. Budete si tak moci vyzkou\u0161et webovou administraci, generov\u00e1n\u00ed vlastn\u00edho p\u0159izp\u016fsoben\u00e9ho instala\u010dn\u00edho bal\u00ed\u010dku, prohl\u00ed\u017eet logy p\u0159ipojen\u00ed, spravovat adres\u00e1\u0159e apod&#8230; <\/p>\n\n\n\n<p>Pokud i p\u0159esto budete v\u00e1hat nebo m\u00edt jak\u00e9koliv dotazy, nev\u00e1hejte n\u00e1s kontaktovat.<\/p>\n\n\n\n<div style=\"height:100px\" aria-hidden=\"true\" class=\"wp-block-spacer\"><\/div>\n\n\n\n<p>Od roku 2022 do\u0161lo ke zm\u011bn\u011b licencov\u00e1n\u00ed.<\/p>\n\n\n\n<ul class=\"wp-block-list\">\n<li><strong>AnyDesk Essentials<\/strong>&nbsp;je nov\u011b&nbsp;<strong><a href=\"https:\/\/www.instaluj.cz\/anydesk\/informace-anydesk\/licence-anydesk\/anydesk-solo\/\" title=\"AnyDesk Solo\">AnyDesk Solo<\/a><\/strong><\/li>\n\n\n\n<li>Pokud jste pou\u017e\u00edvali&nbsp;<strong>AnyDesk Performance<\/strong>, bude pro v\u00e1s vhodn\u00fd&nbsp;<strong><a href=\"https:\/\/www.instaluj.cz\/anydesk\/informace-anydesk\/licence-anydesk\/anydesk-standard\/\" title=\"AnyDesk Standard\">AnyDesk Standard<\/a><\/strong>, p\u0159\u00edpadn\u011b&nbsp;<strong><a href=\"https:\/\/www.instaluj.cz\/anydesk\/informace-anydesk\/licence-anydesk\/anydesk-advanced\/\" title=\"AnyDesk Advanced\">AnyDesk Advanced<\/a><\/strong><\/li>\n\n\n\n<li>Pro nejn\u00e1ro\u010dn\u011bj\u0161\u00ed z\u00e1kazn\u00edky je k dispozici&nbsp;<strong><a href=\"https:\/\/www.instaluj.cz\/anydesk\/informace-anydesk\/licence-anydesk\/anydesk-enterprise\/\" title=\"AnyDesk Enterprise\">AnyDesk <\/a><\/strong>Ultimate, kter\u00fd m\u016f\u017eete m\u00edt jako&nbsp;<a href=\"https:\/\/www.instaluj.cz\/anydesk\/proc-anydesk\/on-premises-nebo-cloud-enterprise\/\" title=\"Cloud nebo On-Premises\"><strong>Cloudovou slu\u017ebu<\/strong>, p\u0159\u00edpadn\u011b jako&nbsp;<strong>On-Premises<\/strong><\/a>&nbsp;\u0159e\u0161en\u00ed, kter\u00e9 m\u016f\u017eete provozovat&nbsp;<strong>na vlastn\u00ed IT infrastruktu\u0159e<\/strong>. (D\u0159\u00edve AnyDesk Enterprise)<\/li>\n<\/ul>\n","protected":false},"excerpt":{"rendered":"<p>Licence AnyDesk lze zakoupit na obdob\u00ed jednoho, dvou a t\u0159\u00ed let. Licence na del\u0161\u00ed obdob\u00ed jsou cenov\u011b zv\u00fdhodn\u011bn\u00e9. M\u00e1te-li z\u00e1jem o individu\u00e1ln\u00ed nez\u00e1vazn\u00e9 nacen\u011bn\u00ed, nev\u00e1hejte n\u00e1m napsat. Tabulku se srovn\u00e1n\u00edm v\u0161ech funkc\u00ed v\u010detn\u011b cen jednotliv\u00fdch verz\u00ed naleznete zde. D\u00edky programu AnyDesk se m\u016f\u017ee p\u0159ipojovat po\u010det u\u017eivatel\u016f, kter\u00fd je uveden v po\u010dtu licencovan\u00fdch u\u017eivatel\u016f. Licence AnyDesk [&hellip;]<\/p>\n","protected":false},"author":1,"featured_media":0,"parent":577,"menu_order":0,"comment_status":"closed","ping_status":"closed","template":"","meta":{"om_disable_all_campaigns":false,"_monsterinsights_skip_tracking":false,"_monsterinsights_sitenote_active":false,"_monsterinsights_sitenote_note":"","_monsterinsights_sitenote_category":0,"footnotes":""},"class_list":["post-680","page","type-page","status-publish","hentry"],"aioseo_notices":[],"_links":{"self":[{"href":"https:\/\/www.instaluj.cz\/anydesk\/wp-json\/wp\/v2\/pages\/680","targetHints":{"allow":["GET"]}}],"collection":[{"href":"https:\/\/www.instaluj.cz\/anydesk\/wp-json\/wp\/v2\/pages"}],"about":[{"href":"https:\/\/www.instaluj.cz\/anydesk\/wp-json\/wp\/v2\/types\/page"}],"author":[{"embeddable":true,"href":"https:\/\/www.instaluj.cz\/anydesk\/wp-json\/wp\/v2\/users\/1"}],"replies":[{"embeddable":true,"href":"https:\/\/www.instaluj.cz\/anydesk\/wp-json\/wp\/v2\/comments?post=680"}],"version-history":[{"count":16,"href":"https:\/\/www.instaluj.cz\/anydesk\/wp-json\/wp\/v2\/pages\/680\/revisions"}],"predecessor-version":[{"id":18870,"href":"https:\/\/www.instaluj.cz\/anydesk\/wp-json\/wp\/v2\/pages\/680\/revisions\/18870"}],"up":[{"embeddable":true,"href":"https:\/\/www.instaluj.cz\/anydesk\/wp-json\/wp\/v2\/pages\/577"}],"wp:attachment":[{"href":"https:\/\/www.instaluj.cz\/anydesk\/wp-json\/wp\/v2\/media?parent=680"}],"curies":[{"name":"wp","href":"https:\/\/api.w.org\/{rel}","templated":true}]}}