{"id":644,"date":"2022-11-15T10:07:41","date_gmt":"2022-11-15T09:07:41","guid":{"rendered":"https:\/\/www.instaluj.cz\/anydesk\/?page_id=644"},"modified":"2022-12-08T12:38:23","modified_gmt":"2022-12-08T11:38:23","slug":"podporovane-os-anydesk","status":"publish","type":"page","link":"https:\/\/www.instaluj.cz\/anydesk\/informace-anydesk\/podporovane-os-anydesk\/","title":{"rendered":"Podporovan\u00e9 OS AnyDesk"},"content":{"rendered":"\n<p>Vzhledem k tomu, \u017ee <strong>AnyDesk<\/strong> funguje nejen pod <strong>Windows<\/strong>, ale tak\u00e9 pod <strong>macOS, Linux, iOS, Android, Raspberry Pi, FreeBSD a Chrome OS<\/strong>, najde uplatn\u011bn\u00ed nejen p\u0159i <strong><a href=\"https:\/\/www.instaluj.cz\/anydesk\/proc-anydesk\/anydesk-vzdalena-plocha\/\" target=\"_blank\" rel=\"noopener\" title=\"\">ovl\u00e1dan\u00ed po\u010d\u00edta\u010d\u016f na d\u00e1lku<\/a><\/strong>, ale tak\u00e9 p\u0159i ovl\u00e1dan\u00ed <a href=\"https:\/\/www.instaluj.cz\/anydesk\/proc-anydesk\/vzdaleny-pristup\/\" target=\"_blank\" rel=\"noopener\" title=\"\"><strong>za\u0159\u00edzen\u00ed v chytr\u00e9 dom\u00e1cnosti<\/strong>, <strong>pr\u016fmyslov\u00fdch stroj\u016f a za\u0159\u00edzen\u00ed, kamer, dalekohled\u016f, mikroskop\u016f<\/strong><\/a>&#8230; jednodu\u0161e mo\u017enosti vyu\u017eit\u00ed jsou velmi \u0161irok\u00e9 a z\u00e1vis\u00ed \u010dist\u011b na va\u0161\u00ed fantazii! <\/p>\n\n\n\n<p><strong>AnyDesk<\/strong> je alternativa k program\u016fm, jako je P\u0159ipojen\u00ed ke vzd\u00e1len\u00e9 plo\u0161e v Windows, TeamViewer, p\u0159\u00edpadn\u011b VNC.<\/p>\n\n\n\n<p>Pod Windows lze <strong>AnyDesk<\/strong> instalovat i na star\u0161\u00ed verze, ne\u017e Win10. Konkr\u00e9tn\u011b lze <strong>AnyDesk<\/strong> provozovat od <strong>Windows XP SP2<\/strong> <strong>a nov\u011bj\u0161\u00edch, a\u017e po Windows 11<\/strong>.<\/p>\n\n\n\n<p>N\u00ed\u017ee najdete tabulku s podporovan\u00fdmi OS a mo\u017enosti propojen\u00ed mezi platformami.<\/p>\n\n\n\n<figure class=\"wp-block-table\"><table><tbody><tr><td><strong>z \/ na<\/strong><\/td><td class=\"has-text-align-center\" data-align=\"center\"><strong>Windows<\/strong><\/td><td class=\"has-text-align-center\" data-align=\"center\"><strong>macOS<\/strong><\/td><td class=\"has-text-align-center\" data-align=\"center\"><strong>Linux<\/strong><\/td><td class=\"has-text-align-center\" data-align=\"center\"><strong>FreeBSD<\/strong><\/td><td class=\"has-text-align-center\" data-align=\"center\"><strong>Raspberry Pi<\/strong><\/td><td class=\"has-text-align-center\" data-align=\"center\"><strong>Android<\/strong><\/td><td class=\"has-text-align-center\" data-align=\"center\"><strong>iOS<\/strong><\/td><td class=\"has-text-align-center\" data-align=\"center\"><strong>ChromeOS<\/strong><\/td><\/tr><tr><td><strong>Windows<\/strong><\/td><td class=\"has-text-align-center\" data-align=\"center\">\u2713<\/td><td class=\"has-text-align-center\" data-align=\"center\">\u2713<\/td><td class=\"has-text-align-center\" data-align=\"center\">\u2713<\/td><td class=\"has-text-align-center\" data-align=\"center\">\u2713<\/td><td class=\"has-text-align-center\" data-align=\"center\">\u2713<\/td><td class=\"has-text-align-center\" data-align=\"center\">\u2713<\/td><td class=\"has-text-align-center\" data-align=\"center\">\u2713<\/td><td class=\"has-text-align-center\" data-align=\"center\">\u2713<\/td><\/tr><tr><td><strong>macOS<\/strong><\/td><td class=\"has-text-align-center\" data-align=\"center\">\u2713<\/td><td class=\"has-text-align-center\" data-align=\"center\">\u2713<\/td><td class=\"has-text-align-center\" data-align=\"center\">\u2713<\/td><td class=\"has-text-align-center\" data-align=\"center\">\u2713<\/td><td class=\"has-text-align-center\" data-align=\"center\">\u2713<\/td><td class=\"has-text-align-center\" data-align=\"center\">\u2713<\/td><td class=\"has-text-align-center\" data-align=\"center\">\u2713<\/td><td class=\"has-text-align-center\" data-align=\"center\">\u2713<\/td><\/tr><tr><td><strong>Linux<\/strong><\/td><td class=\"has-text-align-center\" data-align=\"center\">\u2713<\/td><td class=\"has-text-align-center\" data-align=\"center\">\u2713<\/td><td class=\"has-text-align-center\" data-align=\"center\">\u2713<\/td><td class=\"has-text-align-center\" data-align=\"center\">\u2713<\/td><td class=\"has-text-align-center\" data-align=\"center\">\u2713<\/td><td class=\"has-text-align-center\" data-align=\"center\">\u2713<\/td><td class=\"has-text-align-center\" data-align=\"center\">\u2713<\/td><td class=\"has-text-align-center\" data-align=\"center\">\u2713<\/td><\/tr><tr><td><strong>FreeBSD<\/strong><\/td><td class=\"has-text-align-center\" data-align=\"center\">\u2713<\/td><td class=\"has-text-align-center\" data-align=\"center\">\u2713<\/td><td class=\"has-text-align-center\" data-align=\"center\">\u2713<\/td><td class=\"has-text-align-center\" data-align=\"center\">\u2713<\/td><td class=\"has-text-align-center\" data-align=\"center\">\u2713<\/td><td class=\"has-text-align-center\" data-align=\"center\">\u2713<\/td><td class=\"has-text-align-center\" data-align=\"center\">\u2713<\/td><td class=\"has-text-align-center\" data-align=\"center\">\u2713<\/td><\/tr><tr><td><strong>Raspberry Pi<\/strong><\/td><td class=\"has-text-align-center\" data-align=\"center\">\u2713<\/td><td class=\"has-text-align-center\" data-align=\"center\">\u2713<\/td><td class=\"has-text-align-center\" data-align=\"center\">\u2713<\/td><td class=\"has-text-align-center\" data-align=\"center\">\u2713<\/td><td class=\"has-text-align-center\" data-align=\"center\">\u2713<\/td><td class=\"has-text-align-center\" data-align=\"center\">\u2713<\/td><td class=\"has-text-align-center\" data-align=\"center\">\u2713<\/td><td class=\"has-text-align-center\" data-align=\"center\">\u2713<\/td><\/tr><tr><td><strong>Android<\/strong><\/td><td class=\"has-text-align-center\" data-align=\"center\">\u2713<\/td><td class=\"has-text-align-center\" data-align=\"center\">\u2713<\/td><td class=\"has-text-align-center\" data-align=\"center\">\u2713<\/td><td class=\"has-text-align-center\" data-align=\"center\">\u2713<\/td><td class=\"has-text-align-center\" data-align=\"center\">\u2713<\/td><td class=\"has-text-align-center\" data-align=\"center\">\u2713<\/td><td class=\"has-text-align-center\" data-align=\"center\">\u2713<\/td><td class=\"has-text-align-center\" data-align=\"center\">\u2713<\/td><\/tr><tr><td><strong>iOS\u00b9<\/strong><\/td><td class=\"has-text-align-center\" data-align=\"center\">\u2713<\/td><td class=\"has-text-align-center\" data-align=\"center\">\u2713<\/td><td class=\"has-text-align-center\" data-align=\"center\">\u2713<\/td><td class=\"has-text-align-center\" data-align=\"center\">\u2713<\/td><td class=\"has-text-align-center\" data-align=\"center\">\u2713<\/td><td class=\"has-text-align-center\" data-align=\"center\">\u2713<\/td><td class=\"has-text-align-center\" data-align=\"center\">\u2713<\/td><td class=\"has-text-align-center\" data-align=\"center\">\u2713<\/td><\/tr><tr><td><strong>ChromeOS\u00b2<\/strong><\/td><td class=\"has-text-align-center\" data-align=\"center\">\u2713<\/td><td class=\"has-text-align-center\" data-align=\"center\">\u2713<\/td><td class=\"has-text-align-center\" data-align=\"center\">\u2713<\/td><td class=\"has-text-align-center\" data-align=\"center\">\u2713<\/td><td class=\"has-text-align-center\" data-align=\"center\">\u2713<\/td><td class=\"has-text-align-center\" data-align=\"center\">\u2713<\/td><td class=\"has-text-align-center\" data-align=\"center\">\u2713<\/td><td class=\"has-text-align-center\" data-align=\"center\">\u2713<\/td><\/tr><\/tbody><\/table><figcaption class=\"wp-element-caption\"><em>\u00b9 Vzd\u00e1len\u00e9 Ovl\u00e1dan\u00ed za\u0159\u00edzen\u00ed s iOS\/iPadOS nen\u00ed podporov\u00e1no.<br>\u00b2 <\/em>Vzd\u00e1len\u00e9 ovl\u00e1dan\u00ed za\u0159\u00edzen\u00ed s ChromeOS nen\u00ed podporov\u00e1no.<\/figcaption><\/figure>\n\n\n\n<p>Tabulku s porovn\u00e1n\u00edm funkc\u00ed jednotliv\u00fdch verz\u00ed programu<strong> AnyDesk <\/strong>naleznete na <a href=\"https:\/\/www.instaluj.cz\/anydesk\/ceny\/\" target=\"_blank\" rel=\"noopener\" title=\"Ceny\">t\u00e9to str\u00e1nce<\/a><\/p>\n","protected":false},"excerpt":{"rendered":"<p>Vzhledem k tomu, \u017ee AnyDesk funguje nejen pod Windows, ale tak\u00e9 pod macOS, Linux, iOS, Android, Raspberry Pi, FreeBSD a Chrome OS, najde uplatn\u011bn\u00ed nejen p\u0159i ovl\u00e1dan\u00ed po\u010d\u00edta\u010d\u016f na d\u00e1lku, ale tak\u00e9 p\u0159i ovl\u00e1dan\u00ed za\u0159\u00edzen\u00ed v chytr\u00e9 dom\u00e1cnosti, pr\u016fmyslov\u00fdch stroj\u016f a za\u0159\u00edzen\u00ed, kamer, dalekohled\u016f, mikroskop\u016f&#8230; jednodu\u0161e mo\u017enosti vyu\u017eit\u00ed jsou velmi \u0161irok\u00e9 a z\u00e1vis\u00ed \u010dist\u011b na [&hellip;]<\/p>\n","protected":false},"author":1,"featured_media":0,"parent":577,"menu_order":0,"comment_status":"closed","ping_status":"closed","template":"template\/fullwidth.php","meta":{"om_disable_all_campaigns":false,"_monsterinsights_skip_tracking":false,"_monsterinsights_sitenote_active":false,"_monsterinsights_sitenote_note":"","_monsterinsights_sitenote_category":0,"footnotes":""},"class_list":["post-644","page","type-page","status-publish","hentry"],"aioseo_notices":[],"_links":{"self":[{"href":"https:\/\/www.instaluj.cz\/anydesk\/wp-json\/wp\/v2\/pages\/644","targetHints":{"allow":["GET"]}}],"collection":[{"href":"https:\/\/www.instaluj.cz\/anydesk\/wp-json\/wp\/v2\/pages"}],"about":[{"href":"https:\/\/www.instaluj.cz\/anydesk\/wp-json\/wp\/v2\/types\/page"}],"author":[{"embeddable":true,"href":"https:\/\/www.instaluj.cz\/anydesk\/wp-json\/wp\/v2\/users\/1"}],"replies":[{"embeddable":true,"href":"https:\/\/www.instaluj.cz\/anydesk\/wp-json\/wp\/v2\/comments?post=644"}],"version-history":[{"count":4,"href":"https:\/\/www.instaluj.cz\/anydesk\/wp-json\/wp\/v2\/pages\/644\/revisions"}],"predecessor-version":[{"id":814,"href":"https:\/\/www.instaluj.cz\/anydesk\/wp-json\/wp\/v2\/pages\/644\/revisions\/814"}],"up":[{"embeddable":true,"href":"https:\/\/www.instaluj.cz\/anydesk\/wp-json\/wp\/v2\/pages\/577"}],"wp:attachment":[{"href":"https:\/\/www.instaluj.cz\/anydesk\/wp-json\/wp\/v2\/media?parent=644"}],"curies":[{"name":"wp","href":"https:\/\/api.w.org\/{rel}","templated":true}]}}