{"id":6402,"date":"2023-09-18T11:40:19","date_gmt":"2023-09-18T10:40:19","guid":{"rendered":"https:\/\/www.instaluj.cz\/anydesk\/?page_id=6402"},"modified":"2024-11-21T09:46:30","modified_gmt":"2024-11-21T08:46:30","slug":"trial","status":"publish","type":"page","link":"https:\/\/www.instaluj.cz\/anydesk\/trial\/","title":{"rendered":"Vyzkou\u0161ejte plnou verzi AnyDesk Zdarma"},"content":{"rendered":"\n<h2 class=\"wp-block-heading\">V\u00e1h\u00e1te, zda V\u00e1m bude ve firm\u011b vyhovovat \u0159e\u0161en\u00ed vzd\u00e1len\u00e9ho p\u0159ipojen\u00ed p\u0159es AnyDesk?<\/h2>\n\n\n\n<div style=\"height:60px\" aria-hidden=\"true\" class=\"wp-block-spacer\"><\/div>\n\n\n\n<p>Nev\u00e1hejte n\u00e1m napsat, nech\u00e1me pro V\u00e1s vygenerovat zku\u0161ebn\u00ed 14 denn\u00ed trial verzi programu AnyDesk. Ta je <strong>pouze \u010dasov\u011b omezen\u00e1<\/strong>, ale jinak m\u00e1 <strong>ve\u0161ker\u00e9 mo\u017enosti jako placen\u00e1 licence<\/strong>. M\u016f\u017eete tak vyu\u017e\u00edt a osahat si v\u0161echny mo\u017enosti, kter\u00e9 nab\u00edz\u00ed u\u017eivatelsk\u00fd port\u00e1l My.AnyDesk, stejn\u011b jako v\u0161echny funkce programu.<\/p>\n\n\n\n<div style=\"height:60px\" aria-hidden=\"true\" class=\"wp-block-spacer\"><\/div>\n\n\n\n<blockquote class=\"wp-block-quote is-layout-flow wp-block-quote-is-layout-flow\">\n<p><strong>Pro \u00fasp\u011b\u0161n\u00e9 vygenerov\u00e1n\u00ed zku\u0161ebn\u00ed verze programu vy\u017eaduje v\u00fdrobce stejn\u00e9 \u00fadaje jako pro objedn\u00e1vku (s vyj\u00edmkou platby)<\/strong><br>Pro urychlen\u00ed proto uve\u010fte, pros\u00edm, do pozn\u00e1mky rovnou tyto informace: (licenci lze samoz\u0159ejm\u011b vygenerovat i na fyzickou osobu)<br>I\u010cO:&nbsp;<br>FIRMA:&nbsp;<br>Jm\u00e9no a p\u0159\u00edjmen\u00ed:&nbsp;<br>Ulice:&nbsp;<br>PS\u010c:&nbsp;<br>M\u011bsto:&nbsp;<br>Email:&nbsp;<\/p>\n<\/blockquote>\n\n\n\n<div style=\"height:60px\" aria-hidden=\"true\" class=\"wp-block-spacer\"><\/div>\n\n\n\n<p>Budete-li m\u00edt v pr\u016fb\u011bhu zku\u0161ebn\u00edho obdob\u00ed jak\u00e9koliv dotazy, r\u00e1di V\u00e1m porad\u00edme. <\/p>\n\n\n\n<p>V p\u0159\u00edpad\u011b z\u00e1jmu V\u00e1m r\u00e1di za\u0161leme nez\u00e1vaznou cenovou nab\u00eddku podle po\u010dtu u\u017eivatel\u016f a za\u0159\u00edzen\u00ed, kter\u00e9 byste pot\u0159ebovali.<\/p>\n\n\n\n<div style=\"height:60px\" aria-hidden=\"true\" class=\"wp-block-spacer\"><\/div>\n\n\n\n<div class=\"wp-block-contact-form-7-contact-form-selector\">\n<div class=\"wpcf7 no-js\" id=\"wpcf7-f6401-o1\" lang=\"cs-CZ\" dir=\"ltr\" data-wpcf7-id=\"6401\">\n<div class=\"screen-reader-response\"><p role=\"status\" aria-live=\"polite\" aria-atomic=\"true\"><\/p> <ul><\/ul><\/div>\n<form action=\"\/anydesk\/wp-json\/wp\/v2\/pages\/6402#wpcf7-f6401-o1\" method=\"post\" class=\"wpcf7-form init\" aria-label=\"Kontaktn\u00ed formul\u00e1\u0159\" novalidate=\"novalidate\" data-status=\"init\">\n<fieldset class=\"hidden-fields-container\"><input type=\"hidden\" name=\"_wpcf7\" value=\"6401\" \/><input type=\"hidden\" name=\"_wpcf7_version\" value=\"6.1.2\" \/><input type=\"hidden\" name=\"_wpcf7_locale\" value=\"cs_CZ\" \/><input type=\"hidden\" name=\"_wpcf7_unit_tag\" value=\"wpcf7-f6401-o1\" \/><input type=\"hidden\" name=\"_wpcf7_container_post\" value=\"0\" \/><input type=\"hidden\" name=\"_wpcf7_posted_data_hash\" value=\"\" \/><input type=\"hidden\" name=\"_wpcf7_recaptcha_response\" value=\"\" \/>\n<\/fieldset>\n<p><label> Va\u0161e jm\u00e9no<br \/>\n<span class=\"wpcf7-form-control-wrap\" data-name=\"your-name\"><input size=\"40\" maxlength=\"400\" class=\"wpcf7-form-control wpcf7-text wpcf7-validates-as-required\" autocomplete=\"name\" aria-required=\"true\" aria-invalid=\"false\" value=\"\" type=\"text\" name=\"your-name\" \/><\/span> <\/label>\n<\/p>\n<p><label> Firma<br \/>\n<span class=\"wpcf7-form-control-wrap\" data-name=\"your-company\"><input size=\"40\" maxlength=\"400\" class=\"wpcf7-form-control wpcf7-text\" aria-invalid=\"false\" value=\"\" type=\"text\" name=\"your-company\" \/><\/span> <\/label>\n<\/p>\n<p><label> V\u00e1\u0161 e-mail<br \/>\n<span class=\"wpcf7-form-control-wrap\" data-name=\"your-email\"><input size=\"40\" maxlength=\"400\" class=\"wpcf7-form-control wpcf7-email wpcf7-validates-as-required wpcf7-text wpcf7-validates-as-email\" autocomplete=\"email\" aria-required=\"true\" aria-invalid=\"false\" value=\"\" type=\"email\" name=\"your-email\" \/><\/span> <\/label>\n<\/p>\n<p><label> telefonn\u00ed \u010d\u00edslo (nepovinn\u00e9)<br \/>\n<span class=\"wpcf7-form-control-wrap\" data-name=\"tel-66\"><input size=\"40\" maxlength=\"400\" class=\"wpcf7-form-control wpcf7-tel wpcf7-text wpcf7-validates-as-tel\" aria-invalid=\"false\" value=\"+420\" type=\"tel\" name=\"tel-66\" \/><\/span><\/label>\n<\/p>\n<p><label> O kterou verzi AnyDesk m\u00e1te z\u00e1jem?<br \/>\n<span class=\"wpcf7-form-control-wrap\" data-name=\"licence\"><select class=\"wpcf7-form-control wpcf7-select\" aria-invalid=\"false\" name=\"licence\"><option value=\"\">&#8212;Zvolte pros\u00edm mo\u017enost&#8212;<\/option><option value=\"STANDARD\">STANDARD<\/option><option value=\"ADVANCED\">ADVANCED<\/option><option value=\"ULTIMATE\">ULTIMATE<\/option><\/select><\/span><\/label>\n<\/p>\n<p><label> Napi\u0161te po\u010det u\u017eivatel\u016f, kte\u0159\u00ed se budou p\u0159ipojovat ve stejnou chv\u00edli (soub\u011b\u017en\u00e1 p\u0159ipojen\u00ed)<br \/>\n<span class=\"wpcf7-form-control-wrap\" data-name=\"concurrent-connections\"><input class=\"wpcf7-form-control wpcf7-number wpcf7-validates-as-required wpcf7-validates-as-number\" min=\"1\" aria-required=\"true\" aria-invalid=\"false\" value=\"\" type=\"number\" name=\"concurrent-connections\" \/><\/span><\/label>\n<\/p>\n<p><label> Na kolika za\u0159\u00edzen\u00edch budete AnyDesk pou\u017e\u00edvat (s bezobslu\u017en\u00fdm p\u0159\u00edstupem)<br \/>\n<span class=\"wpcf7-form-control-wrap\" data-name=\"devices\"><input class=\"wpcf7-form-control wpcf7-number wpcf7-validates-as-required wpcf7-validates-as-number\" min=\"1\" aria-required=\"true\" aria-invalid=\"false\" value=\"\" type=\"number\" name=\"devices\" \/><\/span><\/label>\n<\/p>\n<p><label> Va\u0161e zpr\u00e1va (voliteln\u00fd)<br \/>\n<span class=\"wpcf7-form-control-wrap\" data-name=\"your-message\"><textarea cols=\"40\" rows=\"10\" maxlength=\"2000\" class=\"wpcf7-form-control wpcf7-textarea\" aria-invalid=\"false\" name=\"your-message\"><\/textarea><\/span> <\/label>\n<\/p>\n<p><span class=\"wpcf7-form-control-wrap\" data-name=\"newsletter\"><span class=\"wpcf7-form-control wpcf7-acceptance optional\"><span class=\"wpcf7-list-item\"><label><input type=\"checkbox\" name=\"newsletter\" value=\"1\" aria-invalid=\"false\" \/><span class=\"wpcf7-list-item-label\">Souhlas\u00edm se zas\u00edl\u00e1n\u00edm emailov\u00e9ho newsletteru ohledn\u011b AnyDesku (max 1 za m\u011bs\u00edc - nepovinn\u00e9)<\/span><\/label><\/span><\/span><\/span><br \/>\n<span class=\"wpcf7-form-control-wrap\" data-name=\"price\"><span class=\"wpcf7-form-control wpcf7-acceptance optional\"><span class=\"wpcf7-list-item\"><label><input type=\"checkbox\" name=\"price\" value=\"1\" aria-invalid=\"false\" \/><span class=\"wpcf7-list-item-label\">M\u00e1m z\u00e1jem tak\u00e9 o zasl\u00e1n\u00ed nez\u00e1vazn\u00e9 cenov\u00e9 nab\u00eddky na licenci<\/span><\/label><\/span><\/span><\/span>\n<\/p>\n<p><input class=\"wpcf7-form-control wpcf7-submit has-spinner\" type=\"submit\" value=\"Odeslat\" \/>\n<\/p><div class=\"wpcf7-response-output\" aria-hidden=\"true\"><\/div>\n<\/form>\n<\/div>\n<\/div>\n\n\n\n<div style=\"height:100px\" aria-hidden=\"true\" class=\"wp-block-spacer\"><\/div>\n\n\n\n<p>Pokud chcete AnyDesk zdarma pro osobn\u00ed \u00fa\u010dely, <a href=\"https:\/\/www.instaluj.cz\/anydesk\/download\/\" target=\"_blank\" rel=\"noopener\" title=\"AnyDesk Download\">klikn\u011bte zde<\/a>.<br><br>M\u00e1te-li z\u00e1jem o otestov\u00e1n\u00ed licence <a href=\"https:\/\/www.instaluj.cz\/anydesk\/informace-anydesk\/licence-anydesk\/anydesk-solo\/\" title=\"AnyDesk Solo\">AnyDesk SOLO<\/a>, m\u016f\u017eete za\u017e\u00e1dat o vy\u0161\u0161\u00ed verzi zku\u0161ebn\u00ed licence <a href=\"https:\/\/www.instaluj.cz\/anydesk\/informace-anydesk\/licence-anydesk\/anydesk-standard\/\" title=\"AnyDesk Standard\">AnyDesk Standard<\/a>, p\u0159\u00edpadn\u011b vyzkou\u0161ejte verzi <a href=\"https:\/\/www.instaluj.cz\/anydesk\/informace-anydesk\/licence-anydesk\/anydesk-free\/\" title=\"AnyDesk Free\">AnyDesk Free<\/a>. Kter\u00e9 funkce nav\u00edc m\u00e1 verze SOLO oproti verzi Free najdete v <a href=\"https:\/\/www.instaluj.cz\/anydesk\/srovnani-verzi-anydesk-vcetne-free\/\" title=\"Srovn\u00e1n\u00ed verz\u00ed AnyDesk v\u010detn\u011b free\">t\u00e9to tabulce.<\/a><\/p>\n\n\n\n<p>M\u00e1te-li jak\u00e9koliv dotazy nebo chcete-li se ujistit, kterou licenci zvolit, kontaktujte n\u00e1s. N\u011bkter\u00fd z na\u0161\u00edch pracovn\u00edk\u016f se V\u00e1m co nejd\u0159\u00edve ozve a ochotn\u011b s V\u00e1mi probere mo\u017enosti.<\/p>\n","protected":false},"excerpt":{"rendered":"<p>V\u00e1h\u00e1te, zda V\u00e1m bude ve firm\u011b vyhovovat \u0159e\u0161en\u00ed vzd\u00e1len\u00e9ho p\u0159ipojen\u00ed p\u0159es AnyDesk? Nev\u00e1hejte n\u00e1m napsat, nech\u00e1me pro V\u00e1s vygenerovat zku\u0161ebn\u00ed 14 denn\u00ed trial verzi programu AnyDesk. Ta je pouze \u010dasov\u011b omezen\u00e1, ale jinak m\u00e1 ve\u0161ker\u00e9 mo\u017enosti jako placen\u00e1 licence. M\u016f\u017eete tak vyu\u017e\u00edt a osahat si v\u0161echny mo\u017enosti, kter\u00e9 nab\u00edz\u00ed u\u017eivatelsk\u00fd port\u00e1l My.AnyDesk, stejn\u011b jako v\u0161echny [&hellip;]<\/p>\n","protected":false},"author":1,"featured_media":0,"parent":0,"menu_order":0,"comment_status":"closed","ping_status":"closed","template":"","meta":{"om_disable_all_campaigns":false,"_monsterinsights_skip_tracking":false,"_monsterinsights_sitenote_active":false,"_monsterinsights_sitenote_note":"","_monsterinsights_sitenote_category":0,"footnotes":""},"class_list":["post-6402","page","type-page","status-publish","hentry"],"aioseo_notices":[],"_links":{"self":[{"href":"https:\/\/www.instaluj.cz\/anydesk\/wp-json\/wp\/v2\/pages\/6402","targetHints":{"allow":["GET"]}}],"collection":[{"href":"https:\/\/www.instaluj.cz\/anydesk\/wp-json\/wp\/v2\/pages"}],"about":[{"href":"https:\/\/www.instaluj.cz\/anydesk\/wp-json\/wp\/v2\/types\/page"}],"author":[{"embeddable":true,"href":"https:\/\/www.instaluj.cz\/anydesk\/wp-json\/wp\/v2\/users\/1"}],"replies":[{"embeddable":true,"href":"https:\/\/www.instaluj.cz\/anydesk\/wp-json\/wp\/v2\/comments?post=6402"}],"version-history":[{"count":10,"href":"https:\/\/www.instaluj.cz\/anydesk\/wp-json\/wp\/v2\/pages\/6402\/revisions"}],"predecessor-version":[{"id":18885,"href":"https:\/\/www.instaluj.cz\/anydesk\/wp-json\/wp\/v2\/pages\/6402\/revisions\/18885"}],"wp:attachment":[{"href":"https:\/\/www.instaluj.cz\/anydesk\/wp-json\/wp\/v2\/media?parent=6402"}],"curies":[{"name":"wp","href":"https:\/\/api.w.org\/{rel}","templated":true}]}}