{"id":633,"date":"2022-11-14T11:41:01","date_gmt":"2022-11-14T10:41:01","guid":{"rendered":"https:\/\/www.instaluj.cz\/anydesk\/?page_id=633"},"modified":"2024-03-07T13:39:48","modified_gmt":"2024-03-07T12:39:48","slug":"jak-funguje-program-anydesk-a-jake-ma-funkce","status":"publish","type":"page","link":"https:\/\/www.instaluj.cz\/anydesk\/informace-anydesk\/jak-funguje-program-anydesk-a-jake-ma-funkce\/","title":{"rendered":"Jak funguje program AnyDesk a jak\u00e9 m\u00e1 funkce?"},"content":{"rendered":"\n<p>AnyDesk je program slou\u017e\u00edc\u00ed ke <a href=\"https:\/\/www.instaluj.cz\/anydesk\/proc-anydesk\/vzdaleny-pristup\/\" target=\"_blank\" rel=\"noopener\" title=\"Vzd\u00e1len\u00fd p\u0159\u00edstup\">vzd\u00e1len\u00e9mu p\u0159ipojen\u00ed<\/a> mezi <a href=\"https:\/\/www.instaluj.cz\/anydesk\/informace-anydesk\/podporovane-os-anydesk\/\" target=\"_blank\" rel=\"noopener\" title=\"Podporovan\u00e9 OS AnyDesk\">po\u010d\u00edta\u010di, tablety, mobily a dal\u0161\u00edmi za\u0159\u00edzen\u00edmi<\/a>. Jednou z mnoha v\u00fdhod programu<strong> AnyDesk je, \u017ee jej nen\u00ed nutno instalovat<\/strong>. Sta\u010d\u00ed <a href=\"https:\/\/www.instaluj.cz\/anydesk\/download\/\" title=\"\">spustit<\/a> mal\u00fd soubor, kter\u00fd po p\u0159ipojen\u00ed k internetu vygeneruje \u010d\u00edslo pracovi\u0161t\u011b. To sta\u010d\u00ed nahl\u00e1sit protistran\u011b, kter\u00e9 chcete umo\u017enit p\u0159ipojen\u00ed k va\u0161emu po\u010d\u00edta\u010di. Pokud zn\u00e1te ID nebo Alias toho, komu chcete umo\u017enit p\u0159ipojen\u00ed, m\u016f\u017eete jej pozvat k p\u0159ipojen\u00ed.<\/p>\n\n\n\n<p>V programu lze jednodu\u0161e nastavit opr\u00e1vn\u011bn\u00ed, kter\u00e1 chcete ud\u011blit protistran\u011b. M\u016f\u017eete tak omezit p\u0159\u00edstup ke vstupn\u00edm za\u0159\u00edzen\u00edm, soubor\u016fm, k webkame\u0159e, syst\u00e9mov\u00fdm vlastnostem apod. <\/p>\n\n\n\n<p>Aplikace m\u00e1 p\u0159ednastaveno n\u011bkolik profil\u016f pro opr\u00e1vn\u011bn\u00ed p\u0159ipojen\u00ed. M\u016f\u017eete tedy jednodu\u0161e povolit nap\u0159. pouze sd\u00edlen\u00ed obrazovky, kdy protistrana uvid\u00ed co d\u011bl\u00e1te, nebude v\u0161ak m\u00edt mo\u017enost zasahovat. Samoz\u0159ejm\u011b lze tak\u00e9 nastavit pln\u011b bezobslu\u017en\u00fd p\u0159\u00edstup. Tato volba v\u0161ak vy\u017eaduje instalaci programu. <\/p>\n\n\n\n<div class=\"wp-block-columns is-layout-flex wp-container-core-columns-is-layout-9d6595d7 wp-block-columns-is-layout-flex\">\n<div class=\"wp-block-column is-layout-flow wp-block-column-is-layout-flow\">\n<p>Mezi <strong>funkce AnyDesku<\/strong> pat\u0159\u00ed nap\u0159.<\/p>\n\n\n\n<ul class=\"wp-block-list\">\n<li>vzd\u00e1len\u00fd tisk<\/li>\n\n\n\n<li>p\u0159enos soubor\u016f<\/li>\n\n\n\n<li>wake-on-line<\/li>\n\n\n\n<li>AnyDeskVPN<\/li>\n\n\n\n<li>tabule pro hromadnou spolupr\u00e1ci<\/li>\n\n\n\n<li>textov\u00fd chat<\/li>\n\n\n\n<li>adres\u00e1\u0159 kontakt\u016f<\/li>\n\n\n\n<li>TCP Tunneling<\/li>\n\n\n\n<li>mo\u017enost nastaven\u00ed opr\u00e1vn\u011bn\u00ed jednotliv\u00fdm u\u017eivatel\u016fm<\/li>\n\n\n\n<li>mo\u017enost hromadn\u00e9ho nasazen\u00ed p\u0159es z\u00e1sady skupiny<\/li>\n\n\n\n<li>dal\u0161\u00ed&#8230;<\/li>\n<\/ul>\n<\/div>\n\n\n\n<div class=\"wp-block-column is-layout-flow wp-block-column-is-layout-flow\">\n<figure class=\"wp-block-image size-large\"><img loading=\"lazy\" decoding=\"async\" width=\"1024\" height=\"534\" src=\"https:\/\/www.instaluj.cz\/anydesk\/wp-content\/uploads\/2022\/11\/fadeoutright-woman-watching-tablet-in-office-29f040-1024x534.jpg\" alt=\"\" class=\"wp-image-596\" srcset=\"https:\/\/www.instaluj.cz\/anydesk\/wp-content\/uploads\/2022\/11\/fadeoutright-woman-watching-tablet-in-office-29f040-1024x534.jpg 1024w, https:\/\/www.instaluj.cz\/anydesk\/wp-content\/uploads\/2022\/11\/fadeoutright-woman-watching-tablet-in-office-29f040-300x156.jpg 300w, https:\/\/www.instaluj.cz\/anydesk\/wp-content\/uploads\/2022\/11\/fadeoutright-woman-watching-tablet-in-office-29f040-768x400.jpg 768w, https:\/\/www.instaluj.cz\/anydesk\/wp-content\/uploads\/2022\/11\/fadeoutright-woman-watching-tablet-in-office-29f040-1536x800.jpg 1536w, https:\/\/www.instaluj.cz\/anydesk\/wp-content\/uploads\/2022\/11\/fadeoutright-woman-watching-tablet-in-office-29f040.jpg 2000w\" sizes=\"auto, (max-width: 1024px) 100vw, 1024px\" \/><\/figure>\n<\/div>\n<\/div>\n\n\n\n<p>Porovn\u00e1n\u00ed funkc\u00ed v\u0161ech verz\u00ed programu AnyDesk v\u010detn\u011b cen naleznete na <a href=\"https:\/\/www.instaluj.cz\/anydesk\/ceny\/\" target=\"_blank\" rel=\"noopener\" title=\"Ceny\">t\u00e9to str\u00e1nce.<\/a><\/p>\n\n\n\n<p>Po <a href=\"https:\/\/www.instaluj.cz\/anydesk\/prubeh-vyrizeni-objednavky\/\" target=\"_blank\" rel=\"noopener\" title=\"Pr\u016fb\u011bh vy\u0159\u00edzen\u00ed objedn\u00e1vky\">zakoupen\u00ed licence<\/a> V\u00e1m bude zp\u0159\u00edstupn\u011bna u\u017eivatelsk\u00e1 sekce na webu v\u00fdrobce <a href=\"http:\/\/my.anydesk.com\" target=\"_blank\" rel=\"noopener\" title=\"\">my.anydesk.com<\/a>, kde budete moci nap\u0159.<\/p>\n\n\n\n<ul class=\"wp-block-list\">\n<li>generovat vlastn\u00ed instala\u010dn\u00ed bal\u00ed\u010dky<\/li>\n\n\n\n<li>vytvo\u0159it upraven\u00fd instala\u010dn\u00ed bal\u00ed\u010dek (dostupn\u00e9 dle zakoupen\u00e9 licence)<\/li>\n\n\n\n<li>spravovat adres\u00e1\u0159e kontakt\u016f<\/li>\n\n\n\n<li>sledovat historii p\u0159ipojen\u00fdch relac\u00ed (podle zakoupen\u00e9 verze)<\/li>\n\n\n\n<li>spravovat u\u017eivatele a jej\u00edch opr\u00e1vn\u011bn\u00ed (ji\u017e brzy v my.anydeskII)<\/li>\n<\/ul>\n\n\n\n<p>Dal\u0161\u00ed z v\u00fdhod <strong>AnyDesk<\/strong> je, \u017ee nen\u00ed nutno jej provozovat pouze jako <a href=\"https:\/\/www.instaluj.cz\/anydesk\/informace-anydesk\/licence-anydesk\/anydesk-ultimate\/\" target=\"_blank\" rel=\"noopener\" title=\"AnyDesk Enterprise\">Cloudov\u00e9 \u0159e\u0161en\u00ed<\/a>, ale tak\u00e9 je mo\u017eno provozovat jej na <a href=\"https:\/\/www.instaluj.cz\/anydesk\/proc-anydesk\/on-premises-nebo-cloud-ultimate\/\" target=\"_blank\" rel=\"noopener\" title=\"Cloud nebo On-Premises\">vlastn\u00ed infrastruktu\u0159e<\/a>. Jak funguje AnyDesk Ultimate On-Premises se m\u016f\u017eete <a href=\"https:\/\/www.instaluj.cz\/anydesk\/informace-anydesk\/licence-anydesk\/anydesk-ultimate\/\" title=\"AnyDesk Ultimate\">do\u010d\u00edst zde<\/a><\/p>\n","protected":false},"excerpt":{"rendered":"<p>AnyDesk je program slou\u017e\u00edc\u00ed ke vzd\u00e1len\u00e9mu p\u0159ipojen\u00ed mezi po\u010d\u00edta\u010di, tablety, mobily a dal\u0161\u00edmi za\u0159\u00edzen\u00edmi. Jednou z mnoha v\u00fdhod programu AnyDesk je, \u017ee jej nen\u00ed nutno instalovat. Sta\u010d\u00ed spustit mal\u00fd soubor, kter\u00fd po p\u0159ipojen\u00ed k internetu vygeneruje \u010d\u00edslo pracovi\u0161t\u011b. To sta\u010d\u00ed nahl\u00e1sit protistran\u011b, kter\u00e9 chcete umo\u017enit p\u0159ipojen\u00ed k va\u0161emu po\u010d\u00edta\u010di. Pokud zn\u00e1te ID nebo Alias toho, [&hellip;]<\/p>\n","protected":false},"author":1,"featured_media":0,"parent":577,"menu_order":0,"comment_status":"closed","ping_status":"closed","template":"template\/fullwidth.php","meta":{"om_disable_all_campaigns":false,"_monsterinsights_skip_tracking":false,"_monsterinsights_sitenote_active":false,"_monsterinsights_sitenote_note":"","_monsterinsights_sitenote_category":0,"footnotes":""},"class_list":["post-633","page","type-page","status-publish","hentry"],"aioseo_notices":[],"_links":{"self":[{"href":"https:\/\/www.instaluj.cz\/anydesk\/wp-json\/wp\/v2\/pages\/633","targetHints":{"allow":["GET"]}}],"collection":[{"href":"https:\/\/www.instaluj.cz\/anydesk\/wp-json\/wp\/v2\/pages"}],"about":[{"href":"https:\/\/www.instaluj.cz\/anydesk\/wp-json\/wp\/v2\/types\/page"}],"author":[{"embeddable":true,"href":"https:\/\/www.instaluj.cz\/anydesk\/wp-json\/wp\/v2\/users\/1"}],"replies":[{"embeddable":true,"href":"https:\/\/www.instaluj.cz\/anydesk\/wp-json\/wp\/v2\/comments?post=633"}],"version-history":[{"count":10,"href":"https:\/\/www.instaluj.cz\/anydesk\/wp-json\/wp\/v2\/pages\/633\/revisions"}],"predecessor-version":[{"id":6572,"href":"https:\/\/www.instaluj.cz\/anydesk\/wp-json\/wp\/v2\/pages\/633\/revisions\/6572"}],"up":[{"embeddable":true,"href":"https:\/\/www.instaluj.cz\/anydesk\/wp-json\/wp\/v2\/pages\/577"}],"wp:attachment":[{"href":"https:\/\/www.instaluj.cz\/anydesk\/wp-json\/wp\/v2\/media?parent=633"}],"curies":[{"name":"wp","href":"https:\/\/api.w.org\/{rel}","templated":true}]}}