{"id":630,"date":"2022-11-14T11:35:29","date_gmt":"2022-11-14T10:35:29","guid":{"rendered":"https:\/\/www.instaluj.cz\/anydesk\/?page_id=630"},"modified":"2024-11-29T22:33:37","modified_gmt":"2024-11-29T21:33:37","slug":"verze-anydesk-a-kterou-zvolit","status":"publish","type":"page","link":"https:\/\/www.instaluj.cz\/anydesk\/informace-anydesk\/verze-anydesk-a-kterou-zvolit\/","title":{"rendered":"Verze AnyDesk a kterou zvolit?"},"content":{"rendered":"\n<p><strong>AnyDesk<\/strong> m\u00e1 spoustu funkc\u00ed a je nab\u00edzen v n\u00e1sleduj\u00edc\u00edch verz\u00edch.<\/p>\n\n\n\n<ul class=\"wp-block-list\">\n<li><strong><a href=\"https:\/\/www.instaluj.cz\/anydesk\/informace-anydesk\/licence-anydesk\/anydesk-free\/\" title=\"AnyDesk Free\">AnyDesk Free<\/a><\/strong> &#8211; <strong>pro osobn\u00ed nekomer\u010dn\u00ed pou\u017eit\u00ed<\/strong>. Maxim\u00e1ln\u011b <strong>3 za\u0159\u00edzen\u00ed s bezobslu\u017en\u00fdm p\u0159\u00edstupem<\/strong> a mo\u017enost p\u0159ipojovat se z <strong>jednoho za\u0159\u00edzen\u00ed<\/strong>. Oproti placen\u00fdm verz\u00edm <strong>omezen\u00ed n\u011bkter\u00fdch funkc\u00ed<\/strong><\/li>\n\n\n\n<li><strong><a href=\"https:\/\/www.instaluj.cz\/anydesk\/informace-anydesk\/licence-anydesk\/anydesk-solo\/\" title=\"AnyDesk Solo\">AnyDesk Solo<\/a><\/strong> &#8211; kter\u00e1 je <strong>vhodn\u00e1 pro \u017eivnostn\u00edky<\/strong> <strong>a spole\u010dnosti<\/strong>, kter\u00e9 pot\u0159ebuji pouze licenci <strong>pro jednoho u\u017eivatele<\/strong><\/li>\n\n\n\n<li><strong><a href=\"https:\/\/www.instaluj.cz\/anydesk\/informace-anydesk\/licence-anydesk\/anydesk-standard\/\" title=\"AnyDesk Standard\">AnyDesk Standard<\/a><\/strong> &#8211; kter\u00e1 je vhodn\u00e1 pro t\u00fdmy velikosti <strong>a\u017e 20 u\u017eivatel\u016f<\/strong>, podporuje <strong>a\u017e 500 za\u0159\u00edzen\u00ed<\/strong> s bezobslu\u017en\u00fdm p\u0159\u00edstupem <\/li>\n\n\n\n<li><strong><a href=\"https:\/\/www.instaluj.cz\/anydesk\/informace-anydesk\/licence-anydesk\/anydesk-advanced\/\" title=\"AnyDesk Advanced\">AnyDesk Advanced<\/a><\/strong> &#8211; vhodn\u00fd pro t\u00fdmy a\u017e do <strong>50 u\u017eivatel\u016f<\/strong> s p\u0159\u00edstupem a\u017e k <strong>1000 za\u0159\u00edzen\u00edm<\/strong> s bezobslu\u017en\u00fdm p\u0159\u00edstupem, nav\u00edc mo\u017enosti hromadn\u00e9ho nasazen\u00ed, spr\u00e1vou u\u017eivatel\u016f, spr\u00e1vou z\u00e1sad skupiny&#8230;<\/li>\n\n\n\n<li><strong><a href=\"https:\/\/www.instaluj.cz\/anydesk\/informace-anydesk\/licence-anydesk\/anydesk-enterprise\/\" title=\"AnyDesk Enterprise\">AnyDesk Ultimate<\/a><\/strong> &#8211; vhodn\u00fd <strong>pro nejn\u00e1ro\u010dn\u011bj\u0161\u00ed z\u00e1kazn\u00edky<\/strong>, kte\u0159\u00ed maj\u00ed vysok\u00e9 n\u00e1roky na bezpe\u010dnost, ochranu dat, maj\u00ed velk\u00e9 mno\u017estv\u00ed za\u0159\u00edzen\u00ed a p\u0159\u00edpadn\u011b pot\u0159ebuji provozovat aplikace na vlastn\u00ed infrastruktu\u0159e.<\/li>\n<\/ul>\n\n\n\n<p>Srovn\u00e1n\u00ed funkc\u00ed a ceny jednotliv\u00fdch verz\u00ed najdete na <a href=\"https:\/\/www.instaluj.cz\/anydesk\/ceny\/\" target=\"_blank\" rel=\"noreferrer noopener\">na t\u00e9to adrese<\/a><\/p>\n\n\n\n<p>V roce 2022 do\u0161lo nov\u011b ke zm\u011bn\u00e1m licencov\u00e1n\u00ed programu AnyDesk. St\u00e1le je nab\u00edzen\u00e1 verze <strong>zdarma <a href=\"https:\/\/www.instaluj.cz\/anydesk\/informace-anydesk\/licence-anydesk\/anydesk-free\/\" title=\"AnyDesk Free\">AnyDesk Free<\/a><\/strong>, kter\u00e1 je k dispozici pro osobn\u00ed \u00fa\u010dely.<\/p>\n\n\n\n<p>U placen\u00fdch licenc\u00ed do\u0161lo k p\u0159ejmenov\u00e1n\u00ed a rozd\u011blen\u00ed tak, aby z\u00e1kazn\u00edk z\u00edskal <strong>v\u017edy za nejlep\u0161\u00ed cenu<\/strong> \u0159e\u0161en\u00ed, kter\u00e9 vyhovuje p\u0159esn\u011b jeho pot\u0159eb\u00e1m.<\/p>\n\n\n\n<p>Pokud tedy zn\u00e1te AnyDesk pod star\u00fdmi n\u00e1zvy, nov\u011b jsou nahrazeny n\u00e1sleduj\u00edc\u00edmi verzemi:<\/p>\n\n\n\n<ul class=\"wp-block-list\">\n<li><strong>AnyDesk Essentials<\/strong> je <strong><a href=\"https:\/\/www.instaluj.cz\/anydesk\/informace-anydesk\/licence-anydesk\/anydesk-solo\/\" title=\"AnyDesk Solo\">AnyDesk Solo<\/a><\/strong><\/li>\n\n\n\n<li>Pokud jste pou\u017e\u00edvali <strong>AnyDesk Performance<\/strong>, bude pro v\u00e1s vhodn\u00fd <strong><a href=\"https:\/\/www.instaluj.cz\/anydesk\/informace-anydesk\/licence-anydesk\/anydesk-standard\/\" title=\"AnyDesk Standard\">AnyDesk Standard<\/a><\/strong>, p\u0159\u00edpadn\u011b <strong><a href=\"https:\/\/www.instaluj.cz\/anydesk\/informace-anydesk\/licence-anydesk\/anydesk-advanced\/\" title=\"AnyDesk Advanced\">AnyDesk Advanced<\/a><\/strong><\/li>\n\n\n\n<li>Pro nejn\u00e1ro\u010dn\u011bj\u0161\u00ed z\u00e1kazn\u00edky je k dispozici <a href=\"https:\/\/www.instaluj.cz\/anydesk\/informace-anydesk\/licence-anydesk\/anydesk-ultimate\/\" title=\"AnyDesk Ultimate\">AnyDesk Ultimate<\/a>, kter\u00fd nahradil star\u0161\u00ed verzi AnyDesk Enterprise. Tuto verzi lze zakoupit bu\u010fto jako <strong>Cloudovou slu\u017ebu<\/strong>, p\u0159\u00edpadn\u011b jako <strong>On-Premises<\/strong> \u0159e\u0161en\u00ed, kter\u00e9 m\u016f\u017eete provozovat <strong>na vlastn\u00ed IT infrastruktu\u0159e<\/strong>.<\/li>\n<\/ul>\n\n\n\n<p>Vygenerujte vlastn\u00ed instala\u010dn\u00ed bal\u00ed\u010dek, kter\u00fd bude m\u00edt va\u0161e firemn\u00ed logo, firemn\u00ed barvy, upravte si opr\u00e1vn\u011bn\u00ed pro funkce, kter\u00e9 chcete pou\u017e\u00edvat. Tyto a spoustu dal\u0161\u00edch mo\u017enost\u00ed m\u00e1te mo\u017enost ovlivnit a vyrobit si jednodu\u0161e vlastn\u00ed instala\u010dn\u00ed bal\u00ed\u010dek programu <strong>AnyDesk<\/strong>. I d\u00edky tomu bude spl\u0148ovat po\u017eadavky i t\u011bch nejn\u00e1ro\u010dn\u011bj\u0161\u00edch instituc\u00ed.<\/p>\n\n\n\n<p>Vzhledem k mno\u017estv\u00ed nab\u00edzen\u00fdch variant licenc\u00ed najde <strong>AnyDesk<\/strong> uplatn\u011bn\u00ed \u00fapln\u011b v\u0161ude.<\/p>\n\n\n\n<p>Poj\u010fme se pod\u00edvat bl\u00ed\u017ee, v \u010dem v\u00e1m m\u016f\u017ee b\u00fdt <strong>AnyDesk<\/strong> pomocn\u00edkem v jak\u00e9m odv\u011btv\u00ed.<\/p>\n\n\n\n<h3 class=\"wp-block-heading\">Osobn\u00ed\/Soukrom\u00ed U\u017eivatel\u00e9 &#8211; <a href=\"https:\/\/www.instaluj.cz\/anydesk\/informace-anydesk\/licence-anydesk\/anydesk-free\/\" title=\"AnyDesk Free\">AnyDesk Zdarma<\/a><\/h3>\n\n\n\n<p>Jeliko\u017e lze pro osobn\u00ed \u00fa\u010dely vyu\u017e\u00edvat program AnyDesk zdarma, m\u016f\u017eete jej tedy pou\u017eit jednak kdy\u017e pot\u0159ebujete pomoct &#8211; aby se k v\u00e1m p\u0159ipojil kamar\u00e1d, n\u011bkdo z rodiny, p\u0159\u00edpadn\u011b odborn\u00edk technick\u00e9 podpory\/servisu. D\u00e1le jej lze pou\u017e\u00edt nap\u0159\u00edklad pro spr\u00e1vu vlastn\u00edch za\u0159\u00edzen\u00ed nebo vzd\u00e1len\u00fd p\u0159\u00edstup k n\u00edm. Pokud AnyDesk pou\u017e\u00edv\u00e1te ke komer\u010dn\u00edm \u00fa\u010del\u016fm, budete pot\u0159ebovat zakoupit n\u011bkterou z placen\u00fdch verz\u00ed.<\/p>\n\n\n\n<h3 class=\"wp-block-heading\">N\u00e1ro\u010dn\u00ed Osobn\u00ed u\u017eivatel\u00e9, Podnikatel\u00e9 a Mal\u00e9 Firmy &#8211; <a href=\"https:\/\/www.instaluj.cz\/anydesk\/informace-anydesk\/licence-anydesk\/anydesk-solo\/\" title=\"AnyDesk Solo\">AnyDesk Solo<\/a>, <a href=\"https:\/\/www.instaluj.cz\/anydesk\/informace-anydesk\/licence-anydesk\/anydesk-standard\/\" title=\"AnyDesk Standard\">AnyDesk Standard<\/a>, <a href=\"https:\/\/www.instaluj.cz\/anydesk\/informace-anydesk\/licence-anydesk\/anydesk-advanced\/\" title=\"AnyDesk Advanced\">AnyDesk Advanced<\/a><\/h3>\n\n\n\n<p>A\u0165 jste n\u00e1ro\u010dn\u00fd u\u017eivatel, kter\u00fd se pot\u0159ebuje p\u0159ipojovat bezobslu\u017en\u011b k v\u011bt\u0161\u00edmu po\u010dtu za\u0159\u00edzen\u00ed, p\u0159\u00edpadn\u011b pou\u017e\u00edv\u00e1te <strong>AnyDesk<\/strong> ke komer\u010dn\u00edm \u00fa\u010del\u016fm, m\u016f\u017eete pou\u017e\u00edvat <a href=\"https:\/\/www.instaluj.cz\/anydesk\/informace-anydesk\/licence-anydesk\/anydesk-solo\/\" title=\"AnyDesk Solo\">AnyDesk Solo<\/a>. Za nejni\u017e\u0161\u00ed cenu z\u00edsk\u00e1te mo\u017enost spravovat a\u017e 100 za\u0159\u00edzen\u00ed bezobslu\u017en\u011b. <a href=\"https:\/\/www.instaluj.cz\/anydesk\/informace-anydesk\/licence-anydesk\/anydesk-solo\/\" title=\"AnyDesk Solo\">AnyDesk Solo<\/a> je mo\u017eno zakoupit i na firmu, av\u0161ak v po\u010dtu pouze <strong>jedn\u00e9 licence na I\u010cO<\/strong> (tedy pro jednoho u\u017eivatele). <strong>Nelze<\/strong> <strong>dokoupit dal\u0161\u00ed soub\u011b\u017en\u00e9 p\u0159ipojen\u00ed<\/strong>. Pokud tedy bude s programem pracovat v\u00edce lid\u00ed, je vhodn\u00e1 n\u011bkter\u00e1 z dal\u0161\u00edch licenc\u00ed (<a href=\"https:\/\/www.instaluj.cz\/anydesk\/informace-anydesk\/licence-anydesk\/anydesk-standard\/\" title=\"AnyDesk Standard\">AnyDesk Standard<\/a>, <a href=\"https:\/\/www.instaluj.cz\/anydesk\/informace-anydesk\/licence-anydesk\/anydesk-advanced\/\" title=\"AnyDesk Advanced\">AnyDesk Advanced<\/a> nebo <a href=\"https:\/\/www.instaluj.cz\/anydesk\/informace-anydesk\/licence-anydesk\/anydesk-enterprise\/\" title=\"AnyDesk Enterprise\">AnyDesk Ultimate<\/a>. Pokud si nev\u00edte rady, kterou z licenc\u00ed zvolit, nev\u00e1hejte n\u00e1s <a href=\"https:\/\/www.instaluj.cz\/anydesk\/kontakt\/\" target=\"_blank\" rel=\"noopener\" title=\"Kontaktn\u00ed \u00fadaje\">kontaktovat<\/a>. Spolu vybereme nejvhodn\u011bj\u0161\u00ed \u0159e\u0161en\u00ed.<\/p>\n\n\n\n<h3 class=\"wp-block-heading\">T\u00fdmy, St\u0159edn\u00ed a Velk\u00e9 Firmy &#8211; <a href=\"https:\/\/www.instaluj.cz\/anydesk\/informace-anydesk\/licence-anydesk\/anydesk-standard\/\" title=\"AnyDesk Standard\">AnyDesk Standard<\/a>, <a href=\"https:\/\/www.instaluj.cz\/anydesk\/informace-anydesk\/licence-anydesk\/anydesk-advanced\/\" title=\"AnyDesk Advanced\">AnyDesk Advanced<\/a>, <a href=\"https:\/\/www.instaluj.cz\/anydesk\/informace-anydesk\/licence-anydesk\/anydesk-enterprise\/\" title=\"AnyDesk Enterprise\">AnyDesk Ultimate<\/a><\/h3>\n\n\n\n<p><strong>AnyDesk<\/strong> ve verz\u00edch <a href=\"https:\/\/www.instaluj.cz\/anydesk\/informace-anydesk\/licence-anydesk\/anydesk-standard\/\" title=\"AnyDesk Standard\">Standard<\/a>, <a href=\"https:\/\/www.instaluj.cz\/anydesk\/informace-anydesk\/licence-anydesk\/anydesk-advanced\/\" title=\"AnyDesk Advanced\">Advanced<\/a> a <a href=\"https:\/\/www.instaluj.cz\/anydesk\/informace-anydesk\/licence-anydesk\/anydesk-ultimate\/\" title=\"AnyDesk Enterprise\">Ultimate<\/a> m\u00e1 implementov\u00e1ny funkce pro pr\u00e1ci v t\u00fdmech a mo\u017enost hromadn\u00e9 spr\u00e1vy aplikace. M\u016f\u017eete tedy jednodu\u0161e nastavovat opr\u00e1vn\u011bn\u00ed u\u017eivatel\u016fm. Verze <a href=\"https:\/\/www.instaluj.cz\/anydesk\/informace-anydesk\/licence-anydesk\/anydesk-advanced\/\" title=\"AnyDesk Advanced\">Advanced<\/a> a<a href=\"https:\/\/www.instaluj.cz\/anydesk\/informace-anydesk\/licence-anydesk\/anydesk-ultimate\/\" title=\"AnyDesk Enterprise\"> Ultimate<\/a> d\u00e1le podporuj\u00ed mo\u017enost hromadn\u00e9ho nasazen\u00ed (MSI), spr\u00e1vu z\u00e1sad skupiny, rozhran\u00ed p\u0159es p\u0159\u00edkazov\u00fd \u0159\u00e1dek apod&#8230; Pokud pracujete s citliv\u00fdmi daty a pot\u0159ebujete m\u00edt nad v\u0161\u00edm plnou kontrolu, zvolte <strong><a href=\"https:\/\/www.instaluj.cz\/anydesk\/informace-anydesk\/licence-anydesk\/anydesk-enterprise\/\" title=\"AnyDesk Enterprise\">AnyDesk Ultimate<\/a> On-Premises<\/strong>. kter\u00fd pob\u011b\u017e\u00ed na va\u0161em serveru a budete tak m\u00edt naprostou jistotu a plnou kontrolu nad programem. Instala\u010dn\u00ed bal\u00ed\u010dek si nav\u00edc m\u016f\u017eete upravit do sv\u00fdch barev, opat\u0159it va\u0161\u00edm logem, upravit p\u0159\u00edstup k funkc\u00edm, nastavit automatick\u00e9 p\u0159idan\u00ed jednotliv\u00fdch po\u010d\u00edta\u010d\u016f do p\u0159ednastaven\u00fdch adres\u00e1\u0159\u016f kontakt\u016f apod&#8230;<\/p>\n\n\n\n<h3 class=\"wp-block-heading\">\u0160koly a Vzd\u011bl\u00e1vac\u00ed Instituce &#8211; <a href=\"https:\/\/www.instaluj.cz\/anydesk\/informace-anydesk\/licence-anydesk\/anydesk-standard\/\" title=\"AnyDesk Standard\">AnyDesk Standard<\/a>, <a href=\"https:\/\/www.instaluj.cz\/anydesk\/informace-anydesk\/licence-anydesk\/anydesk-advanced\/\" title=\"AnyDesk Advanced\">AnyDesk Advanced<\/a>, <a href=\"https:\/\/www.instaluj.cz\/anydesk\/informace-anydesk\/licence-anydesk\/anydesk-enterprise\/\" title=\"AnyDesk Enterprise\">AnyDesk Ultimate<\/a><\/h3>\n\n\n\n<p><strong>AnyDesk<\/strong> nab\u00edz\u00ed maxim\u00e1ln\u00ed flexibilitu a p\u0159izp\u016fsob\u00ed se po\u017eadavk\u016fm pro vzd\u011bl\u00e1vac\u00ed instituce a \u0161koly. A\u0165 chcete m\u00edt data pln\u011b pod vlastn\u00ed kontrolou s verz\u00ed <a href=\"https:\/\/www.instaluj.cz\/anydesk\/informace-anydesk\/licence-anydesk\/anydesk-enterprise\/\" title=\"AnyDesk Enterprise\">AnyDesk Ultimate<\/a> <a href=\"https:\/\/www.instaluj.cz\/anydesk\/proc-anydesk\/on-premises-nebo-cloud-ultimate\/\" title=\"Cloud nebo On-Premises\">On-Premises<\/a> nebo chcete m\u00edt v\u0161e bez starosti se zabezpe\u010den\u00fdm \u0161ifrovan\u00fdm Cloudov\u00fdm \u0159e\u0161en\u00edm. Spravujte v\u0161echna za\u0159\u00edzen\u00ed z jednoho m\u00edsta. Sledujte studenty, jak se j\u00edm vede se zadan\u00fdm \u00fakolem nebo j\u00edm n\u00e1zorn\u011b p\u0159edve\u010fte u\u010divo, zat\u00edm co v\u00e1s budou sledovat na sv\u00fdch monitorech. D\u00edky funkci tabule, lze n\u00e1zorn\u011b vysv\u011btlit a popsat, co je k vid\u011bn\u00ed, p\u0159\u00edpadn\u011b lze jednodu\u0161e pou\u017e\u00edt pro hromadnou spolupr\u00e1ci. <strong>AnyDesk<\/strong> spln\u00ed v\u0161echny va\u0161e pot\u0159eby d\u00edky sv\u00e9 vysok\u00e9 dostupnosti, rychlosti a p\u0159\u00edzniv\u00fdm cen\u00e1m pro t\u00fdmy v\u0161ech velikosti.<\/p>\n\n\n\n<h3 class=\"wp-block-heading\">Korpor\u00e1tn\u00ed Spole\u010dnosti &#8211; <a href=\"https:\/\/www.instaluj.cz\/anydesk\/informace-anydesk\/licence-anydesk\/anydesk-standard\/\" title=\"AnyDesk Standard\">AnyDesk Standard<\/a>, <a href=\"https:\/\/www.instaluj.cz\/anydesk\/informace-anydesk\/licence-anydesk\/anydesk-advanced\/\" title=\"AnyDesk Advanced\">AnyDesk Advanced<\/a>, <a href=\"https:\/\/www.instaluj.cz\/anydesk\/informace-anydesk\/licence-anydesk\/anydesk-enterprise\/\" title=\"AnyDesk Enterprise\">AnyDesk Ultimate<\/a><\/h3>\n\n\n\n<p>Nasa\u010fte a spravujte aplikaci jednodu\u0161e na sv\u00fdch po\u010d\u00edta\u010d\u00edch d\u00edky skupinov\u00fdm z\u00e1sad\u00e1m. M\u00e1te mo\u017enost nastavit jednotliv\u00fdm u\u017eivatel\u016fm opr\u00e1vn\u011bn\u00ed a p\u0159\u00edstupy. Nav\u00edc m\u016f\u017eete nastavit instala\u010dn\u00ed bal\u00ed\u010dky pro r\u016fzn\u00e9 pou\u017eit\u00ed a opat\u0159it jej vlastn\u00edm logem.<strong> AnyDesk <\/strong>m\u016f\u017ee b\u00fdt v\u00fdborn\u00fdm pomocn\u00edkem zam\u011bstnanc\u016fm, kte\u0159\u00ed m\u016f\u017eou spolupracovat nap\u0159\u00ed\u010d pobo\u010dkami po cel\u00e9m sv\u011bt\u011b nebo se mohou zabezpe\u010den\u011b dostat ke sv\u00fdm datum v kancel\u00e1\u0159i a\u0165 jsou na slu\u017eebn\u00ed cest\u011b nebo pracuj\u00ed z domu. S programem <strong>AnyDesk<\/strong> tak\u00e9 u\u0161et\u0159\u00ed va\u0161e IT odd\u011blen\u00ed spoustu \u010dasu d\u00edky mo\u017enosti se vzd\u00e1len\u011b p\u0159ipojit a \u0159e\u0161it tak incidenty na po\u010d\u00edta\u010d\u00edch zam\u011bstnanc\u016f nebo va\u0161ich klient\u016f.<\/p>\n\n\n\n<h3 class=\"wp-block-heading\">St\u00e1tn\u00ed Spr\u00e1va &#8211; <a href=\"https:\/\/www.instaluj.cz\/anydesk\/informace-anydesk\/licence-anydesk\/anydesk-ultimate\/\" title=\"AnyDesk Enterprise\">AnyDesk Ultimate On Premises<\/a><\/h3>\n\n\n\n<p><strong>AnyDesk<\/strong> spl\u0148uje nejp\u0159\u00edsn\u011bj\u0161\u00ed bezpe\u010dnostn\u00ed standardy. D\u00edky protokolu TLS 1.2 nebo \u0161ifrov\u00e1n\u00ed RSA 2048 s asymetrickou v\u00fdm\u011bnou kl\u00ed\u010d\u016f budete m\u00edt jistotu, \u017ee nedojde k \u017e\u00e1dn\u00fdm neautorizovan\u00fdm p\u0159\u00edstup\u016fm. Nav\u00edc d\u00edky 256-bitov\u00e9mu AES \u0161ifrov\u00e1n\u00ed p\u0159enosu dat, dvou faktorov\u00e9 autentizaci a dal\u0161\u00edm funkc\u00edm budete m\u00edt jistotu, \u017ee nedojde k odcizen\u00ed identity nebo ukraden\u00ed p\u0159en\u00e1\u0161en\u00fdch dat. <strong>AnyDesk<\/strong> m\u016f\u017eete provozovat na vlastn\u00edch serverech a m\u00edt tak plnou kontrolu nad t\u00edm, kdo a odkud m\u016f\u017ee <strong>AnyDesk<\/strong> pou\u017e\u00edvat.<\/p>\n\n\n\n<h3 class=\"wp-block-heading\">Medi\u00e1ln\u00ed Tv\u016frci &#8211; <a href=\"https:\/\/www.instaluj.cz\/anydesk\/informace-anydesk\/licence-anydesk\/anydesk-standard\/\" title=\"AnyDesk Standard\">AnyDesk Standard<\/a>, <a href=\"https:\/\/www.instaluj.cz\/anydesk\/informace-anydesk\/licence-anydesk\/anydesk-advanced\/\" title=\"AnyDesk Advanced\">AnyDesk Advanced<\/a>, <a href=\"https:\/\/www.instaluj.cz\/anydesk\/informace-anydesk\/licence-anydesk\/anydesk-enterprise\/\" title=\"AnyDesk Enterprise\">AnyDesk Ultimate<\/a><\/h3>\n\n\n\n<p>S <strong>AnyDeskem<\/strong> m\u016f\u017eete b\u00fdt p\u0159ipojen\u00ed ke vzd\u00e1len\u00e9 plo\u0161e va\u0161\u00ed v\u00fdkonn\u00e9 stanice ve studiu. P\u0159\u00edstupujte ke sv\u00fdm datum nebo jen z\u00e1lohujte sv\u016fj po\u0159\u00edzen\u00fd materi\u00e1l, zat\u00edmco jste v ter\u00e9nu. Stejn\u011b snadno m\u016f\u017eete spolupracovat vzd\u00e1len\u011b s kolegy z post-produkce. Prov\u00e1d\u011bjte plynule v\u0161echny \u00fakoly od produkce videa, zvuku nebo r\u00e1dia a\u017e po streamov\u00e1n\u00ed ve vysok\u00e9m rozli\u0161en\u00ed 4k a renderov\u00e1n\u00ed grafiky.<\/p>\n","protected":false},"excerpt":{"rendered":"<p>AnyDesk m\u00e1 spoustu funkc\u00ed a je nab\u00edzen v n\u00e1sleduj\u00edc\u00edch verz\u00edch. Srovn\u00e1n\u00ed funkc\u00ed a ceny jednotliv\u00fdch verz\u00ed najdete na na t\u00e9to adrese V roce 2022 do\u0161lo nov\u011b ke zm\u011bn\u00e1m licencov\u00e1n\u00ed programu AnyDesk. St\u00e1le je nab\u00edzen\u00e1 verze zdarma AnyDesk Free, kter\u00e1 je k dispozici pro osobn\u00ed \u00fa\u010dely. U placen\u00fdch licenc\u00ed do\u0161lo k p\u0159ejmenov\u00e1n\u00ed a rozd\u011blen\u00ed tak, aby [&hellip;]<\/p>\n","protected":false},"author":1,"featured_media":0,"parent":577,"menu_order":0,"comment_status":"closed","ping_status":"closed","template":"template\/fullwidth.php","meta":{"om_disable_all_campaigns":false,"_monsterinsights_skip_tracking":false,"_monsterinsights_sitenote_active":false,"_monsterinsights_sitenote_note":"","_monsterinsights_sitenote_category":0,"footnotes":""},"class_list":["post-630","page","type-page","status-publish","hentry"],"aioseo_notices":[],"_links":{"self":[{"href":"https:\/\/www.instaluj.cz\/anydesk\/wp-json\/wp\/v2\/pages\/630","targetHints":{"allow":["GET"]}}],"collection":[{"href":"https:\/\/www.instaluj.cz\/anydesk\/wp-json\/wp\/v2\/pages"}],"about":[{"href":"https:\/\/www.instaluj.cz\/anydesk\/wp-json\/wp\/v2\/types\/page"}],"author":[{"embeddable":true,"href":"https:\/\/www.instaluj.cz\/anydesk\/wp-json\/wp\/v2\/users\/1"}],"replies":[{"embeddable":true,"href":"https:\/\/www.instaluj.cz\/anydesk\/wp-json\/wp\/v2\/comments?post=630"}],"version-history":[{"count":9,"href":"https:\/\/www.instaluj.cz\/anydesk\/wp-json\/wp\/v2\/pages\/630\/revisions"}],"predecessor-version":[{"id":18895,"href":"https:\/\/www.instaluj.cz\/anydesk\/wp-json\/wp\/v2\/pages\/630\/revisions\/18895"}],"up":[{"embeddable":true,"href":"https:\/\/www.instaluj.cz\/anydesk\/wp-json\/wp\/v2\/pages\/577"}],"wp:attachment":[{"href":"https:\/\/www.instaluj.cz\/anydesk\/wp-json\/wp\/v2\/media?parent=630"}],"curies":[{"name":"wp","href":"https:\/\/api.w.org\/{rel}","templated":true}]}}