{"id":612,"date":"2022-11-13T19:21:16","date_gmt":"2022-11-13T18:21:16","guid":{"rendered":"https:\/\/www.instaluj.cz\/anydesk\/?page_id=612"},"modified":"2023-02-15T11:40:08","modified_gmt":"2023-02-15T10:40:08","slug":"ozveme-se-vam","status":"publish","type":"page","link":"https:\/\/www.instaluj.cz\/anydesk\/ozveme-se-vam\/","title":{"rendered":"Ozveme se V\u00e1m!"},"content":{"rendered":"\n<p class=\"has-text-align-left\">M\u016f\u017eete n\u00e1m napsat dotaz pomoc\u00ed kontaktn\u00edho formul\u00e1\u0159e na <a href=\"https:\/\/www.instaluj.cz\/anydesk\/poptavka\/\" title=\"\">t\u00e9to str\u00e1nce<\/a> nebo <a href=\"mailto:info@myany.cz\" target=\"_blank\" rel=\"noopener\" title=\"\">emailem<\/a>. <\/p>\n\n\n\n<p class=\"has-text-align-left\"><br>Pokud m\u00e1te z\u00e1jem o <a href=\"tel:+420731933788\" title=\"\">telefonickou<\/a> konzultaci, nechte n\u00e1m Va\u0161e telefonn\u00ed \u010d\u00edslo a my se ozveme co nejd\u0159\u00edve!<\/p>\n\n\n\n<div style=\"height:100px\" aria-hidden=\"true\" class=\"wp-block-spacer\"><\/div>\n\n\n\n<div class=\"wp-block-contact-form-7-contact-form-selector\">\n<div class=\"wpcf7 no-js\" id=\"wpcf7-f611-o1\" lang=\"cs-CZ\" dir=\"ltr\" data-wpcf7-id=\"611\">\n<div class=\"screen-reader-response\"><p role=\"status\" aria-live=\"polite\" aria-atomic=\"true\"><\/p> <ul><\/ul><\/div>\n<form action=\"\/anydesk\/wp-json\/wp\/v2\/pages\/612#wpcf7-f611-o1\" method=\"post\" class=\"wpcf7-form init\" aria-label=\"Kontaktn\u00ed formul\u00e1\u0159\" novalidate=\"novalidate\" data-status=\"init\">\n<fieldset class=\"hidden-fields-container\"><input type=\"hidden\" name=\"_wpcf7\" value=\"611\" \/><input type=\"hidden\" name=\"_wpcf7_version\" value=\"6.1.2\" \/><input type=\"hidden\" name=\"_wpcf7_locale\" value=\"cs_CZ\" \/><input type=\"hidden\" name=\"_wpcf7_unit_tag\" value=\"wpcf7-f611-o1\" \/><input type=\"hidden\" name=\"_wpcf7_container_post\" value=\"0\" \/><input type=\"hidden\" name=\"_wpcf7_posted_data_hash\" value=\"\" \/><input type=\"hidden\" name=\"_wpcf7_recaptcha_response\" value=\"\" \/>\n<\/fieldset>\n<p><label> Va\u0161e jm\u00e9no<br \/>\n<span class=\"wpcf7-form-control-wrap\" data-name=\"your-name\"><input size=\"40\" maxlength=\"400\" class=\"wpcf7-form-control wpcf7-text\" aria-invalid=\"false\" value=\"\" type=\"text\" name=\"your-name\" \/><\/span> <\/label>\n<\/p>\n<p><label> Va\u0161e telefonn\u00ed \u010d\u00edslo<br \/>\n<span class=\"wpcf7-form-control-wrap\" data-name=\"tel-647\"><input size=\"40\" maxlength=\"400\" class=\"wpcf7-form-control wpcf7-tel wpcf7-validates-as-required wpcf7-text wpcf7-validates-as-tel\" aria-required=\"true\" aria-invalid=\"false\" value=\"\" type=\"tel\" name=\"tel-647\" \/><\/span><br \/>\n<input class=\"wpcf7-form-control wpcf7-submit has-spinner\" type=\"submit\" value=\"Odeslat\" \/><\/label>\n<\/p><div class=\"wpcf7-response-output\" aria-hidden=\"true\"><\/div>\n<\/form>\n<\/div>\n<\/div>\n\n\n\n<p class=\"has-text-align-center\"><strong>Garantujeme, \u017ee zadan\u00e9 kontaktn\u00ed \u00fadaje d\u00e1le nep\u0159ed\u00e1me t\u0159et\u00ed osob\u011b.<\/strong><\/p>\n\n\n\n<div style=\"height:100px\" aria-hidden=\"true\" class=\"wp-block-spacer\"><\/div>\n\n\n\n<p class=\"has-text-align-center\">Chcete v\u00edce informac\u00ed o <a href=\"https:\/\/www.instaluj.cz\/anydesk\/informace-anydesk\/licence-anydesk\/\" target=\"_blank\" rel=\"noopener\" title=\"Licence AnyDesk\">licenc\u00edch programu AnyDesk<\/a>?<br>Pot\u0159ebujete <a href=\"https:\/\/www.instaluj.cz\/anydesk\/podpora-anydesk\/\" title=\"Podpora AnyDesk\">technickou podporu AnyDesk?<\/a><br>Hled\u00e1te <a href=\"https:\/\/www.instaluj.cz\/anydesk\/ceny\/\" target=\"_blank\" rel=\"noopener\" title=\"Ceny AnyDesk\">p\u0159ehled funkc\u00ed jednotliv\u00fdch verz\u00ed a Ceny AnyDesk?<\/a><\/p>\n","protected":false},"excerpt":{"rendered":"<p>M\u016f\u017eete n\u00e1m napsat dotaz pomoc\u00ed kontaktn\u00edho formul\u00e1\u0159e na t\u00e9to str\u00e1nce nebo emailem. Pokud m\u00e1te z\u00e1jem o telefonickou konzultaci, nechte n\u00e1m Va\u0161e telefonn\u00ed \u010d\u00edslo a my se ozveme co nejd\u0159\u00edve! Garantujeme, \u017ee zadan\u00e9 kontaktn\u00ed \u00fadaje d\u00e1le nep\u0159ed\u00e1me t\u0159et\u00ed osob\u011b. Chcete v\u00edce informac\u00ed o licenc\u00edch programu AnyDesk?Pot\u0159ebujete technickou podporu AnyDesk?Hled\u00e1te p\u0159ehled funkc\u00ed jednotliv\u00fdch verz\u00ed a Ceny AnyDesk?<\/p>\n","protected":false},"author":1,"featured_media":0,"parent":0,"menu_order":0,"comment_status":"closed","ping_status":"closed","template":"","meta":{"om_disable_all_campaigns":false,"_monsterinsights_skip_tracking":false,"_monsterinsights_sitenote_active":false,"_monsterinsights_sitenote_note":"","_monsterinsights_sitenote_category":0,"footnotes":""},"class_list":["post-612","page","type-page","status-publish","hentry"],"aioseo_notices":[],"_links":{"self":[{"href":"https:\/\/www.instaluj.cz\/anydesk\/wp-json\/wp\/v2\/pages\/612","targetHints":{"allow":["GET"]}}],"collection":[{"href":"https:\/\/www.instaluj.cz\/anydesk\/wp-json\/wp\/v2\/pages"}],"about":[{"href":"https:\/\/www.instaluj.cz\/anydesk\/wp-json\/wp\/v2\/types\/page"}],"author":[{"embeddable":true,"href":"https:\/\/www.instaluj.cz\/anydesk\/wp-json\/wp\/v2\/users\/1"}],"replies":[{"embeddable":true,"href":"https:\/\/www.instaluj.cz\/anydesk\/wp-json\/wp\/v2\/comments?post=612"}],"version-history":[{"count":10,"href":"https:\/\/www.instaluj.cz\/anydesk\/wp-json\/wp\/v2\/pages\/612\/revisions"}],"predecessor-version":[{"id":1041,"href":"https:\/\/www.instaluj.cz\/anydesk\/wp-json\/wp\/v2\/pages\/612\/revisions\/1041"}],"wp:attachment":[{"href":"https:\/\/www.instaluj.cz\/anydesk\/wp-json\/wp\/v2\/media?parent=612"}],"curies":[{"name":"wp","href":"https:\/\/api.w.org\/{rel}","templated":true}]}}