{"id":577,"date":"2022-11-03T10:55:53","date_gmt":"2022-11-03T08:55:53","guid":{"rendered":"https:\/\/www.instaluj.cz\/anydesk\/?page_id=577"},"modified":"2023-09-03T19:55:35","modified_gmt":"2023-09-03T18:55:35","slug":"informace-anydesk","status":"publish","type":"page","link":"https:\/\/www.instaluj.cz\/anydesk\/informace-anydesk\/","title":{"rendered":"O AnyDesk"},"content":{"rendered":"<div class=\"wp-block-image\">\n<figure class=\"alignright size-full is-resized\"><img loading=\"lazy\" decoding=\"async\" src=\"https:\/\/www.instaluj.cz\/anydesk\/wp-content\/uploads\/2022\/11\/what-is-new-small-ab2416-e1667465089749.jpg\" alt=\"\" class=\"wp-image-593\" style=\"width:539px;height:315px\" width=\"539\" height=\"315\" srcset=\"https:\/\/www.instaluj.cz\/anydesk\/wp-content\/uploads\/2022\/11\/what-is-new-small-ab2416-e1667465089749.jpg 539w, https:\/\/www.instaluj.cz\/anydesk\/wp-content\/uploads\/2022\/11\/what-is-new-small-ab2416-e1667465089749-300x175.jpg 300w\" sizes=\"auto, (max-width: 539px) 100vw, 539px\" \/><\/figure>\n<\/div>\n\n\n<h2 class=\"wp-block-heading\">Co je AnyDesk?<\/h2>\n\n\n\n<p><strong>AnyDesk <\/strong>je program, kter\u00fd prim\u00e1rn\u011b slou\u017e\u00ed k <a href=\"https:\/\/www.instaluj.cz\/anydesk\/proc-anydesk\/anydesk-vzdalena-plocha\/\" target=\"_blank\" rel=\"noopener\" title=\"\">p\u0159ipojen\u00ed ke vzd\u00e1len\u00e9 plo\u0161e<\/a> po\u010d\u00edta\u010de nebo <a href=\"https:\/\/www.instaluj.cz\/anydesk\/proc-anydesk\/mobilni-zarizeni-android-ios\/\" target=\"_blank\" rel=\"noopener\" title=\"\">telefonu<\/a>. M\u016f\u017eete tak <a href=\"https:\/\/www.instaluj.cz\/anydesk\/proc-anydesk\/vzdaleny-pristup\/\" target=\"_blank\" rel=\"noopener\" title=\"\">ovl\u00e1dat vzd\u00e1len\u011b po\u010d\u00edta\u010d<\/a>. D\u00e1le lze d\u00edky programu <a href=\"https:\/\/www.instaluj.cz\/anydesk\/proc-anydesk\/vzdalena-spoluprace\/\" title=\"Vzd\u00e1len\u00e1 Spolupr\u00e1ce\">asistovat obsluze<\/a>, kter\u00e1 u po\u010d\u00edta\u010de sed\u00ed. M\u016f\u017eete tak <a href=\"https:\/\/www.instaluj.cz\/anydesk\/proc-anydesk\/technicka-podpora-it-s-anydesk\/\" target=\"_blank\" rel=\"noopener\" title=\"\">pomoct<\/a> zn\u00e1m\u00fdm, z\u00e1kazn\u00edk\u016fm, koleg\u016fm nebo student\u016fm. Pomoc\u00ed aplikace <a href=\"https:\/\/www.instaluj.cz\/anydesk\/proc-anydesk\/vzdalena-spoluprace\/\" title=\"Vzd\u00e1len\u00e1 Spolupr\u00e1ce\">lze chatovat,<\/a> p\u0159\u00edpadn\u011b d\u00edky funkci tabule n\u00e1zorn\u011b vysv\u011btlit nebo popsat, co je vid\u011bt na obrazovce. <strong>AnyDesk<\/strong> m\u00e1 spoustu dal\u0161\u00edch funkc\u00ed, d\u00edky kter\u00fdm najde vhodn\u00e9 uplatn\u011bn\u00ed, a\u0165 jste <strong><a href=\"https:\/\/www.instaluj.cz\/anydesk\/informace-anydesk\/verze-anydesk-a-kterou-zvolit\/\" target=\"_blank\" rel=\"noopener\" title=\"Verze AnyDesk a kterou zvolit?\">osobn\u00ed u\u017eivatel, \u0161kola, korporace, st\u00e1tn\u00ed spr\u00e1va, medi\u00e1ln\u00ed tv\u016frce, pracovn\u00edk na voln\u00e9 noze nebo a\u0165 pracujete v informa\u010dn\u00edch technologi\u00edch a slu\u017eb\u00e1ch.<\/a><\/strong><\/p>\n\n\n\n<h2 class=\"wp-block-heading\">Historie AnyDesk<\/h2>\n\n\n\n<p>P\u0159\u00edb\u011bh spole\u010dnosti <strong>AnyDesk<\/strong> se za\u010dal ps\u00e1t v roce 2012, kdy t\u0159i technologi\u010dt\u00ed pr\u016fkopn\u00edci sd\u00edleli vizi &#8222;Vyvinout software pro p\u0159ipojen\u00ed ke vzd\u00e1len\u00e9 plo\u0161e, kter\u00fd bude spl\u0148ovat vysok\u00e9 n\u00e1roky na rychlost, nejp\u0159\u00edsn\u011bj\u0161\u00ed po\u017eadavky na bezpe\u010dnost a kter\u00fd by se v budoucnu stal jedn\u00edm z p\u0159edn\u00edch \u0159e\u0161en\u00ed na trhu&#8220;. Svou vizi uvedli do praxe vytvo\u0159en\u00edm vlastn\u00edho kodeku DeskRT, kter\u00fd umo\u017e\u0148uje spolupr\u00e1ci prakticky bez prodlevy. S podporou investora se j\u00edm poda\u0159ilo v roce 2014 zalo\u017eit spole\u010dnost<strong> AnyDesk Software GmbH<\/strong>. <\/p>\n\n\n\n<p>Od t\u00e9 doby \u0159e\u0161en\u00ed <strong>AnyDesk<\/strong> pou\u017e\u00edv\u00e1 spousta mezin\u00e1rodn\u011b v\u00fdznamn\u00fdch spole\u010dnost\u00ed, kter\u00e9 maj\u00ed d\u00edky programu <strong>AnyDesk<\/strong> navz\u00e1jem propojen\u00e9 sv\u00e9 pobo\u010dky po cel\u00e9m sv\u011bt\u011b. <\/p>\n\n\n\n<h2 class=\"wp-block-heading\">Vyzkou\u0161ejte AnyDesk i Vy!<\/h2>\n\n\n\n<p>Program lze pou\u017e\u00edvat <a href=\"https:\/\/www.instaluj.cz\/anydesk\/informace-anydesk\/licence-anydesk\/anydesk-free\/\" target=\"_blank\" rel=\"noopener\" title=\"AnyDesk Free\">bezplatn\u011b<\/a> pro osobn\u00ed nekomer\u010dn\u00ed \u00fa\u010dely<\/p>\n\n\n\n<p>Chcete-li se dozv\u011bd\u011bt v\u00edce o tom, kter\u00e1 licence by mohla b\u00fdt pro V\u00e1s vhodn\u00e1, koukn\u011bte na n\u00e1\u0161 \u010dl\u00e1nek <a href=\"https:\/\/www.instaluj.cz\/anydesk\/informace-anydesk\/licence-anydesk\/\" target=\"_blank\" rel=\"noopener\" title=\"Licence AnyDesk\">Licence AnyDesk<\/a>. V\u00edce o cen\u00e1ch a podrobn\u00e9 srovn\u00e1n\u00ed jednotliv\u00fdch funkc\u00ed <a href=\"https:\/\/www.instaluj.cz\/anydesk\/ceny\/\" target=\"_blank\" rel=\"noopener\" title=\"Ceny AnyDesk\">najdete zde.<\/a><\/p>\n\n\n\n<p>Pokud m\u00e1te z\u00e1jem o bezplatn\u00e9 vyzkou\u0161en\u00ed komer\u010dn\u00ed verze a nacen\u011bn\u00ed licence na m\u00edru Va\u0161\u00edm pot\u0159eb\u00e1m, <a href=\"https:\/\/www.instaluj.cz\/anydesk\/kontakt\/\" target=\"_blank\" rel=\"noopener\" title=\"Kontaktn\u00ed \u00fadaje\">nev\u00e1hejte n\u00e1s kontaktovat.<\/a><\/p>\n\n\n\n<h2 class=\"wp-block-heading\">Kdo v\u0161echno pou\u017e\u00edv\u00e1 AnyDesk?<\/h2>\n\n\n\n<div class=\"wp-block-columns is-layout-flex wp-container-core-columns-is-layout-9d6595d7 wp-block-columns-is-layout-flex\">\n<div class=\"wp-block-column is-layout-flow wp-block-column-is-layout-flow\">\n<p><\/p>\n\n\n\n<figure class=\"wp-block-image size-large\"><img loading=\"lazy\" decoding=\"async\" width=\"1024\" height=\"684\" src=\"https:\/\/www.instaluj.cz\/anydesk\/wp-content\/uploads\/2022\/11\/server-room-woman-working-light-1-1024x684.jpg\" alt=\"\" class=\"wp-image-595\" srcset=\"https:\/\/www.instaluj.cz\/anydesk\/wp-content\/uploads\/2022\/11\/server-room-woman-working-light-1-1024x684.jpg 1024w, https:\/\/www.instaluj.cz\/anydesk\/wp-content\/uploads\/2022\/11\/server-room-woman-working-light-1-300x200.jpg 300w, https:\/\/www.instaluj.cz\/anydesk\/wp-content\/uploads\/2022\/11\/server-room-woman-working-light-1-768x513.jpg 768w, https:\/\/www.instaluj.cz\/anydesk\/wp-content\/uploads\/2022\/11\/server-room-woman-working-light-1-1536x1025.jpg 1536w, https:\/\/www.instaluj.cz\/anydesk\/wp-content\/uploads\/2022\/11\/server-room-woman-working-light-1.jpg 2000w\" sizes=\"auto, (max-width: 1024px) 100vw, 1024px\" \/><\/figure>\n<\/div>\n\n\n\n<div class=\"wp-block-column is-layout-flow wp-block-column-is-layout-flow\">\n<p><strong>Mezi v\u00fdznamn\u00e9 z\u00e1kazn\u00edky, kte\u0159\u00ed pou\u017e\u00edvaj\u00ed AnyDesk pat\u0159\u00ed nap\u0159. <\/strong><\/p>\n\n\n\n<ul class=\"wp-block-list\">\n<li>Sun Chemical<\/li>\n\n\n\n<li>Samsung Electronics<\/li>\n\n\n\n<li>LG Electronics<\/li>\n\n\n\n<li>ARD ZDF<\/li>\n\n\n\n<li>Spidercam GmbH<\/li>\n\n\n\n<li>AutoForm Engineering<\/li>\n\n\n\n<li>Capitol Technology University<\/li>\n\n\n\n<li>HAAS Media Group<\/li>\n\n\n\n<li>Leibniz-Institute for Astrophysics Potsdam (AIP)<\/li>\n\n\n\n<li>&#8230; dal\u0161\u00edch v\u00edce ne\u017e 180 000 z\u00e1kazn\u00edk\u016f&#8230; Ozv\u011bte se n\u00e1m a m\u016f\u017eete b\u00fdt mezi nimi i Vy!<\/li>\n<\/ul>\n<\/div>\n<\/div>\n\n\n\n<p>D\u00edky na\u0161emu partnerstv\u00ed si m\u016f\u017eete zakoupit <a href=\"https:\/\/www.instaluj.cz\/anydesk\/anydesk-konecne-v-cr\/\" title=\"AnyDesk kone\u010dn\u011b v \u010cR\">AnyDesk kone\u010dn\u011b v \u010cR<\/a> ofici\u00e1ln\u011b!<\/p>\n","protected":false},"excerpt":{"rendered":"<p>Co je AnyDesk? AnyDesk je program, kter\u00fd prim\u00e1rn\u011b slou\u017e\u00ed k p\u0159ipojen\u00ed ke vzd\u00e1len\u00e9 plo\u0161e po\u010d\u00edta\u010de nebo telefonu. M\u016f\u017eete tak ovl\u00e1dat vzd\u00e1len\u011b po\u010d\u00edta\u010d. D\u00e1le lze d\u00edky programu asistovat obsluze, kter\u00e1 u po\u010d\u00edta\u010de sed\u00ed. M\u016f\u017eete tak pomoct zn\u00e1m\u00fdm, z\u00e1kazn\u00edk\u016fm, koleg\u016fm nebo student\u016fm. Pomoc\u00ed aplikace lze chatovat, p\u0159\u00edpadn\u011b d\u00edky funkci tabule n\u00e1zorn\u011b vysv\u011btlit nebo popsat, co je vid\u011bt [&hellip;]<\/p>\n","protected":false},"author":1,"featured_media":0,"parent":0,"menu_order":0,"comment_status":"closed","ping_status":"closed","template":"template\/fullwidth.php","meta":{"om_disable_all_campaigns":false,"_monsterinsights_skip_tracking":false,"_monsterinsights_sitenote_active":false,"_monsterinsights_sitenote_note":"","_monsterinsights_sitenote_category":0,"footnotes":""},"class_list":["post-577","page","type-page","status-publish","hentry"],"aioseo_notices":[],"_links":{"self":[{"href":"https:\/\/www.instaluj.cz\/anydesk\/wp-json\/wp\/v2\/pages\/577","targetHints":{"allow":["GET"]}}],"collection":[{"href":"https:\/\/www.instaluj.cz\/anydesk\/wp-json\/wp\/v2\/pages"}],"about":[{"href":"https:\/\/www.instaluj.cz\/anydesk\/wp-json\/wp\/v2\/types\/page"}],"author":[{"embeddable":true,"href":"https:\/\/www.instaluj.cz\/anydesk\/wp-json\/wp\/v2\/users\/1"}],"replies":[{"embeddable":true,"href":"https:\/\/www.instaluj.cz\/anydesk\/wp-json\/wp\/v2\/comments?post=577"}],"version-history":[{"count":23,"href":"https:\/\/www.instaluj.cz\/anydesk\/wp-json\/wp\/v2\/pages\/577\/revisions"}],"predecessor-version":[{"id":6385,"href":"https:\/\/www.instaluj.cz\/anydesk\/wp-json\/wp\/v2\/pages\/577\/revisions\/6385"}],"wp:attachment":[{"href":"https:\/\/www.instaluj.cz\/anydesk\/wp-json\/wp\/v2\/media?parent=577"}],"curies":[{"name":"wp","href":"https:\/\/api.w.org\/{rel}","templated":true}]}}