{"id":56,"date":"2022-10-11T14:28:55","date_gmt":"2022-10-11T12:28:55","guid":{"rendered":"https:\/\/www.instaluj.cz\/anydesk\/?page_id=56"},"modified":"2023-09-18T19:01:07","modified_gmt":"2023-09-18T18:01:07","slug":"anydesk","status":"publish","type":"page","link":"https:\/\/www.instaluj.cz\/anydesk\/","title":{"rendered":"AnyDesk, vzd\u00e1len\u00e1 plocha v\u017edy bezpe\u010dn\u011b a rychle."},"content":{"rendered":"\n<div class=\"wp-block-cover\" style=\"min-height:478px;aspect-ratio:unset;\"><span aria-hidden=\"true\" class=\"wp-block-cover__background has-black-background-color has-background-dim-30 has-background-dim\"><\/span><img loading=\"lazy\" decoding=\"async\" width=\"1024\" height=\"405\" class=\"wp-block-cover__image-background wp-image-234\" alt=\"\" src=\"https:\/\/www.instaluj.cz\/anydesk\/wp-content\/uploads\/2022\/10\/meeting-office-people-1024x405.jpg\" style=\"object-position:50% 50%\" data-object-fit=\"cover\" data-object-position=\"50% 50%\" srcset=\"https:\/\/www.instaluj.cz\/anydesk\/wp-content\/uploads\/2022\/10\/meeting-office-people-1024x405.jpg 1024w, https:\/\/www.instaluj.cz\/anydesk\/wp-content\/uploads\/2022\/10\/meeting-office-people-300x119.jpg 300w, https:\/\/www.instaluj.cz\/anydesk\/wp-content\/uploads\/2022\/10\/meeting-office-people-768x304.jpg 768w, https:\/\/www.instaluj.cz\/anydesk\/wp-content\/uploads\/2022\/10\/meeting-office-people-1536x607.jpg 1536w, https:\/\/www.instaluj.cz\/anydesk\/wp-content\/uploads\/2022\/10\/meeting-office-people.jpg 2000w\" sizes=\"auto, (max-width: 1024px) 100vw, 1024px\" \/><div class=\"wp-block-cover__inner-container is-layout-flow wp-block-cover-is-layout-flow\">\n<h2 class=\"wp-block-heading has-text-align-center has-white-color has-text-color has-x-large-font-size\" style=\"font-style:normal;font-weight:700\"><strong>V\u00edce ne\u017e 180 000 spole\u010dnost\u00ed po cel\u00e9m sv\u011bt\u011b si u\u017e\u00edv\u00e1 pr\u00e1ci s AnyDesk<\/strong><\/h2>\n\n\n\n<p class=\"has-text-align-center\">Zaj\u00edm\u00e1 v\u00e1s, jak\u00e9 to je pracovat s jedn\u00edm z nejrychlej\u0161\u00edch a nejbezpe\u010dn\u011bj\u0161\u00edch program\u016f pro vzd\u00e1lenou plochu na trhu? <\/p>\n\n\n\n<p class=\"has-text-align-center\"> <\/p>\n\n\n\n<div class=\"wp-block-group is-content-justification-center is-nowrap is-layout-flex wp-container-core-group-is-layout-94bc23d7 wp-block-group-is-layout-flex\">\n<div class=\"wp-block-buttons is-content-justification-right is-layout-flex wp-container-core-buttons-is-layout-765c4724 wp-block-buttons-is-layout-flex\">\n<div class=\"wp-block-button\"><a class=\"wp-block-button__link has-white-color has-text-color has-background wp-element-button\" href=\"https:\/\/www.instaluj.cz\/anydesk\/download\/\" style=\"background-color:#ef4137\">St\u00e1hnout<\/a><\/div>\n<\/div>\n\n\n\n<div class=\"wp-block-buttons is-layout-flex wp-block-buttons-is-layout-flex\">\n<div class=\"wp-block-button is-style-fill\"><a class=\"wp-block-button__link has-white-color has-text-color has-background wp-element-button\" href=\"https:\/\/www.instaluj.cz\/anydesk\/ceny\/\" style=\"border-radius:100px;background-color:#ef4137\">Objednat<\/a><\/div>\n<\/div>\n<\/div>\n<\/div><\/div>\n\n\n\n<p class=\"has-text-align-center\"><\/p>\n\n\n\n<div style=\"height:65px\" aria-hidden=\"true\" class=\"wp-block-spacer\"><\/div>\n\n\n\n<p><strong>Objevte v\u00fdkon AnyDesku<\/strong>: AnyDesk nab\u00edz\u00ed t\u0159i kl\u00ed\u010dov\u00e9 funkce: ovl\u00e1dan\u00ed na d\u00e1lku, vzd\u00e1len\u00fd p\u0159\u00edstup a vzd\u00e1lenou pr\u00e1ci. <\/p>\n\n\n\n<ul class=\"wp-block-list\">\n<li><strong>Vzd\u00e1len\u00e9 ovl\u00e1dan\u00ed:<\/strong>&nbsp;umo\u017e\u0148uje poskytov\u00e1n\u00ed asistence a neoceniteln\u00e9 z\u00e1kaznick\u00e9 podpory odkudkoliv, d\u00edky bezpe\u010dn\u00e9mu a spolehliv\u00e9mu vzd\u00e1len\u00e9mu p\u0159ipojen\u00ed p\u0159es AnyDesk<\/li>\n\n\n\n<li><strong>Vzd\u00e1len\u00fd p\u0159\u00edstup:<\/strong>&nbsp;Zbourejte geografick\u00e9 bari\u00e9ry a umo\u017en\u011bte va\u0161im z\u00e1kazn\u00edk\u016fm vzd\u00e1len\u00fd p\u0159\u00edstup k za\u0159\u00edzen\u00edm a s\u00edt\u00edm, a\u0165 u\u017e pracuj\u00ed z domova, spolupracuj\u00ed nap\u0159\u00ed\u010d \u010dasov\u00fdmi p\u00e1smy nebo p\u0159istupuj\u00ed vzd\u00e1len\u011b ke sv\u00fdm soubor\u016fm<\/li>\n\n\n\n<li><strong>Vzd\u00e1len\u00e1 pr\u00e1ce:<\/strong>&nbsp;Podporujte produktivitu na cest\u00e1ch t\u00edm, \u017ee umo\u017en\u00edte va\u0161im z\u00e1kazn\u00edk\u016fm pracovat na d\u00e1lku, snadno spolupracovat a bezpe\u010dn\u011b p\u0159istupovat ke sv\u00e9mu pracovn\u00edmu prost\u0159ed\u00ed.<\/li>\n<\/ul>\n\n\n\n<div style=\"height:65px\" aria-hidden=\"true\" class=\"wp-block-spacer\"><\/div>\n\n\n\n<div class=\"wp-block-columns is-layout-flex wp-container-core-columns-is-layout-9d6595d7 wp-block-columns-is-layout-flex\">\n<div class=\"wp-block-column is-vertically-aligned-top is-layout-flow wp-block-column-is-layout-flow\">\n<p class=\"has-text-align-center has-text-color\" style=\"color:#ef4137;font-size:25px\"><img loading=\"lazy\" decoding=\"async\" width=\"79\" height=\"71\" class=\"wp-image-263\" style=\"width: 79px;\" src=\"https:\/\/www.instaluj.cz\/anydesk\/wp-content\/uploads\/2022\/10\/raketa.png\" alt=\"\"><br>Rychl\u00e9 reakce<\/p>\n\n\n\n<p class=\"has-text-align-center has-text-color\" style=\"color:#24272a\">Minim\u00e1ln\u00ed latence prost\u0159ednictv\u00edm <br>na\u0161eho vlastn\u00edho kodeku<br> DeskRT a frekvenci <br>sn\u00edmk\u016f 60 fps.<\/p>\n<\/div>\n\n\n\n<div class=\"wp-block-column is-layout-flow wp-block-column-is-layout-flow\">\n<p class=\"has-text-align-center has-text-color\" style=\"color:#ef4137;font-size:25px\"><img loading=\"lazy\" decoding=\"async\" width=\"79\" height=\"71\" class=\"wp-image-271\" style=\"width: 79px;\" src=\"https:\/\/www.instaluj.cz\/anydesk\/wp-content\/uploads\/2022\/10\/velik.png\" alt=\"\"><br>Mal\u00e1 velikost<\/p>\n\n\n\n<p class=\"has-text-align-center has-text-color\" style=\"color:#24272a\">St\u00e1hn\u011bte soubor s velikost\u00ed <br>3 MB, spus\u0165te aplikaci <br>a m\u00e1te hotovo.<\/p>\n<\/div>\n\n\n\n<div class=\"wp-block-column is-layout-flow wp-block-column-is-layout-flow\">\n<p class=\"has-text-align-center has-large-font-size\"><br><br>Pro\u010d 800+<br>milion\u016f u\u017eivatel\u016f<br>miluje AnyDesk?<\/p>\n<\/div>\n<\/div>\n\n\n\n<div class=\"wp-block-columns is-layout-flex wp-container-core-columns-is-layout-9d6595d7 wp-block-columns-is-layout-flex\">\n<div class=\"wp-block-column is-layout-flow wp-block-column-is-layout-flow\">\n<p class=\"has-text-align-center has-text-color\" style=\"color:#ef4137;font-size:25px\"><img loading=\"lazy\" decoding=\"async\" width=\"79\" height=\"71\" class=\"wp-image-282\" style=\"width: 79px;\" src=\"https:\/\/www.instaluj.cz\/anydesk\/wp-content\/uploads\/2022\/10\/bez.png\" alt=\"\"><br>Bezpe\u010dnost<\/p>\n\n\n\n<p class=\"has-text-align-center has-text-color\" style=\"color:#24272a\">Zabezpe\u010den\u00ed TLS 1.2 na vojensk\u00e9 \u00farovni,<br>256bitov\u00e9 \u0161ifrov\u00e1n\u00ed AES<br>Transport Encryption<a href=\"https:\/\/anydesk.com\/en\/security\"><\/a><\/p>\n<\/div>\n\n\n\n<div class=\"wp-block-column is-layout-flow wp-block-column-is-layout-flow\">\n<p class=\"has-text-align-center has-text-color\" style=\"color:#ef4137;font-size:25px\"><img loading=\"lazy\" decoding=\"async\" width=\"79\" height=\"71\" class=\"wp-image-284\" style=\"width: 79px;\" src=\"https:\/\/www.instaluj.cz\/anydesk\/wp-content\/uploads\/2022\/10\/os.png\" alt=\"\"><br>Opera\u010dn\u00ed syst\u00e9my<\/p>\n\n\n\n<p class=\"has-text-align-center\">Funguje na Windows,<br>MacOS, iOS, Android,<br>Linux, Raspberry Pi<a href=\"https:\/\/anydesk.com\/en\/all-platforms\"><\/a><\/p>\n<\/div>\n\n\n\n<div class=\"wp-block-column is-layout-flow wp-block-column-is-layout-flow\">\n<div class=\"wp-block-buttons is-content-justification-center is-layout-flex wp-container-core-buttons-is-layout-16018d1d wp-block-buttons-is-layout-flex\">\n<div class=\"wp-block-button\"><a class=\"wp-block-button__link has-white-color has-text-color has-background wp-element-button\" href=\"https:\/\/www.instaluj.cz\/anydesk\/proc-anydesk\/\" style=\"background-color:#ef4137\">Zjistit v\u00edce<\/a><\/div>\n<\/div>\n<\/div>\n<\/div>\n\n\n\n<div style=\"height:65px\" aria-hidden=\"true\" class=\"wp-block-spacer\"><\/div>\n\n\n\n<h2 class=\"wp-block-heading has-text-align-center has-text-color\" style=\"color:#ef4137\"><strong>AnyDesk &#8211; Vzd\u00e1len\u00e1 plocha, vzd\u00e1len\u00e1 spr\u00e1va bezpe\u010dn\u011b a rychle<\/strong><\/h2>\n\n\n<div class=\"wp-block-image\">\n<figure class=\"aligncenter size-large\"><img loading=\"lazy\" decoding=\"async\" width=\"1024\" height=\"683\" src=\"https:\/\/www.instaluj.cz\/anydesk\/wp-content\/uploads\/2023\/08\/image002-1024x683.png\" alt=\"\" class=\"wp-image-6316\" srcset=\"https:\/\/www.instaluj.cz\/anydesk\/wp-content\/uploads\/2023\/08\/image002-1024x683.png 1024w, https:\/\/www.instaluj.cz\/anydesk\/wp-content\/uploads\/2023\/08\/image002-300x200.png 300w, https:\/\/www.instaluj.cz\/anydesk\/wp-content\/uploads\/2023\/08\/image002-768x512.png 768w, https:\/\/www.instaluj.cz\/anydesk\/wp-content\/uploads\/2023\/08\/image002-1536x1024.png 1536w, https:\/\/www.instaluj.cz\/anydesk\/wp-content\/uploads\/2023\/08\/image002.png 1600w\" sizes=\"auto, (max-width: 1024px) 100vw, 1024px\" \/><\/figure>\n<\/div>\n\n\n<div style=\"height:67px\" aria-hidden=\"true\" class=\"wp-block-spacer\"><\/div>\n\n\n\n<h3 class=\"wp-block-heading has-text-color\" style=\"color:#ef4137\">Pro koho je AnyDesk vhodn\u00fd?<\/h3>\n\n\n\n<p>Pokud hled\u00e1te softwarov\u00e9 \u0159e\u0161en\u00ed pro:<\/p>\n\n\n\n<ul class=\"wp-block-list\">\n<li>Vzd\u00e1len\u00e9 p\u0159ipojen\u00ed<\/li>\n\n\n\n<li>Vzd\u00e1lenou spr\u00e1vu<\/li>\n\n\n\n<li>Vzd\u00e1len\u00fd p\u0159\u00edstup<\/li>\n\n\n\n<li>P\u0159ipojen\u00ed ke vzd\u00e1len\u00e9 plo\u0161e<\/li>\n\n\n\n<li>Vzd\u00e1lenou podporu<\/li>\n\n\n\n<li>Pr\u00e1ci na d\u00e1lku<\/li>\n\n\n\n<li>Home Office<\/li>\n\n\n\n<li>Vzd\u00e1lenou pr\u00e1ci<\/li>\n\n\n\n<li>Vzd\u00e1lenou spolupr\u00e1ci<\/li>\n<\/ul>\n\n\n\n<p>Tak jste pr\u00e1v\u011b na\u0161li to spr\u00e1vn\u00e9 \u0159e\u0161en\u00ed pro v\u00e1s!<\/p>\n\n\n\n<div style=\"height:67px\" aria-hidden=\"true\" class=\"wp-block-spacer\"><\/div>\n\n\n\n<div class=\"wp-block-cover is-light\" style=\"min-height:390px;aspect-ratio:unset;\"><span aria-hidden=\"true\" class=\"wp-block-cover__background has-background-dim-0 has-background-dim\"><\/span><img loading=\"lazy\" decoding=\"async\" width=\"1690\" height=\"481\" class=\"wp-block-cover__image-background wp-image-229\" alt=\"\" src=\"https:\/\/www.instaluj.cz\/anydesk\/wp-content\/uploads\/2022\/10\/man-sitting-outside-laptop-arrow.jpg\" style=\"object-position:28% 91%\" data-object-fit=\"cover\" data-object-position=\"28% 91%\" srcset=\"https:\/\/www.instaluj.cz\/anydesk\/wp-content\/uploads\/2022\/10\/man-sitting-outside-laptop-arrow.jpg 1690w, https:\/\/www.instaluj.cz\/anydesk\/wp-content\/uploads\/2022\/10\/man-sitting-outside-laptop-arrow-300x85.jpg 300w, https:\/\/www.instaluj.cz\/anydesk\/wp-content\/uploads\/2022\/10\/man-sitting-outside-laptop-arrow-1024x291.jpg 1024w, https:\/\/www.instaluj.cz\/anydesk\/wp-content\/uploads\/2022\/10\/man-sitting-outside-laptop-arrow-768x219.jpg 768w, https:\/\/www.instaluj.cz\/anydesk\/wp-content\/uploads\/2022\/10\/man-sitting-outside-laptop-arrow-1536x437.jpg 1536w\" sizes=\"auto, (max-width: 1690px) 100vw, 1690px\" \/><div class=\"wp-block-cover__inner-container is-layout-flow wp-block-cover-is-layout-flow\">\n<p class=\"has-text-align-left has-text-color has-medium-font-size\" style=\"color:#ef4137\"><strong>Software pro vzd\u00e1len\u00e9 p\u0159ipojen\u00ed<\/strong><\/p>\n\n\n\n<h2 class=\"wp-block-heading\">P\u0159ekon\u00e1v\u00e1n\u00ed Vzd\u00e1lenost\u00ed<\/h2>\n\n\n\n<p>V\u011b\u0159\u00edme v software, kter\u00fd zvy\u0161uje produktivitu a kreativitu sv\u00fdch u\u017eivatel\u016f.&nbsp;<br>Proto je na\u0161\u00edm posl\u00e1n\u00edm vytvo\u0159it produkt, kter\u00fd v\u00e1m umo\u017en\u00ed d\u011blat <br>skv\u011bl\u00e9 v\u011bci \u2013 odkudkoli na sv\u011bt\u011b.<\/p>\n\n\n\n<div class=\"wp-block-buttons is-layout-flex wp-block-buttons-is-layout-flex\">\n<div class=\"wp-block-button\"><a class=\"wp-block-button__link has-white-color has-text-color has-background wp-element-button\" href=\"https:\/\/www.instaluj.cz\/anydesk\/informace-anydesk\/\" style=\"background-color:#ef4137\">O AnyDesk<\/a><\/div>\n<\/div>\n<\/div><\/div>\n\n\n\n<div style=\"height:67px\" aria-hidden=\"true\" class=\"wp-block-spacer\"><\/div>\n\n\n\n<h2 class=\"wp-block-heading has-text-align-center\">Pro\u010d zakoupit program zrovna u n\u00e1s?<\/h2>\n\n\n\n<h2 class=\"wp-block-heading has-text-align-center\"> <\/h2>\n\n\n\n<ul class=\"wp-block-list\">\n<li>M\u00e1me zku\u0161enosti s prodejem zahrani\u010dn\u00edho i dom\u00e1c\u00edho software jak v \u010cR, tak na slovensku od roku 2004<\/li>\n\n\n\n<li>Ji\u017e jsme obslou\u017eili v\u00edce ne\u017e 30 000 spokojen\u00fdch firemn\u00edch i dom\u00e1c\u00edch z\u00e1kazn\u00edk\u016f, ale tak\u00e9 st\u00e1tn\u00edch instituc\u00ed<\/li>\n\n\n\n<li>M\u00e1me individu\u00e1ln\u00ed p\u0159\u00edstup &#8211; sna\u017e\u00edme se pochopit va\u0161e pot\u0159eby a porad\u00edme s volbou nejvhodn\u011bj\u0161\u00edho \u0159e\u0161en\u00ed dle Va\u0161\u00edch po\u017eadavk\u016f<\/li>\n\n\n\n<li>Mo\u017enost platby v K\u010d na n\u00e1\u0161 \u010desk\u00fd \u00fa\u010det, p\u0159\u00edpadn\u011b v \u20ac na slovensk\u00fd \u00fa\u010det<\/li>\n\n\n\n<li>Mo\u017enost platby kartou<\/li>\n\n\n\n<li>N\u00e1kup bez DPH v p\u0159\u00edpad\u011b, \u017ee jste zahrani\u010dn\u00ed z\u00e1kazn\u00edk s\u00eddl\u00edc\u00ed v r\u00e1mci EU a pl\u00e1tce DPH (VAT Chargaback)<\/li>\n\n\n\n<li>AnyDesku rozum\u00edme &#8211; jsme ofici\u00e1ln\u00ed partner, tento program sami vyu\u017e\u00edv\u00e1me, tak\u017ee jej zn\u00e1me. Nen\u00ed pro n\u00e1s proto probl\u00e9m poradit a pokud nev\u00edme, m\u00e1me se kde zeptat<\/li>\n\n\n\n<li>Rychl\u00e9 vy\u0159\u00edzen\u00ed licence je\u0161t\u011b v den objedn\u00e1n\u00ed (v p\u0159\u00edpad\u011b platby p\u0159evodem vy\u0159\u00edd\u00edme objedn\u00e1vku v den p\u0159ipsan\u00ed platby na n\u00e1\u0161 \u00fa\u010det)<\/li>\n<\/ul>\n\n\n\n<div style=\"height:67px\" aria-hidden=\"true\" class=\"wp-block-spacer\"><\/div>\n\n\n\n<h2 class=\"wp-block-heading has-text-align-center\">Zaujal V\u00e1s program a hled\u00e1te dal\u0161\u00ed informace o licencov\u00e1n\u00ed? <\/h2>\n\n\n\n<p class=\"has-text-align-center\">Klikn\u011bte na tla\u010d\u00edtko Licence, kde se do\u010dtete v\u00edce o licencov\u00e1n\u00ed programu.<\/p>\n\n\n\n<div class=\"wp-block-group is-content-justification-center is-nowrap is-layout-flex wp-container-core-group-is-layout-94bc23d7 wp-block-group-is-layout-flex\">\n<div class=\"wp-block-buttons is-content-justification-center is-layout-flex wp-container-core-buttons-is-layout-16018d1d wp-block-buttons-is-layout-flex\">\n<div class=\"wp-block-button\"><a class=\"wp-block-button__link has-white-color has-text-color has-background wp-element-button\" href=\"https:\/\/www.instaluj.cz\/anydesk\/informace-anydesk\/licence-anydesk\/\" style=\"background-color:#ef4137\" target=\"_blank\" rel=\"noreferrer noopener\">Licence<\/a><\/div>\n<\/div>\n<\/div>\n\n\n\n<div style=\"height:67px\" aria-hidden=\"true\" class=\"wp-block-spacer\"><\/div>\n\n\n\n<h2 class=\"wp-block-heading has-text-align-center\">Pou\u017e\u00edv\u00e1te konkuren\u010dn\u00ed \u0159e\u0161en\u00ed a zva\u017eujete p\u0159echod k AnyDesk, p\u0159\u00edpadn\u011b byste si r\u00e1di vyzkou\u0161eli bezplatn\u011b plnou verzi?<\/h2>\n\n\n\n<p class=\"has-text-align-center\">Nebo jen nev\u00edte, kterou licenci zvolit? Od toho jsme tady my!<\/p>\n\n\n\n<p class=\"has-text-align-center\">Nechte n\u00e1m na V\u00e1s kontakt a my se ozveme zp\u011bt! <\/p>\n\n\n\n<div class=\"wp-block-buttons is-horizontal is-content-justification-center is-layout-flex wp-container-core-buttons-is-layout-499968f5 wp-block-buttons-is-layout-flex\">\n<div class=\"wp-block-button is-style-fill\"><a class=\"wp-block-button__link has-white-color has-text-color has-background has-text-align-center wp-element-button\" href=\"https:\/\/www.instaluj.cz\/anydesk\/kontakt\/\" style=\"border-radius:100px;background-color:#ef4137\">Kontakt<\/a><\/div>\n<\/div>\n\n\n\n<p><\/p>\n","protected":false},"excerpt":{"rendered":"<p>Objevte v\u00fdkon AnyDesku: AnyDesk nab\u00edz\u00ed t\u0159i kl\u00ed\u010dov\u00e9 funkce: ovl\u00e1dan\u00ed na d\u00e1lku, vzd\u00e1len\u00fd p\u0159\u00edstup a vzd\u00e1lenou pr\u00e1ci. Rychl\u00e9 reakce Minim\u00e1ln\u00ed latence prost\u0159ednictv\u00edm na\u0161eho vlastn\u00edho kodeku DeskRT a frekvenci sn\u00edmk\u016f 60 fps. Mal\u00e1 velikost St\u00e1hn\u011bte soubor s velikost\u00ed 3 MB, spus\u0165te aplikaci a m\u00e1te hotovo. Pro\u010d 800+milion\u016f u\u017eivatel\u016fmiluje AnyDesk? Bezpe\u010dnost Zabezpe\u010den\u00ed TLS 1.2 na vojensk\u00e9 \u00farovni,256bitov\u00e9 \u0161ifrov\u00e1n\u00ed [&hellip;]<\/p>\n","protected":false},"author":1,"featured_media":0,"parent":0,"menu_order":0,"comment_status":"closed","ping_status":"closed","template":"template\/fullwidth.php","meta":{"om_disable_all_campaigns":false,"_monsterinsights_skip_tracking":false,"_monsterinsights_sitenote_active":false,"_monsterinsights_sitenote_note":"","_monsterinsights_sitenote_category":0,"footnotes":""},"class_list":["post-56","page","type-page","status-publish","hentry"],"aioseo_notices":[],"_links":{"self":[{"href":"https:\/\/www.instaluj.cz\/anydesk\/wp-json\/wp\/v2\/pages\/56","targetHints":{"allow":["GET"]}}],"collection":[{"href":"https:\/\/www.instaluj.cz\/anydesk\/wp-json\/wp\/v2\/pages"}],"about":[{"href":"https:\/\/www.instaluj.cz\/anydesk\/wp-json\/wp\/v2\/types\/page"}],"author":[{"embeddable":true,"href":"https:\/\/www.instaluj.cz\/anydesk\/wp-json\/wp\/v2\/users\/1"}],"replies":[{"embeddable":true,"href":"https:\/\/www.instaluj.cz\/anydesk\/wp-json\/wp\/v2\/comments?post=56"}],"version-history":[{"count":75,"href":"https:\/\/www.instaluj.cz\/anydesk\/wp-json\/wp\/v2\/pages\/56\/revisions"}],"predecessor-version":[{"id":6345,"href":"https:\/\/www.instaluj.cz\/anydesk\/wp-json\/wp\/v2\/pages\/56\/revisions\/6345"}],"wp:attachment":[{"href":"https:\/\/www.instaluj.cz\/anydesk\/wp-json\/wp\/v2\/media?parent=56"}],"curies":[{"name":"wp","href":"https:\/\/api.w.org\/{rel}","templated":true}]}}