{"id":554,"date":"2022-10-23T13:06:32","date_gmt":"2022-10-23T11:06:32","guid":{"rendered":"https:\/\/www.instaluj.cz\/anydesk\/?page_id=554"},"modified":"2022-12-08T12:52:05","modified_gmt":"2022-12-08T11:52:05","slug":"vzdalena-spoluprace","status":"publish","type":"page","link":"https:\/\/www.instaluj.cz\/anydesk\/proc-anydesk\/vzdalena-spoluprace\/","title":{"rendered":"Vzd\u00e1len\u00e1 Spolupr\u00e1ce"},"content":{"rendered":"\n<h2 class=\"has-text-align-center wp-block-heading\">Efektivn\u00ed T\u00fdmov\u00e1 Pr\u00e1ce a Spolupr\u00e1ce Odkudkoliv<\/h2>\n\n\n\n<div class=\"wp-block-cover\"><span aria-hidden=\"true\" class=\"wp-block-cover__background has-background-dim\"><\/span><img loading=\"lazy\" decoding=\"async\" width=\"2000\" height=\"1333\" class=\"wp-block-cover__image-background wp-image-555\" alt=\"\" src=\"https:\/\/www.instaluj.cz\/anydesk\/wp-content\/uploads\/2022\/10\/people-sitting-cafe-talking.jpg\" data-object-fit=\"cover\" srcset=\"https:\/\/www.instaluj.cz\/anydesk\/wp-content\/uploads\/2022\/10\/people-sitting-cafe-talking.jpg 2000w, https:\/\/www.instaluj.cz\/anydesk\/wp-content\/uploads\/2022\/10\/people-sitting-cafe-talking-300x200.jpg 300w, https:\/\/www.instaluj.cz\/anydesk\/wp-content\/uploads\/2022\/10\/people-sitting-cafe-talking-1024x682.jpg 1024w, https:\/\/www.instaluj.cz\/anydesk\/wp-content\/uploads\/2022\/10\/people-sitting-cafe-talking-768x512.jpg 768w, https:\/\/www.instaluj.cz\/anydesk\/wp-content\/uploads\/2022\/10\/people-sitting-cafe-talking-1536x1024.jpg 1536w\" sizes=\"auto, (max-width: 2000px) 100vw, 2000px\" \/><div class=\"wp-block-cover__inner-container is-layout-flow wp-block-cover-is-layout-flow\">\n<div style=\"height:100px\" aria-hidden=\"true\" class=\"wp-block-spacer\"><\/div>\n\n\n\n<p class=\"has-text-align-center has-large-font-size\">I kdy\u017e jsou v\u0161ichni v r\u016fzn\u00fdch lokalit\u00e1ch, pou\u017eit\u00edm spr\u00e1vn\u00e9ho software se stane t\u00fdmov\u00e1 spolupr\u00e1ce efektivn\u00ed. S aplikac\u00ed AnyDesk je spolupr\u00e1ce s k\u00fdmkoli snadn\u00e1 a bezpe\u010dn\u00e1 bez ohledu na vzd\u00e1lenost.<\/p>\n\n\n\n<div style=\"height:100px\" aria-hidden=\"true\" class=\"wp-block-spacer\"><\/div>\n\n\n\n<div class=\"wp-block-buttons is-layout-flex wp-block-buttons-is-layout-flex\">\n<div class=\"wp-block-button aligncenter\"><a class=\"wp-block-button__link has-background wp-element-button\" href=\"https:\/\/shop.instaluj.cz\/vyrobce\/anydesk-software-gmbh\" style=\"background-color:#ef443b\" target=\"_blank\" rel=\"noreferrer noopener\">Koupit<\/a><\/div>\n<\/div>\n\n\n\n<div style=\"height:100px\" aria-hidden=\"true\" class=\"wp-block-spacer\"><\/div>\n<\/div><\/div>\n\n\n\n<div style=\"height:100px\" aria-hidden=\"true\" class=\"wp-block-spacer\"><\/div>\n\n\n\n<div class=\"wp-block-columns is-layout-flex wp-container-core-columns-is-layout-9d6595d7 wp-block-columns-is-layout-flex\">\n<div class=\"wp-block-column is-layout-flow wp-block-column-is-layout-flow\">\n<h2 class=\"has-text-align-center wp-block-heading\"><a href=\"https:\/\/www.instaluj.cz\/anydesk\/proc-anydesk\/vzdalena-spoluprace\/\" title=\"Vzd\u00e1len\u00e1 Spolupr\u00e1ce\">Vzd\u00e1len\u00e1 Spolupr\u00e1ce<\/a><\/h2>\n\n\n\n<p class=\"has-text-align-center\">Spolupr\u00e1ce, brainstorming nebo spole\u010dn\u00e1 pr\u00e1ce mohou b\u00fdt obt\u00ed\u017en\u00e9, kdy\u017e nejste na stejn\u00e9m m\u00edst\u011b. <strong>AnyDesk<\/strong> umo\u017e\u0148uje komunikovat s kolegy a klienty bez ohledu na to, kde se kdo nach\u00e1z\u00ed. Sd\u00edlejte obrazovku pro prezentace, diskutujte spole\u010dn\u011b nad spole\u010dnou b\u00edlou tabuli a sd\u00edlejte soubory prost\u0159ednictv\u00edm funkce pro p\u0159enos soubor\u016f. S aplikac\u00ed <strong>AnyDesk<\/strong> je spolupr\u00e1ce mo\u017en\u00e1 n\u011bkolika jednoduch\u00fdmi kliky.<\/p>\n<\/div>\n\n\n\n<div class=\"wp-block-column is-layout-flow wp-block-column-is-layout-flow\">\n<h2 class=\"has-text-align-center wp-block-heading\"><a href=\"https:\/\/www.instaluj.cz\/anydesk\/proc-anydesk\/technicka-podpora-it-s-anydesk\/\" title=\"Vzd\u00e1len\u00e1 Podpora\">Vzd\u00e1len\u00e1 Podpora<\/a><\/h2>\n\n\n\n<p class=\"has-text-align-center\">Kdy\u017e je ka\u017ed\u00fd na jin\u00e9 m\u00edst\u011b, m\u016f\u017ee b\u00fdt pomoc koleg\u016fm a klient\u016fm komplikovan\u00e1. A\u0165 u\u017e jste ve vedlej\u0161\u00ed kancel\u00e1\u0159i nebo na pl\u00e1\u017ei na druh\u00e9m konci sv\u011bta &#8211; \u0159e\u0161en\u00ed probl\u00e9m\u016f prost\u0159ednictv\u00edm aplikace <strong>AnyDesk<\/strong> je snadn\u00e9 a jednoduch\u00e9. Probl\u00e9my vy\u0159e\u0161\u00edte spole\u010dnou prac\u00ed na stejn\u00e9m za\u0159\u00edzen\u00ed a komunikac\u00ed prost\u0159ednictv\u00edm integrovan\u00e9ho chatu. Nab\u00edz\u00edme v\u00e1m \u0159e\u0161en\u00ed s promy\u0161len\u00fdmi funkcemi, <\/p>\n<\/div>\n\n\n\n<div class=\"wp-block-column is-layout-flow wp-block-column-is-layout-flow\">\n<h2 class=\"has-text-align-center wp-block-heading\"><a href=\"https:\/\/www.instaluj.cz\/anydesk\/proc-anydesk\/vzdaleny-pristup\/\" title=\"Vzd\u00e1len\u00fd p\u0159\u00edstup\">Bezpe\u010dn\u00fd P\u0159\u00edstup<\/a><\/h2>\n\n\n\n<p class=\"has-text-align-center\">S aplikac\u00ed <strong>AnyDesk<\/strong> je mo\u017en\u00e9 p\u0159\u00edstupovat ke stroj\u016fm bezpe\u010dn\u011b. To pom\u00e1h\u00e1 zejm\u00e9na v p\u0159\u00edpadech, kdy je t\u0159eba vzd\u00e1len\u011b p\u0159\u00edstupovat k velk\u00e9mu mno\u017estv\u00ed dat. Zam\u011bstnanci na r\u016fzn\u00fdch m\u00edstech mohou pomoc\u00ed <strong>AnyDesku<\/strong> spolupracovat p\u0159\u00edmo a nep\u0159etr\u017eit\u011b. Nam\u00edsto n\u00e1kladn\u00e9ho p\u0159epos\u00edl\u00e1n\u00ed dat ven, lze ke stroji p\u0159istupovat bezpe\u010dn\u011b. Data tak lze bez probl\u00e9m\u016f prohl\u00ed\u017eet odkudkoli a kdykoli a to i p\u0159i \u0161patn\u00e9m p\u0159ipojen\u00ed k internetu.<\/p>\n<\/div>\n<\/div>\n","protected":false},"excerpt":{"rendered":"<p>Efektivn\u00ed T\u00fdmov\u00e1 Pr\u00e1ce a Spolupr\u00e1ce Odkudkoliv Vzd\u00e1len\u00e1 Spolupr\u00e1ce Spolupr\u00e1ce, brainstorming nebo spole\u010dn\u00e1 pr\u00e1ce mohou b\u00fdt obt\u00ed\u017en\u00e9, kdy\u017e nejste na stejn\u00e9m m\u00edst\u011b. AnyDesk umo\u017e\u0148uje komunikovat s kolegy a klienty bez ohledu na to, kde se kdo nach\u00e1z\u00ed. Sd\u00edlejte obrazovku pro prezentace, diskutujte spole\u010dn\u011b nad spole\u010dnou b\u00edlou tabuli a sd\u00edlejte soubory prost\u0159ednictv\u00edm funkce pro p\u0159enos soubor\u016f. S [&hellip;]<\/p>\n","protected":false},"author":1,"featured_media":0,"parent":30,"menu_order":0,"comment_status":"closed","ping_status":"closed","template":"template\/fullwidth.php","meta":{"om_disable_all_campaigns":false,"_monsterinsights_skip_tracking":false,"_monsterinsights_sitenote_active":false,"_monsterinsights_sitenote_note":"","_monsterinsights_sitenote_category":0,"footnotes":""},"class_list":["post-554","page","type-page","status-publish","hentry"],"aioseo_notices":[],"_links":{"self":[{"href":"https:\/\/www.instaluj.cz\/anydesk\/wp-json\/wp\/v2\/pages\/554","targetHints":{"allow":["GET"]}}],"collection":[{"href":"https:\/\/www.instaluj.cz\/anydesk\/wp-json\/wp\/v2\/pages"}],"about":[{"href":"https:\/\/www.instaluj.cz\/anydesk\/wp-json\/wp\/v2\/types\/page"}],"author":[{"embeddable":true,"href":"https:\/\/www.instaluj.cz\/anydesk\/wp-json\/wp\/v2\/users\/1"}],"replies":[{"embeddable":true,"href":"https:\/\/www.instaluj.cz\/anydesk\/wp-json\/wp\/v2\/comments?post=554"}],"version-history":[{"count":4,"href":"https:\/\/www.instaluj.cz\/anydesk\/wp-json\/wp\/v2\/pages\/554\/revisions"}],"predecessor-version":[{"id":774,"href":"https:\/\/www.instaluj.cz\/anydesk\/wp-json\/wp\/v2\/pages\/554\/revisions\/774"}],"up":[{"embeddable":true,"href":"https:\/\/www.instaluj.cz\/anydesk\/wp-json\/wp\/v2\/pages\/30"}],"wp:attachment":[{"href":"https:\/\/www.instaluj.cz\/anydesk\/wp-json\/wp\/v2\/media?parent=554"}],"curies":[{"name":"wp","href":"https:\/\/api.w.org\/{rel}","templated":true}]}}