{"id":517,"date":"2022-10-22T18:31:49","date_gmt":"2022-10-22T16:31:49","guid":{"rendered":"https:\/\/www.instaluj.cz\/anydesk\/?page_id=517"},"modified":"2022-12-08T12:47:23","modified_gmt":"2022-12-08T11:47:23","slug":"mobilni-zarizeni-android-ios","status":"publish","type":"page","link":"https:\/\/www.instaluj.cz\/anydesk\/proc-anydesk\/mobilni-zarizeni-android-ios\/","title":{"rendered":"Podpora Mobiln\u00edch Za\u0159\u00edzen\u00ed"},"content":{"rendered":"\n<h2 class=\"has-text-align-center wp-block-heading\">\u0160irok\u00e1 podpora mobiln\u00edch za\u0159\u00edzen\u00ed s aplikac\u00ed <strong>AnyDesk<\/strong><\/h2>\n\n\n\n<div class=\"wp-block-cover is-light has-parallax\"><span aria-hidden=\"true\" class=\"wp-block-cover__background has-background-dim\"><\/span><div role=\"img\" class=\"wp-block-cover__image-background wp-image-520 has-parallax\" style=\"background-position:50% 50%;background-image:url(https:\/\/www.instaluj.cz\/anydesk\/wp-content\/uploads\/2022\/10\/woman-tablet-anydesk.jpg)\"><\/div><div class=\"wp-block-cover__inner-container is-layout-flow wp-block-cover-is-layout-flow\">\n<div style=\"height:100px\" aria-hidden=\"true\" class=\"wp-block-spacer\"><\/div>\n\n\n\n<p class=\"has-text-align-center has-white-color has-text-color has-large-font-size\">A\u0165 u\u017e jste ve vedlej\u0161\u00ed kancel\u00e1\u0159i nebo na druh\u00e9m konci sv\u011bta &#8211; s AnyDesk na mobiln\u00edm za\u0159\u00edzen\u00ed je sv\u011bt v\u0161ude tam, kde jste vy &#8211; bez dal\u0161\u00edch poplatk\u016f a v r\u00e1mci jak\u00e9koli placen\u00e9 licence.<\/p>\n\n\n\n<div style=\"height:100px\" aria-hidden=\"true\" class=\"wp-block-spacer\"><\/div>\n\n\n\n<div class=\"wp-block-buttons is-layout-flex wp-block-buttons-is-layout-flex\">\n<div class=\"wp-block-button aligncenter\"><a class=\"wp-block-button__link has-background wp-element-button\" href=\"https:\/\/shop.instaluj.cz\/vyrobce\/anydesk-software-gmbh\" style=\"background-color:#ef443b\">Koupit<\/a><\/div>\n<\/div>\n\n\n\n<div style=\"height:100px\" aria-hidden=\"true\" class=\"wp-block-spacer\"><\/div>\n<\/div><\/div>\n\n\n\n<div style=\"height:100px\" aria-hidden=\"true\" class=\"wp-block-spacer\"><\/div>\n\n\n\n<h2 class=\"has-text-align-center wp-block-heading\">Kompatibiln\u00ed a nez\u00e1visl\u00fd nap\u0159\u00ed\u010d platformami<\/h2>\n\n\n\n<p class=\"has-text-align-center\">\u0158e\u0161en\u00ed <strong>AnyDesk<\/strong> je k dispozici pro syst\u00e9my Android a iOS a nab\u00edz\u00ed mo\u017enost p\u0159ipojen\u00ed, p\u0159\u00edstupu a ovl\u00e1d\u00e1n\u00ed stoln\u00edch po\u010d\u00edta\u010d\u016f, server\u016f, stroj\u016f a za\u0159\u00edzen\u00ed prost\u0159ednictv\u00edm chytr\u00e9ho telefonu nebo tabletu. <a href=\"https:\/\/www.instaluj.cz\/anydesk\/informace-anydesk\/podporovane-os-anydesk\/\" title=\"Podporovan\u00e9 OS AnyDesk\">Kompatibiln\u00ed nap\u0159\u00ed\u010d platformami<\/a> a nez\u00e1visl\u00fd na nich, s \u0159adou promy\u0161len\u00fdch funkc\u00ed pro komplexn\u00ed vzd\u00e1len\u00e9 ovl\u00e1dan\u00ed<\/p>\n\n\n\n<div style=\"height:100px\" aria-hidden=\"true\" class=\"wp-block-spacer\"><\/div>\n\n\n\n<div class=\"wp-block-columns is-layout-flex wp-container-core-columns-is-layout-9d6595d7 wp-block-columns-is-layout-flex\">\n<div class=\"wp-block-column is-layout-flow wp-block-column-is-layout-flow\">\n<h2 class=\"has-text-align-center wp-block-heading\"><a href=\"https:\/\/www.instaluj.cz\/anydesk\/proc-anydesk\/mobilni-zarizeni-android-ios\/\" title=\"Podpora Mobiln\u00edch Za\u0159\u00edzen\u00ed\">Mobiln\u00ed Vzd\u00e1len\u00e9 P\u0159ipojen\u00ed<\/a><\/h2>\n\n\n\n<p class=\"has-text-align-center\">S aplikac\u00ed <strong>AnyDesk <\/strong>je zaji\u0161t\u011bna bezprobl\u00e9mov\u00e1 vz\u00e1jemn\u00e1 kompatibilita mezi za\u0159\u00edzen\u00edmi v r\u016fzn\u00fdch opera\u010dn\u00edch syst\u00e9mech. A\u0165 u\u017e p\u0159istupujete ke stoln\u00edmu po\u010d\u00edta\u010di z telefonu nebo naopak &#8211; <strong>AnyDesk<\/strong> v\u00e1m poskytuje mobiln\u00ed \u0159e\u0161en\u00ed. Nab\u00eddn\u011bte z\u00e1kazn\u00edk\u016fm a klient\u016fm \u0161irokou \u0161k\u00e1lu podpory a nejlep\u0161\u00ed mo\u017enou z\u00e1kaznickou zku\u0161enost bez ohledu na pou\u017eit\u00e9 za\u0159\u00edzen\u00ed nebo opera\u010dn\u00ed syst\u00e9m<\/p>\n<\/div>\n\n\n\n<div class=\"wp-block-column is-layout-flow wp-block-column-is-layout-flow\">\n<h2 class=\"has-text-align-center wp-block-heading\"><a href=\"https:\/\/www.instaluj.cz\/anydesk\/proc-anydesk\/vzdaleny-pristup\/\" title=\"Vzd\u00e1len\u00fd p\u0159\u00edstup\">Mobiln\u00ed Vzd\u00e1len\u00fd P\u0159\u00edstup<\/a><\/h2>\n\n\n\n<p class=\"has-text-align-center\">A\u0165 jste na cest\u00e1ch, pracujete z domova nebo jste na slu\u017eebn\u00ed cest\u011b, s aplikac\u00ed <strong>AnyDesk <\/strong>m\u016f\u017eete p\u0159istupovat k soubor\u016fm, aplikac\u00edm, stoln\u00edm po\u010d\u00edta\u010d\u016fm, server\u016fm a dal\u0161\u00edm odkudkoliv! Na\u0161e mobiln\u00ed \u0159e\u0161en\u00ed v\u00e1m poskytuje snadn\u00fd a bezpe\u010dn\u00fd p\u0159\u00edstup z va\u0161eho mobiln\u00edho za\u0159\u00edzen\u00ed. <strong>AnyDesk<\/strong> v\u00e1m umo\u017en\u00ed vyu\u017e\u00edvat podporu a hybridn\u00ed modely pr\u00e1ce &#8211; co\u017e je obrovsk\u00fd p\u0159\u00ednos jak pro klienty, tak pro firmy!<\/p>\n<\/div>\n\n\n\n<div class=\"wp-block-column is-layout-flow wp-block-column-is-layout-flow\">\n<h2 class=\"has-text-align-center wp-block-heading\"><a href=\"https:\/\/www.instaluj.cz\/anydesk\/proc-anydesk\/anydesk-vzdalena-plocha\/\" title=\"Vzd\u00e1len\u00e1 Plocha\">Mobiln\u00ed Vzd\u00e1len\u00e9 Ovl\u00e1dan\u00ed<\/a><\/h2>\n\n\n\n<p class=\"has-text-align-center\">AnyDesk nejen\u017ee umo\u017e\u0148uje p\u0159\u00edstup k za\u0159\u00edzen\u00edm s r\u016fzn\u00fdmi opera\u010dn\u00edmi syst\u00e9my, ale tak\u00e9 je m\u016f\u017eete ovl\u00e1dat na d\u00e1lku, jako byste byli p\u0159\u00edmo p\u0159ed nimi &#8211; a to i v p\u0159\u00edpad\u011b za\u0159\u00edzen\u00ed se syst\u00e9mem Android. <strong>AnyDesk<\/strong> nab\u00edz\u00ed mnoho funkc\u00ed pro syst\u00e9my Android a iOS, abychom poskytli v\u0161e pro skv\u011bl\u00e9 vzd\u00e1len\u00e9 p\u0159ipojen\u00ed bez nadm\u011brn\u00e9ho zat\u011b\u017eov\u00e1n\u00ed u\u017eivatel\u016f.<\/p>\n<\/div>\n<\/div>\n","protected":false},"excerpt":{"rendered":"<p>\u0160irok\u00e1 podpora mobiln\u00edch za\u0159\u00edzen\u00ed s aplikac\u00ed AnyDesk Kompatibiln\u00ed a nez\u00e1visl\u00fd nap\u0159\u00ed\u010d platformami \u0158e\u0161en\u00ed AnyDesk je k dispozici pro syst\u00e9my Android a iOS a nab\u00edz\u00ed mo\u017enost p\u0159ipojen\u00ed, p\u0159\u00edstupu a ovl\u00e1d\u00e1n\u00ed stoln\u00edch po\u010d\u00edta\u010d\u016f, server\u016f, stroj\u016f a za\u0159\u00edzen\u00ed prost\u0159ednictv\u00edm chytr\u00e9ho telefonu nebo tabletu. Kompatibiln\u00ed nap\u0159\u00ed\u010d platformami a nez\u00e1visl\u00fd na nich, s \u0159adou promy\u0161len\u00fdch funkc\u00ed pro komplexn\u00ed vzd\u00e1len\u00e9 ovl\u00e1dan\u00ed [&hellip;]<\/p>\n","protected":false},"author":1,"featured_media":0,"parent":30,"menu_order":0,"comment_status":"closed","ping_status":"closed","template":"template\/fullwidth.php","meta":{"om_disable_all_campaigns":false,"_monsterinsights_skip_tracking":false,"_monsterinsights_sitenote_active":false,"_monsterinsights_sitenote_note":"","_monsterinsights_sitenote_category":0,"footnotes":""},"class_list":["post-517","page","type-page","status-publish","hentry"],"aioseo_notices":[],"_links":{"self":[{"href":"https:\/\/www.instaluj.cz\/anydesk\/wp-json\/wp\/v2\/pages\/517","targetHints":{"allow":["GET"]}}],"collection":[{"href":"https:\/\/www.instaluj.cz\/anydesk\/wp-json\/wp\/v2\/pages"}],"about":[{"href":"https:\/\/www.instaluj.cz\/anydesk\/wp-json\/wp\/v2\/types\/page"}],"author":[{"embeddable":true,"href":"https:\/\/www.instaluj.cz\/anydesk\/wp-json\/wp\/v2\/users\/1"}],"replies":[{"embeddable":true,"href":"https:\/\/www.instaluj.cz\/anydesk\/wp-json\/wp\/v2\/comments?post=517"}],"version-history":[{"count":8,"href":"https:\/\/www.instaluj.cz\/anydesk\/wp-json\/wp\/v2\/pages\/517\/revisions"}],"predecessor-version":[{"id":766,"href":"https:\/\/www.instaluj.cz\/anydesk\/wp-json\/wp\/v2\/pages\/517\/revisions\/766"}],"up":[{"embeddable":true,"href":"https:\/\/www.instaluj.cz\/anydesk\/wp-json\/wp\/v2\/pages\/30"}],"wp:attachment":[{"href":"https:\/\/www.instaluj.cz\/anydesk\/wp-json\/wp\/v2\/media?parent=517"}],"curies":[{"name":"wp","href":"https:\/\/api.w.org\/{rel}","templated":true}]}}