{"id":513,"date":"2022-10-22T15:05:54","date_gmt":"2022-10-22T13:05:54","guid":{"rendered":"https:\/\/www.instaluj.cz\/anydesk\/?page_id=513"},"modified":"2022-12-08T12:53:16","modified_gmt":"2022-12-08T11:53:16","slug":"vzdaleny-pristup","status":"publish","type":"page","link":"https:\/\/www.instaluj.cz\/anydesk\/proc-anydesk\/vzdaleny-pristup\/","title":{"rendered":"Vzd\u00e1len\u00fd p\u0159\u00edstup"},"content":{"rendered":"\n<h2 class=\"has-text-align-center wp-block-heading\">Bezpe\u010dn\u00fd vzd\u00e1len\u00fd p\u0159\u00edstup pro r\u016fzn\u00e9 pou\u017eit\u00ed<\/h2>\n\n\n\n<div class=\"wp-block-cover is-light has-parallax\"><span aria-hidden=\"true\" class=\"wp-block-cover__background has-background-dim\"><\/span><div role=\"img\" class=\"wp-block-cover__image-background wp-image-514 has-parallax\" style=\"background-position:50% 50%;background-image:url(https:\/\/www.instaluj.cz\/anydesk\/wp-content\/uploads\/2022\/10\/man-working-laptop-dark-room.jpg)\"><\/div><div class=\"wp-block-cover__inner-container is-layout-flow wp-block-cover-is-layout-flow\">\n<div style=\"height:100px\" aria-hidden=\"true\" class=\"wp-block-spacer\"><\/div>\n\n\n\n<p class=\"has-text-align-center has-white-color has-text-color has-large-font-size\">Bezpe\u010dn\u00e9 a flexibiln\u00ed p\u0159ipojen\u00ed k za\u0159\u00edzen\u00edm na druh\u00e9m konci sv\u011bta. AnyDesk je dokonal\u00fdm \u0159e\u0161en\u00edm pro nad\u0161ence do internetu v\u011bc (IoT) i pro profesion\u00e1ly v oblasti IT.<\/p>\n\n\n\n<div style=\"height:100px\" aria-hidden=\"true\" class=\"wp-block-spacer\"><\/div>\n\n\n\n<div class=\"wp-block-buttons is-layout-flex wp-block-buttons-is-layout-flex\">\n<div class=\"wp-block-button aligncenter\"><a class=\"wp-block-button__link has-background wp-element-button\" href=\"https:\/\/shop.instaluj.cz\/vyrobce\/anydesk-software-gmbh\" style=\"background-color:#ef443b\">Koupit<\/a><\/div>\n<\/div>\n\n\n\n<div style=\"height:100px\" aria-hidden=\"true\" class=\"wp-block-spacer\"><\/div>\n<\/div><\/div>\n\n\n\n<div style=\"height:100px\" aria-hidden=\"true\" class=\"wp-block-spacer\"><\/div>\n\n\n\n<h2 class=\"has-text-align-center wp-block-heading\">Bezpe\u010dn\u00fd vzd\u00e1len\u00fd p\u0159\u00edstup pro r\u016fzn\u00e9 p\u0159\u00edpady pou\u017eit\u00ed<\/h2>\n\n\n\n<p class=\"has-text-align-center\">A\u0165 u\u017e chcete spravovat v\u00edce za\u0159\u00edzen\u00ed, udr\u017eovat a monitorovat po\u010d\u00edta\u010de nebo ovl\u00e1dat vysoce v\u00fdkonn\u00e9 stroje, <strong>AnyDesk<\/strong> v\u00e1m umo\u017en\u00ed stabiln\u00ed a bezpe\u010dn\u00e9 p\u0159ipojen\u00ed nap\u0159\u00ed\u010d v\u0161emi platformami. Zjist\u011bte, jak je <strong>AnyDesk<\/strong> va\u0161\u00edm ide\u00e1ln\u00edm partnerem pro internet v\u011bc\u00ed.<\/p>\n\n\n\n<div style=\"height:100px\" aria-hidden=\"true\" class=\"wp-block-spacer\"><\/div>\n\n\n\n<div class=\"wp-block-columns is-layout-flex wp-container-core-columns-is-layout-9d6595d7 wp-block-columns-is-layout-flex\">\n<div class=\"wp-block-column is-layout-flow wp-block-column-is-layout-flow\">\n<h2 class=\"has-text-align-center wp-block-heading\"><a href=\"https:\/\/www.instaluj.cz\/anydesk\/proc-anydesk\/vzdaleny-pristup\/\" title=\"Vzd\u00e1len\u00fd p\u0159\u00edstup\">Bezpe\u010dn\u00fd Vzd\u00e1len\u00fd P\u0159\u00edstup<\/a><\/h2>\n\n\n\n<p class=\"has-text-align-center\">P\u0159i p\u0159\u00edstupu k za\u0159\u00edzen\u00edm nap\u0159\u00ed\u010d v\u0161emi platformami je v\u017edy kl\u00ed\u010dov\u00e9 zabezpe\u010den\u00ed. \u0160ifrov\u00e1n\u00ed na vojensk\u00e9 \u00farovn\u00ed zaji\u0161\u0165uje, \u017ee p\u0159\u00edstup p\u0159es AnyDesk k va\u0161\u00edm za\u0159\u00edzen\u00edm a datum, je v\u017edy bezpe\u010dn\u00fd. <\/p>\n<\/div>\n\n\n\n<div class=\"wp-block-column is-layout-flow wp-block-column-is-layout-flow\">\n<h2 class=\"has-text-align-center wp-block-heading\"><a href=\"https:\/\/www.instaluj.cz\/anydesk\/informace-anydesk\/podporovane-os-anydesk\/\" title=\"Podporovan\u00e9 OS AnyDesk\">Flexibiln\u00ed Mo\u017enosti Pro IoT<\/a><\/h2>\n\n\n\n<p class=\"has-text-align-center\">Ovl\u00e1dejte vzd\u00e1len\u011b v\u00fdkonn\u00e9 stroje z libovoln\u00e9ho za\u0159\u00edzen\u00ed &#8211; dokonce i z mobiln\u00edch telefon\u016f. Pracujte na vzd\u00e1len\u00fdch pracovn\u00edch stanic\u00edh nebo sledujte d\u016fv\u011brn\u00e9 procesy odkudkoli.<\/p>\n<\/div>\n\n\n\n<div class=\"wp-block-column is-layout-flow wp-block-column-is-layout-flow\">\n<h2 class=\"has-text-align-center wp-block-heading\"><a href=\"https:\/\/www.instaluj.cz\/anydesk\/proc-anydesk\/vzdaleny-pristup\/\" title=\"Vzd\u00e1len\u00fd p\u0159\u00edstup\">Jednoduch\u00e1 a Efektivn\u00ed Vzd\u00e1len\u00e1 \u00dadr\u017eba<\/a><\/h2>\n\n\n\n<p class=\"has-text-align-center\">Spravujte a udr\u017eujte stroje z jednoho m\u00edsta. Z\u00edskejte zabezpe\u010den\u00fd vzd\u00e1len\u00fd p\u0159\u00edstup k r\u016fzn\u00fdm za\u0159\u00edzen\u00edm a spravujte je vzd\u00e1len\u011b.<\/p>\n<\/div>\n<\/div>\n","protected":false},"excerpt":{"rendered":"<p>Bezpe\u010dn\u00fd vzd\u00e1len\u00fd p\u0159\u00edstup pro r\u016fzn\u00e9 pou\u017eit\u00ed Bezpe\u010dn\u00fd vzd\u00e1len\u00fd p\u0159\u00edstup pro r\u016fzn\u00e9 p\u0159\u00edpady pou\u017eit\u00ed A\u0165 u\u017e chcete spravovat v\u00edce za\u0159\u00edzen\u00ed, udr\u017eovat a monitorovat po\u010d\u00edta\u010de nebo ovl\u00e1dat vysoce v\u00fdkonn\u00e9 stroje, AnyDesk v\u00e1m umo\u017en\u00ed stabiln\u00ed a bezpe\u010dn\u00e9 p\u0159ipojen\u00ed nap\u0159\u00ed\u010d v\u0161emi platformami. Zjist\u011bte, jak je AnyDesk va\u0161\u00edm ide\u00e1ln\u00edm partnerem pro internet v\u011bc\u00ed. Bezpe\u010dn\u00fd Vzd\u00e1len\u00fd P\u0159\u00edstup P\u0159i p\u0159\u00edstupu k za\u0159\u00edzen\u00edm [&hellip;]<\/p>\n","protected":false},"author":1,"featured_media":0,"parent":30,"menu_order":0,"comment_status":"closed","ping_status":"closed","template":"template\/fullwidth.php","meta":{"om_disable_all_campaigns":false,"_monsterinsights_skip_tracking":false,"_monsterinsights_sitenote_active":false,"_monsterinsights_sitenote_note":"","_monsterinsights_sitenote_category":0,"footnotes":""},"class_list":["post-513","page","type-page","status-publish","hentry"],"aioseo_notices":[],"_links":{"self":[{"href":"https:\/\/www.instaluj.cz\/anydesk\/wp-json\/wp\/v2\/pages\/513","targetHints":{"allow":["GET"]}}],"collection":[{"href":"https:\/\/www.instaluj.cz\/anydesk\/wp-json\/wp\/v2\/pages"}],"about":[{"href":"https:\/\/www.instaluj.cz\/anydesk\/wp-json\/wp\/v2\/types\/page"}],"author":[{"embeddable":true,"href":"https:\/\/www.instaluj.cz\/anydesk\/wp-json\/wp\/v2\/users\/1"}],"replies":[{"embeddable":true,"href":"https:\/\/www.instaluj.cz\/anydesk\/wp-json\/wp\/v2\/comments?post=513"}],"version-history":[{"count":5,"href":"https:\/\/www.instaluj.cz\/anydesk\/wp-json\/wp\/v2\/pages\/513\/revisions"}],"predecessor-version":[{"id":776,"href":"https:\/\/www.instaluj.cz\/anydesk\/wp-json\/wp\/v2\/pages\/513\/revisions\/776"}],"up":[{"embeddable":true,"href":"https:\/\/www.instaluj.cz\/anydesk\/wp-json\/wp\/v2\/pages\/30"}],"wp:attachment":[{"href":"https:\/\/www.instaluj.cz\/anydesk\/wp-json\/wp\/v2\/media?parent=513"}],"curies":[{"name":"wp","href":"https:\/\/api.w.org\/{rel}","templated":true}]}}