{"id":509,"date":"2022-10-22T12:48:02","date_gmt":"2022-10-22T10:48:02","guid":{"rendered":"https:\/\/www.instaluj.cz\/anydesk\/?page_id=509"},"modified":"2022-11-30T12:59:16","modified_gmt":"2022-11-30T11:59:16","slug":"vzdalena-prace","status":"publish","type":"page","link":"https:\/\/www.instaluj.cz\/anydesk\/proc-anydesk\/vzdalena-prace\/","title":{"rendered":"Vzd\u00e1len\u00e1 Pr\u00e1ce"},"content":{"rendered":"\n<h2 class=\"has-text-align-center wp-block-heading\">Pr\u00e1ce na d\u00e1lku: Pracujte efektivn\u011b odkudkoli<\/h2>\n\n\n\n<p><\/p>\n\n\n\n<div class=\"wp-block-cover is-light has-parallax\"><span aria-hidden=\"true\" class=\"wp-block-cover__background has-background-dim\"><\/span><div role=\"img\" class=\"wp-block-cover__image-background wp-image-510 has-parallax\" style=\"background-position:50% 50%;background-image:url(https:\/\/www.instaluj.cz\/anydesk\/wp-content\/uploads\/2022\/10\/man-sitting-in-front-of-business-building.jpg)\"><\/div><div class=\"wp-block-cover__inner-container is-layout-flow wp-block-cover-is-layout-flow\">\n<div style=\"height:100px\" aria-hidden=\"true\" class=\"wp-block-spacer\"><\/div>\n\n\n\n<p class=\"has-text-align-center has-white-color has-text-color has-large-font-size\">Software pro vzd\u00e1lenou plochu AnyDesk umo\u017e\u0148uje \u010dlen\u016fm va\u0161eho t\u00fdmu pracovat odkudkoli. Vytvo\u0159te jim pracovn\u00ed m\u00edsto, kdekoli budou pot\u0159ebovat.<\/p>\n\n\n\n<div style=\"height:100px\" aria-hidden=\"true\" class=\"wp-block-spacer\"><\/div>\n\n\n\n<div class=\"wp-block-buttons is-layout-flex wp-block-buttons-is-layout-flex\">\n<div class=\"wp-block-button aligncenter\"><a class=\"wp-block-button__link has-background wp-element-button\" href=\"https:\/\/shop.instaluj.cz\/vyrobce\/anydesk-software-gmbh\" style=\"background-color:#ef443b\">Koupit<\/a><\/div>\n<\/div>\n<\/div><\/div>\n\n\n\n<div style=\"height:100px\" aria-hidden=\"true\" class=\"wp-block-spacer\"><\/div>\n\n\n\n<h2 class=\"has-text-align-center wp-block-heading\">Budoucnost pr\u00e1ce<\/h2>\n\n\n\n<p class=\"has-text-align-center\">Hybridn\u00ed pr\u00e1ce je budoucnost! Existuje v\u00edce m\u00edst, ne\u017e jen kancel\u00e1\u0159sk\u00e9 budovy, odkud se d\u00e1 pracovat. Tento posun v\u0161ak vy\u017eaduje v\u011bt\u0161\u00ed flexibilitu. A\u0165 u\u017e pracujete z domova, na cest\u00e1ch nebo hybridn\u011b, AnyDesk poskytuje bezpe\u010dn\u00fd a snadno pou\u017eiteln\u00fd software pro vzd\u00e1lenou plochu, kter\u00fd vytv\u00e1\u0159\u00ed vhodn\u00e9 podm\u00ednky pro produktivn\u00ed a kreativn\u00ed pr\u00e1ci.<\/p>\n\n\n\n<div style=\"height:100px\" aria-hidden=\"true\" class=\"wp-block-spacer\"><\/div>\n\n\n\n<div class=\"wp-block-columns is-layout-flex wp-container-core-columns-is-layout-9d6595d7 wp-block-columns-is-layout-flex\">\n<div class=\"wp-block-column is-layout-flow wp-block-column-is-layout-flow\">\n<h2 class=\"has-text-align-center wp-block-heading\">Hybridn\u00ed Pr\u00e1ce<\/h2>\n\n\n\n<p class=\"has-text-align-center\">S n\u00e1stupem pandemie v roce 2020 musely spole\u010dnosti rychle digitalizovat sv\u00e9 procesy. \u0158e\u0161en\u00edm pro mnoho organizac\u00ed byla pr\u00e1ce z domova. Tento posun hraje kl\u00ed\u010dovou roli pro budoucnost pr\u00e1ce. Od t\u00e9 doby se etabloval model hybridn\u00ed pr\u00e1ce, kter\u00fd jednozna\u010dn\u011b nab\u00edz\u00ed to nejlep\u0161\u00ed z obou sv\u011bt\u016f, proto\u017ee umo\u017e\u0148uje z\u016fstat ve spojen\u00ed s t\u00fdmem a vyu\u017e\u00edvat \u010das na soust\u0159ed\u011bn\u00ed doma<\/p>\n<\/div>\n\n\n\n<div class=\"wp-block-column is-layout-flow wp-block-column-is-layout-flow\">\n<h2 class=\"has-text-align-center wp-block-heading\">Pracovi\u0161t\u011b 2.0<\/h2>\n\n\n\n<p class=\"has-text-align-center\">N\u011bkdy je domov t\u00edm nejlep\u0161\u00edm m\u00edstem pro pr\u00e1ci. N\u011bkdy je pohodln\u011bj\u0161\u00ed b\u00fdt v kancel\u00e1\u0159i. Hybridn\u00ed model flexibiln\u011b kombinuje oba prvky a nab\u00edz\u00ed firm\u00e1m mnoho p\u0159\u00edle\u017eitost\u00ed. D\u00edky sd\u00edlen\u00fdm pracovi\u0161t\u00edm lze efektivn\u011b vyu\u017e\u00edvat zdroje a zjednodu\u0161it pracovn\u00ed procesy. Pr\u00e1ce na d\u00e1lku je v\u00edce ne\u017e home office a nab\u00edz\u00ed prostor pro nov\u00e9 n\u00e1pady.<\/p>\n<\/div>\n\n\n\n<div class=\"wp-block-column is-layout-flow wp-block-column-is-layout-flow\">\n<h2 class=\"has-text-align-center wp-block-heading\">Podpora Mobiln\u00edch Za\u0159\u00edzen\u00ed<\/h2>\n\n\n\n<p class=\"has-text-align-center\">Pr\u00e1ce na d\u00e1lku neznamen\u00e1 pouze pr\u00e1ci odkudkoli. Znamen\u00e1 tak\u00e9 pr\u00e1ci s libovoln\u00fdm za\u0159\u00edzen\u00edm pro plnou flexibilitu. Snadn\u00e9 \u0159e\u0161en\u00ed probl\u00e9m\u016f z\u00e1kazn\u00edk\u016f nebo klient\u016f na cest\u00e1ch nen\u00ed d\u00edky AnyDesku \u017e\u00e1dn\u00fd probl\u00e9m. D\u00edky podpo\u0159e mobiln\u00edch za\u0159\u00edzen\u00ed m\u016f\u017eete snadno a bezpe\u010dn\u011b pou\u017e\u00edvat sv\u00e9 mobiln\u00ed za\u0159\u00edzen\u00ed pro p\u0159\u00edstup k jak\u00e9mukoli jin\u00e9mu za\u0159\u00edzen\u00ed. AnyDesk funguje nez\u00e1visle na platform\u011b.<\/p>\n<\/div>\n<\/div>\n","protected":false},"excerpt":{"rendered":"<p>Pr\u00e1ce na d\u00e1lku: Pracujte efektivn\u011b odkudkoli Budoucnost pr\u00e1ce Hybridn\u00ed pr\u00e1ce je budoucnost! Existuje v\u00edce m\u00edst, ne\u017e jen kancel\u00e1\u0159sk\u00e9 budovy, odkud se d\u00e1 pracovat. Tento posun v\u0161ak vy\u017eaduje v\u011bt\u0161\u00ed flexibilitu. A\u0165 u\u017e pracujete z domova, na cest\u00e1ch nebo hybridn\u011b, AnyDesk poskytuje bezpe\u010dn\u00fd a snadno pou\u017eiteln\u00fd software pro vzd\u00e1lenou plochu, kter\u00fd vytv\u00e1\u0159\u00ed vhodn\u00e9 podm\u00ednky pro produktivn\u00ed a [&hellip;]<\/p>\n","protected":false},"author":1,"featured_media":0,"parent":30,"menu_order":0,"comment_status":"closed","ping_status":"closed","template":"template\/fullwidth.php","meta":{"om_disable_all_campaigns":false,"_monsterinsights_skip_tracking":false,"_monsterinsights_sitenote_active":false,"_monsterinsights_sitenote_note":"","_monsterinsights_sitenote_category":0,"footnotes":""},"class_list":["post-509","page","type-page","status-publish","hentry"],"aioseo_notices":[],"_links":{"self":[{"href":"https:\/\/www.instaluj.cz\/anydesk\/wp-json\/wp\/v2\/pages\/509","targetHints":{"allow":["GET"]}}],"collection":[{"href":"https:\/\/www.instaluj.cz\/anydesk\/wp-json\/wp\/v2\/pages"}],"about":[{"href":"https:\/\/www.instaluj.cz\/anydesk\/wp-json\/wp\/v2\/types\/page"}],"author":[{"embeddable":true,"href":"https:\/\/www.instaluj.cz\/anydesk\/wp-json\/wp\/v2\/users\/1"}],"replies":[{"embeddable":true,"href":"https:\/\/www.instaluj.cz\/anydesk\/wp-json\/wp\/v2\/comments?post=509"}],"version-history":[{"count":9,"href":"https:\/\/www.instaluj.cz\/anydesk\/wp-json\/wp\/v2\/pages\/509\/revisions"}],"predecessor-version":[{"id":819,"href":"https:\/\/www.instaluj.cz\/anydesk\/wp-json\/wp\/v2\/pages\/509\/revisions\/819"}],"up":[{"embeddable":true,"href":"https:\/\/www.instaluj.cz\/anydesk\/wp-json\/wp\/v2\/pages\/30"}],"wp:attachment":[{"href":"https:\/\/www.instaluj.cz\/anydesk\/wp-json\/wp\/v2\/media?parent=509"}],"curies":[{"name":"wp","href":"https:\/\/api.w.org\/{rel}","templated":true}]}}