{"id":479,"date":"2022-10-22T07:40:19","date_gmt":"2022-10-22T05:40:19","guid":{"rendered":"https:\/\/www.instaluj.cz\/anydesk\/?page_id=479"},"modified":"2022-12-08T12:50:12","modified_gmt":"2022-12-08T11:50:12","slug":"technicka-podpora-it-s-anydesk","status":"publish","type":"page","link":"https:\/\/www.instaluj.cz\/anydesk\/proc-anydesk\/technicka-podpora-it-s-anydesk\/","title":{"rendered":"Vzd\u00e1len\u00e1 Podpora"},"content":{"rendered":"\n<h1 class=\"has-text-align-center wp-block-heading\">Poskytn\u011bte prvot\u0159\u00eddn\u00ed IT podporu, a\u0165 jste kdekoli<\/h1>\n\n\n\n<div class=\"wp-block-cover has-parallax\"><span aria-hidden=\"true\" class=\"wp-block-cover__background has-background-dim-60 has-background-dim\"><\/span><div role=\"img\" class=\"wp-block-cover__image-background wp-image-480 has-parallax\" style=\"background-position:50% 50%;background-image:url(https:\/\/www.instaluj.cz\/anydesk\/wp-content\/uploads\/2022\/10\/fadeoutleft-woman-headset-monitors-working-de6ca8.jpg)\"><\/div><div class=\"wp-block-cover__inner-container is-layout-flow wp-block-cover-is-layout-flow\">\n<div style=\"height:100px\" aria-hidden=\"true\" class=\"wp-block-spacer\"><\/div>\n\n\n\n<p class=\"has-text-align-center has-large-font-size\">A\u0165 jste ve vedlej\u0161\u00ed kancel\u00e1\u0159i nebo na druh\u00e9m konci sv\u011bta &#8211; vy\u0159e\u0161\u00edte jak\u00fdkoliv probl\u00e9m na po\u010d\u00edta\u010di Vzd\u00e1lenou Podporou p\u0159es AnyDesk. Bezpe\u010dn\u011b a spolehliv\u011b jak pro IT profesion\u00e1ly, tak pro poskytovatele IT slu\u017eeb.<\/p>\n\n\n\n<div style=\"height:100px\" aria-hidden=\"true\" class=\"wp-block-spacer\"><\/div>\n\n\n\n<div class=\"wp-block-buttons is-layout-flex wp-block-buttons-is-layout-flex\">\n<div class=\"wp-block-button aligncenter\"><a class=\"wp-block-button__link has-background wp-element-button\" href=\"https:\/\/shop.instaluj.cz\/vyrobce\/anydesk-software-gmbh\" style=\"background-color:#ef483b\">Koupit<\/a><\/div>\n<\/div>\n\n\n\n<div style=\"height:100px\" aria-hidden=\"true\" class=\"wp-block-spacer\"><\/div>\n<\/div><\/div>\n\n\n\n<div style=\"height:100px\" aria-hidden=\"true\" class=\"wp-block-spacer\"><\/div>\n\n\n\n<h2 class=\"has-text-align-center wp-block-heading\">Faktory pro \u00fasp\u011bch Vzd\u00e1len\u00e9 Podpory<\/h2>\n\n\n\n<p>V\u00fdjime\u010dn\u00e1 podpora IT z\u00e1vis\u00ed na mnoha faktorech. Jedn\u00edm z hlavn\u00edch faktor\u016f je jist\u011b pou\u017eit\u00ed spr\u00e1vn\u00e9ho softwaru. Software pro vzd\u00e1lenou plochu by m\u011bl b\u00fdt nejen intuitivn\u00ed a snadno ovladateln\u00fd, ale tak\u00e9 bezpe\u010dn\u00fd a p\u0159\u00edstupn\u00fd. Nab\u00edz\u00edme v\u00e1m \u0159e\u0161en\u00ed s promy\u0161len\u00fdmi funkcemi, abyste mohli poskytovat tu nejlep\u0161\u00ed mo\u017enou podporu IT, kter\u00e1 d\u00edky <strong>AnyDesk<\/strong> pot\u011b\u0161\u00ed nejen v\u00e1s, ale i va\u0161e klienty, z\u00e1kazn\u00edky a kolegy<\/p>\n\n\n\n<div style=\"height:100px\" aria-hidden=\"true\" class=\"wp-block-spacer\"><\/div>\n\n\n\n<div class=\"wp-block-columns is-layout-flex wp-container-core-columns-is-layout-9d6595d7 wp-block-columns-is-layout-flex\">\n<div class=\"wp-block-column is-layout-flow wp-block-column-is-layout-flow\">\n<h2 class=\"has-text-align-center wp-block-heading\">\u00dasp\u011b\u0161n\u00e1 IT podpora<\/h2>\n\n\n\n<p class=\"has-text-align-center\">D\u00edky propracovan\u00e9mu software pro vzd\u00e1lenou podporu budete moct poskytovat v\u00fdjime\u010dn\u00e9 slu\u017eby z\u00e1kazn\u00edk\u016fm a rychle \u0159e\u0161it probl\u00e9my a\u0165 jste kdekoliv. Vy\u0159e\u0161te n\u00e1ro\u010dn\u00e9 probl\u00e9my z\u00e1kazn\u00edk\u016f a klient\u016f snadno odkudkoli d\u00edky aplikaci AnyDesk.<\/p>\n<\/div>\n\n\n\n<div class=\"wp-block-column is-layout-flow wp-block-column-is-layout-flow\">\n<h2 class=\"has-text-align-center wp-block-heading\">Helpdesk<\/h2>\n\n\n\n<p class=\"has-text-align-center\">Propojte klienty a z\u00e1kazn\u00edky rychl\u00fdm a jednoduch\u00fdm zp\u016fsobem s t\u00fdmy podpory po cel\u00e9m sv\u011bt\u011b. D\u00edky na\u0161emu \u0159e\u0161en\u00ed vzd\u00e1len\u00e9 podpory m\u016f\u017eete z\u00e1kazn\u00edk\u016fm a klient\u016fm v\u017edy poskytnout p\u0159\u00edstup k lidem se spr\u00e1vn\u00fdmi znalostmi a odbornost\u00ed.<\/p>\n<\/div>\n\n\n\n<div class=\"wp-block-column is-layout-flow wp-block-column-is-layout-flow\">\n<h2 class=\"has-text-align-center wp-block-heading\">Mobiln\u00ed Podpora<\/h2>\n\n\n\n<p class=\"has-text-align-center\">Nab\u00eddn\u011bte sv\u00fdm z\u00e1kazn\u00edk\u016fm a klient\u016fm \u0161irokou \u0161k\u00e1lu slu\u017eeb a zajist\u011bte jim vynikaj\u00edc\u00ed z\u00e1kaznickou zku\u0161enost. AnyDesk umo\u017e\u0148uje bezprobl\u00e9movou vz\u00e1jemnou kompatibilitu mezi po\u010d\u00edta\u010di s r\u016fzn\u00fdmi opera\u010dn\u00edmi syst\u00e9my, mobily a dal\u0161\u00edmi za\u0159\u00edzen\u00edmi. <\/p>\n<\/div>\n<\/div>\n","protected":false},"excerpt":{"rendered":"<p>Poskytn\u011bte prvot\u0159\u00eddn\u00ed IT podporu, a\u0165 jste kdekoli Faktory pro \u00fasp\u011bch Vzd\u00e1len\u00e9 Podpory V\u00fdjime\u010dn\u00e1 podpora IT z\u00e1vis\u00ed na mnoha faktorech. Jedn\u00edm z hlavn\u00edch faktor\u016f je jist\u011b pou\u017eit\u00ed spr\u00e1vn\u00e9ho softwaru. Software pro vzd\u00e1lenou plochu by m\u011bl b\u00fdt nejen intuitivn\u00ed a snadno ovladateln\u00fd, ale tak\u00e9 bezpe\u010dn\u00fd a p\u0159\u00edstupn\u00fd. Nab\u00edz\u00edme v\u00e1m \u0159e\u0161en\u00ed s promy\u0161len\u00fdmi funkcemi, abyste mohli poskytovat tu [&hellip;]<\/p>\n","protected":false},"author":1,"featured_media":0,"parent":30,"menu_order":0,"comment_status":"closed","ping_status":"closed","template":"template\/fullwidth.php","meta":{"om_disable_all_campaigns":false,"_monsterinsights_skip_tracking":false,"_monsterinsights_sitenote_active":false,"_monsterinsights_sitenote_note":"","_monsterinsights_sitenote_category":0,"footnotes":""},"class_list":["post-479","page","type-page","status-publish","hentry"],"aioseo_notices":[],"_links":{"self":[{"href":"https:\/\/www.instaluj.cz\/anydesk\/wp-json\/wp\/v2\/pages\/479","targetHints":{"allow":["GET"]}}],"collection":[{"href":"https:\/\/www.instaluj.cz\/anydesk\/wp-json\/wp\/v2\/pages"}],"about":[{"href":"https:\/\/www.instaluj.cz\/anydesk\/wp-json\/wp\/v2\/types\/page"}],"author":[{"embeddable":true,"href":"https:\/\/www.instaluj.cz\/anydesk\/wp-json\/wp\/v2\/users\/1"}],"replies":[{"embeddable":true,"href":"https:\/\/www.instaluj.cz\/anydesk\/wp-json\/wp\/v2\/comments?post=479"}],"version-history":[{"count":11,"href":"https:\/\/www.instaluj.cz\/anydesk\/wp-json\/wp\/v2\/pages\/479\/revisions"}],"predecessor-version":[{"id":770,"href":"https:\/\/www.instaluj.cz\/anydesk\/wp-json\/wp\/v2\/pages\/479\/revisions\/770"}],"up":[{"embeddable":true,"href":"https:\/\/www.instaluj.cz\/anydesk\/wp-json\/wp\/v2\/pages\/30"}],"wp:attachment":[{"href":"https:\/\/www.instaluj.cz\/anydesk\/wp-json\/wp\/v2\/media?parent=479"}],"curies":[{"name":"wp","href":"https:\/\/api.w.org\/{rel}","templated":true}]}}