{"id":450,"date":"2022-10-21T18:23:22","date_gmt":"2022-10-21T16:23:22","guid":{"rendered":"https:\/\/www.instaluj.cz\/anydesk\/?page_id=450"},"modified":"2022-11-30T12:46:30","modified_gmt":"2022-11-30T11:46:30","slug":"anydesk-vzdalena-plocha","status":"publish","type":"page","link":"https:\/\/www.instaluj.cz\/anydesk\/proc-anydesk\/anydesk-vzdalena-plocha\/","title":{"rendered":"Vzd\u00e1len\u00e1 Plocha"},"content":{"rendered":"\n<h1 class=\"has-text-align-center wp-block-heading\">Rychle p\u0159ipojen\u00ed ke Vzd\u00e1len\u00e9 Plo\u0161e s AnyDesk<\/h1>\n\n\n\n<div class=\"wp-block-group\"><div class=\"wp-block-group__inner-container is-layout-flow wp-block-group-is-layout-flow\">\n<div class=\"wp-block-cover is-light\" style=\"min-height:459px;aspect-ratio:unset;\"><span aria-hidden=\"true\" class=\"wp-block-cover__background has-background-dim-0 has-background-dim\"><\/span><div class=\"wp-block-cover__inner-container is-layout-flow wp-block-cover-is-layout-flow\">\n<div class=\"wp-block-group alignfull\"><div class=\"wp-block-group__inner-container is-layout-flow wp-block-group-is-layout-flow\">\n<div class=\"wp-block-cover alignfull is-light has-parallax\" style=\"min-height:500px;aspect-ratio:unset;\"><span aria-hidden=\"true\" class=\"wp-block-cover__background has-background-dim\"><\/span><div role=\"img\" class=\"wp-block-cover__image-background wp-image-455 has-parallax\" style=\"background-position:50% 50%;background-image:url(https:\/\/www.instaluj.cz\/anydesk\/wp-content\/uploads\/2022\/10\/fadeoutright-woman-watching-tablet-in-office-29f040.jpg)\"><\/div><div class=\"wp-block-cover__inner-container is-layout-flow wp-block-cover-is-layout-flow\">\n<p class=\"has-text-align-center has-white-color has-text-color has-large-font-size\">S aplikac\u00ed AnyDesk se m\u016f\u017eete snadno p\u0159ipojit odkudkoli k jak\u00e9mukoli za\u0159\u00edzen\u00ed bez ohledu na pou\u017eit\u00fd opera\u010dn\u00ed syst\u00e9m, a\u0165 jste IT profesion\u00e1l nebo osobn\u00ed u\u017eivatel.<\/p>\n\n\n\n<div style=\"height:100px\" aria-hidden=\"true\" class=\"wp-block-spacer\"><\/div>\n\n\n\n<div class=\"wp-block-buttons is-layout-flex wp-block-buttons-is-layout-flex\">\n<div class=\"wp-block-button aligncenter is-style-fill\"><a class=\"wp-block-button__link has-background wp-element-button\" href=\"https:\/\/shop.instaluj.cz\/vyrobce\/anydesk-software-gmbh\" style=\"border-radius:100px;background-color:#ef4438\">Koupit<\/a><\/div>\n<\/div>\n<\/div><\/div>\n<\/div><\/div>\n<\/div><\/div>\n\n\n\n<div style=\"height:100px\" aria-hidden=\"true\" class=\"wp-block-spacer\"><\/div>\n<\/div><\/div>\n\n\n\n<h2 class=\"has-text-align-center wp-block-heading\">V\u00fdkonn\u00e1 Vzd\u00e1len\u00e1 Plocha<\/h2>\n\n\n\n<p class=\"has-text-align-center\">D\u00edky p\u0159ipojen\u00ed ke Vzd\u00e1len\u00e9 Plo\u0161e m\u016f\u017eete p\u0159istupovat k za\u0159\u00edzen\u00edm, kter\u00e1 jsou v jin\u00fdch lokalit\u00e1ch a m\u016f\u017eete s nimi pracovat, jako byste u nich sed\u011bli. <\/p>\n\n\n\n<p class=\"has-text-align-center\">P\u0159ipojen\u00ed ke vzd\u00e1len\u00e9 plo\u0161e p\u0159es program <strong>AnyDesk<\/strong> se hod\u00ed jak pro <a href=\"https:\/\/www.instaluj.cz\/anydesk\/proc-anydesk\/technicka-podpora-it-s-anydesk\/\" title=\"Vzd\u00e1len\u00e1 Podpora\">vzd\u00e1lenou podporu<\/a>, <a href=\"https:\/\/www.instaluj.cz\/anydesk\/proc-anydesk\/vzdaleny-pristup\/\" title=\"Vzd\u00e1len\u00e1 Podpora\">vzd\u00e1lenou \u00fadr\u017ebu<\/a>, stejn\u011b tak pro Online <a href=\"https:\/\/www.instaluj.cz\/anydesk\/proc-anydesk\/vzdalena-spoluprace\/\" title=\"Vzd\u00e1len\u00e1 Spolupr\u00e1ce\">spolupr\u00e1ci<\/a>, <a href=\"https:\/\/www.instaluj.cz\/anydesk\/proc-anydesk\/vzdalena-prace\/\" title=\"Vzd\u00e1len\u00e1 Pr\u00e1ce\">pr\u00e1ci z domu<\/a> a spoustu dal\u0161\u00edch sc\u00e9na\u0159\u016f pou\u017eit\u00ed&#8230; D\u00edky promy\u0161len\u00fdm funkc\u00edm programu <strong>AnyDesk<\/strong> za\u017eijete ten nejlep\u0161\u00ed u\u017eivatelsk\u00fd z\u00e1\u017eitek.<\/p>\n\n\n\n<div style=\"height:100px\" aria-hidden=\"true\" class=\"wp-block-spacer\"><\/div>\n\n\n\n<div class=\"wp-block-columns is-layout-flex wp-container-core-columns-is-layout-9d6595d7 wp-block-columns-is-layout-flex\">\n<div class=\"wp-block-column is-layout-flow wp-block-column-is-layout-flow\">\n<h2 class=\"has-text-align-center wp-block-heading\"><a href=\"https:\/\/www.instaluj.cz\/anydesk\/proc-anydesk\/technicka-podpora-it-s-anydesk\/\" title=\"Vzd\u00e1len\u00e1 Podpora\">Vzd\u00e1len\u00e1 Podpora<\/a><\/h2>\n\n\n\n<p class=\"has-text-align-center\">Software pro vzd\u00e1lenou podporu v\u00e1m umo\u017en\u00ed poskytovat vzd\u00e1lenou podporu odkudkoli. A\u0165 u\u017e nab\u00edz\u00edte slu\u017eby z\u00e1kazn\u00edk\u016fm nebo technickou pomoc, d\u00edky p\u0159ipojen\u00ed ke vzd\u00e1len\u00e9 plo\u0161e programem AnyDesk m\u016f\u017eete snadno \u0159e\u0161it technick\u00e9 probl\u00e9my a poskytovat podporu. <\/p>\n<\/div>\n\n\n\n<div class=\"wp-block-column is-vertically-aligned-top is-layout-flow wp-block-column-is-layout-flow\">\n<h2 class=\"has-text-align-center wp-block-heading\"><a href=\"https:\/\/www.instaluj.cz\/anydesk\/proc-anydesk\/vzdaleny-pristup\/\" title=\"Vzd\u00e1len\u00fd p\u0159\u00edstup\">Vzd\u00e1len\u00fd P\u0159\u00edstup<\/a><\/h2>\n\n\n\n<p class=\"has-text-align-center\">D\u00edky AnyDesk m\u016f\u017eete vzd\u00e1len\u011b p\u0159istupovat k po\u010d\u00edta\u010di nebo s\u00edti na d\u00e1lku. Typick\u00fdmi p\u0159\u00edklady pou\u017eit\u00ed jsou p\u0159\u00edstup k po\u010d\u00edta\u010d\u016fm a jejich ovl\u00e1dan\u00ed z jednoho centr\u00e1ln\u00edho bodu, pr\u00e1ce na vzd\u00e1len\u00fdch pracovn\u00edch stanic\u00edch nebo sledov\u00e1n\u00ed d\u016fv\u011brn\u00fdch proces\u016f odkudkoli.<\/p>\n<\/div>\n\n\n\n<div class=\"wp-block-column is-layout-flow wp-block-column-is-layout-flow\">\n<h2 class=\"has-text-align-center wp-block-heading\"><a href=\"https:\/\/www.instaluj.cz\/anydesk\/proc-anydesk\/vzdalena-prace\/\" title=\"Vzd\u00e1len\u00e1 Pr\u00e1ce\">Vzd\u00e1len\u00e1 Pr\u00e1ce<\/a><\/h2>\n\n\n\n<p class=\"has-text-align-center\">Umo\u017en\u011bte sv\u00fdm zam\u011bstnanc\u016fm pracovat na d\u00e1lku odkudkoli. Pomoc\u00ed AnyDesk nen\u00ed p\u0159\u00edstup k soubor\u016fm a za\u0159\u00edzen\u00edm \u017e\u00e1dn\u00fd probl\u00e9m. D\u00edky mnoha funkcionalit\u00e1m p\u0159enesete va\u0161e pracovi\u0161t\u011b kamkoli na sv\u011bt\u011b. S AnyDeskem budete pracovat plynule a efektivn\u011b i p\u0159i p\u0159ipojen\u00ed p\u0159es pomal\u00fd internet.<\/p>\n<\/div>\n<\/div>\n","protected":false},"excerpt":{"rendered":"<p>Rychle p\u0159ipojen\u00ed ke Vzd\u00e1len\u00e9 Plo\u0161e s AnyDesk V\u00fdkonn\u00e1 Vzd\u00e1len\u00e1 Plocha D\u00edky p\u0159ipojen\u00ed ke Vzd\u00e1len\u00e9 Plo\u0161e m\u016f\u017eete p\u0159istupovat k za\u0159\u00edzen\u00edm, kter\u00e1 jsou v jin\u00fdch lokalit\u00e1ch a m\u016f\u017eete s nimi pracovat, jako byste u nich sed\u011bli. P\u0159ipojen\u00ed ke vzd\u00e1len\u00e9 plo\u0161e p\u0159es program AnyDesk se hod\u00ed jak pro vzd\u00e1lenou podporu, vzd\u00e1lenou \u00fadr\u017ebu, stejn\u011b tak pro Online spolupr\u00e1ci, pr\u00e1ci [&hellip;]<\/p>\n","protected":false},"author":1,"featured_media":0,"parent":30,"menu_order":0,"comment_status":"closed","ping_status":"closed","template":"template\/fullwidth.php","meta":{"om_disable_all_campaigns":false,"_monsterinsights_skip_tracking":false,"_monsterinsights_sitenote_active":false,"_monsterinsights_sitenote_note":"","_monsterinsights_sitenote_category":0,"footnotes":""},"class_list":["post-450","page","type-page","status-publish","hentry"],"aioseo_notices":[],"_links":{"self":[{"href":"https:\/\/www.instaluj.cz\/anydesk\/wp-json\/wp\/v2\/pages\/450","targetHints":{"allow":["GET"]}}],"collection":[{"href":"https:\/\/www.instaluj.cz\/anydesk\/wp-json\/wp\/v2\/pages"}],"about":[{"href":"https:\/\/www.instaluj.cz\/anydesk\/wp-json\/wp\/v2\/types\/page"}],"author":[{"embeddable":true,"href":"https:\/\/www.instaluj.cz\/anydesk\/wp-json\/wp\/v2\/users\/1"}],"replies":[{"embeddable":true,"href":"https:\/\/www.instaluj.cz\/anydesk\/wp-json\/wp\/v2\/comments?post=450"}],"version-history":[{"count":21,"href":"https:\/\/www.instaluj.cz\/anydesk\/wp-json\/wp\/v2\/pages\/450\/revisions"}],"predecessor-version":[{"id":784,"href":"https:\/\/www.instaluj.cz\/anydesk\/wp-json\/wp\/v2\/pages\/450\/revisions\/784"}],"up":[{"embeddable":true,"href":"https:\/\/www.instaluj.cz\/anydesk\/wp-json\/wp\/v2\/pages\/30"}],"wp:attachment":[{"href":"https:\/\/www.instaluj.cz\/anydesk\/wp-json\/wp\/v2\/media?parent=450"}],"curies":[{"name":"wp","href":"https:\/\/api.w.org\/{rel}","templated":true}]}}