{"id":45,"date":"2022-10-11T14:08:21","date_gmt":"2022-10-11T13:08:21","guid":{"rendered":"https:\/\/www.instaluj.cz\/anydesk\/?page_id=45"},"modified":"2022-12-08T12:24:52","modified_gmt":"2022-12-08T11:24:52","slug":"kontakt","status":"publish","type":"page","link":"https:\/\/www.instaluj.cz\/anydesk\/kontakt\/","title":{"rendered":"Kontaktn\u00ed \u00fadaje"},"content":{"rendered":"\n<p><strong>PS Media s.r.o.<br><\/strong>Old\u0159ichovice 738<br>739 61 T\u0159inec<\/p>\n\n\n\n<p>Dotazy ohledn\u011b programu AnyDesk r\u00e1di zodpov\u00edme na telefonn\u00edm \u010d\u00edsle<br>+420 731 933 788<br><br>I\u010cO: 26826682<br>DI\u010c: CZ26826682<br>URL:&nbsp;<a href=\"http:\/\/www.psmedia.cz\/\">http:\/\/www.psmedia.cz<\/a><\/p>\n\n\n\n<p>Spole\u010dnost je vedena u Krajsk\u00e9ho obchodn\u00edho soudu v Ostrav\u011b, odd\u00edl C, vlo\u017eka 27776.<\/p>\n\n\n\n<h2 class=\"wp-block-heading\">Bankovn\u00ed spojen\u00ed:<\/h2>\n\n\n\n<p>2900107187 \/ 2010 &#8211; Fio Banka, a.s.<br>2900107187 \/ 8330 &#8211; Fio Banka, a.s.- pobo\u010dka Slovensk\u00e1 republika<br>IBAN: CZ3620100000002900107187<br>BIC\/SWIFT: FIOBCZPPXXX<br><br><strong>Uv\u00e1d\u011bjte pros\u00edm u plateb variabiln\u00ed symbol, v p\u0159\u00edpad\u011b \u017ee jej nezn\u00e1te kontaktujte n\u00e1s.&nbsp;<\/strong><\/p>\n\n\n\n<p>M\u00e1te-li jak\u00e9koliv dotazy ohledn\u011b programu AnyDesk, p\u0159\u00edpadn\u011b z\u00e1jem o cenovou nab\u00eddku, nev\u00e1hejte n\u00e1s kontaktovat.<\/p>\n\n\n\n<div class=\"wp-block-contact-form-7-contact-form-selector\">\n<div class=\"wpcf7 no-js\" id=\"wpcf7-f315-o1\" lang=\"cs-CZ\" dir=\"ltr\" data-wpcf7-id=\"315\">\n<div class=\"screen-reader-response\"><p role=\"status\" aria-live=\"polite\" aria-atomic=\"true\"><\/p> <ul><\/ul><\/div>\n<form action=\"\/anydesk\/wp-json\/wp\/v2\/pages\/45#wpcf7-f315-o1\" method=\"post\" class=\"wpcf7-form init\" aria-label=\"Kontaktn\u00ed formul\u00e1\u0159\" novalidate=\"novalidate\" data-status=\"init\">\n<fieldset class=\"hidden-fields-container\"><input type=\"hidden\" name=\"_wpcf7\" value=\"315\" \/><input type=\"hidden\" name=\"_wpcf7_version\" value=\"6.1.2\" \/><input type=\"hidden\" name=\"_wpcf7_locale\" value=\"cs_CZ\" \/><input type=\"hidden\" name=\"_wpcf7_unit_tag\" value=\"wpcf7-f315-o1\" \/><input type=\"hidden\" name=\"_wpcf7_container_post\" value=\"0\" \/><input type=\"hidden\" name=\"_wpcf7_posted_data_hash\" value=\"\" \/><input type=\"hidden\" name=\"_wpcf7_recaptcha_response\" value=\"\" \/>\n<\/fieldset>\n<p><label> Ohledn\u011b \u010deho byste s n\u00e1mi r\u00e1di komunikovali?*<br \/>\n<span class=\"wpcf7-form-control-wrap\" data-name=\"oddeleni\"><select class=\"wpcf7-form-control wpcf7-select wpcf7-validates-as-required\" aria-required=\"true\" aria-invalid=\"false\" name=\"oddeleni\"><option value=\"\">&#8212;Zvolte pros\u00edm mo\u017enost&#8212;<\/option><option value=\"Popt\u00e1vka\">Popt\u00e1vka<\/option><option value=\"Licence\">Licence<\/option><option value=\"Informace o funkc\u00edch programu\">Informace o funkc\u00edch programu<\/option><option value=\"Marketing a Spolupr\u00e1ce\">Marketing a Spolupr\u00e1ce<\/option><option value=\"Jin\u00e9\">Jin\u00e9<\/option><\/select><\/span><\/label>\n<\/p>\n<p><label> Va\u0161e jm\u00e9no<br \/>\n<span class=\"wpcf7-form-control-wrap\" data-name=\"your-name\"><input size=\"40\" maxlength=\"400\" class=\"wpcf7-form-control wpcf7-text\" aria-invalid=\"false\" value=\"\" type=\"text\" name=\"your-name\" \/><\/span> <\/label>\n<\/p>\n<p><label> V\u00e1\u0161 e-mail*<br \/>\n<span class=\"wpcf7-form-control-wrap\" data-name=\"your-email\"><input size=\"40\" maxlength=\"400\" class=\"wpcf7-form-control wpcf7-email wpcf7-validates-as-required wpcf7-text wpcf7-validates-as-email\" aria-required=\"true\" aria-invalid=\"false\" value=\"\" type=\"email\" name=\"your-email\" \/><\/span> <\/label>\n<\/p>\n<p><label> Pokud si p\u0159ejete b\u00fdt kontaktov\u00e1n\u00ed telefonicky, uve\u010fte va\u0161e telefonn\u00ed \u010d\u00edslo<br \/>\n<span class=\"wpcf7-form-control-wrap\" data-name=\"tel-001\"><input size=\"40\" maxlength=\"400\" class=\"wpcf7-form-control wpcf7-tel wpcf7-text wpcf7-validates-as-tel\" aria-invalid=\"false\" value=\"+420\" type=\"tel\" name=\"tel-001\" \/><\/span><\/label>\n<\/p>\n<p><label> P\u0159edm\u011bt*<br \/>\n<span class=\"wpcf7-form-control-wrap\" data-name=\"your-subject\"><input size=\"40\" maxlength=\"400\" class=\"wpcf7-form-control wpcf7-text wpcf7-validates-as-required\" aria-required=\"true\" aria-invalid=\"false\" value=\"\" type=\"text\" name=\"your-subject\" \/><\/span> <\/label>\n<\/p>\n<p><label> Va\u0161e zpr\u00e1va*<br \/>\n<span class=\"wpcf7-form-control-wrap\" data-name=\"your-message\"><textarea cols=\"40\" rows=\"10\" maxlength=\"2000\" class=\"wpcf7-form-control wpcf7-textarea wpcf7-validates-as-required\" aria-required=\"true\" aria-invalid=\"false\" name=\"your-message\"><\/textarea><\/span> <\/label>\n<\/p>\n<p><input class=\"wpcf7-form-control wpcf7-submit has-spinner\" type=\"submit\" value=\"Odeslat\" \/>\n<\/p>\n<p><span class=\"wpcf7-form-control-wrap\" data-name=\"acceptance-gdpr\"><span class=\"wpcf7-form-control wpcf7-acceptance\"><span class=\"wpcf7-list-item\"><label><input type=\"checkbox\" name=\"acceptance-gdpr\" value=\"1\" aria-invalid=\"false\" \/><span class=\"wpcf7-list-item-label\">Souhlas\u00edm se zpracov\u00e1n\u00edm osobn\u00edch \u00fadaj\u016f<\/span><\/label><\/span><\/span><\/span><br \/>\n<span class=\"wpcf7-form-control-wrap\" data-name=\"sign-newsletter\"><span class=\"wpcf7-form-control wpcf7-checkbox\"><span class=\"wpcf7-list-item first last\"><label><input type=\"checkbox\" name=\"sign-newsletter[]\" value=\"Chci dost\u00e1vat novinky AnyDesk na email (maxim\u00e1ln\u011b 1x m\u011bs\u00edc)\" \/><span class=\"wpcf7-list-item-label\">Chci dost\u00e1vat novinky AnyDesk na email (maxim\u00e1ln\u011b 1x m\u011bs\u00edc)<\/span><\/label><\/span><\/span><\/span>\n<\/p>\n<p><label>Polo\u017eky ozna\u010den\u00e9 hv\u011bzdi\u010dkou (*) jsou povinn\u00e9<\/label>\n<\/p><div class=\"wpcf7-response-output\" aria-hidden=\"true\"><\/div>\n<\/form>\n<\/div>\n<\/div>\n\n\n\n<p><a href=\"https:\/\/www.instaluj.cz\/anydesk\/zasady-ochrany-osobnich-udaju\/\" target=\"_blank\" rel=\"noreferrer noopener\">Z\u00e1sady ochrany osobn\u00edch \u00fadaj\u016f<\/a><\/p>\n","protected":false},"excerpt":{"rendered":"<p>PS Media s.r.o.Old\u0159ichovice 738739 61 T\u0159inec Dotazy ohledn\u011b programu AnyDesk r\u00e1di zodpov\u00edme na telefonn\u00edm \u010d\u00edsle+420 731 933 788 I\u010cO: 26826682DI\u010c: CZ26826682URL:&nbsp;http:\/\/www.psmedia.cz Spole\u010dnost je vedena u Krajsk\u00e9ho obchodn\u00edho soudu v Ostrav\u011b, odd\u00edl C, vlo\u017eka 27776. Bankovn\u00ed spojen\u00ed: 2900107187 \/ 2010 &#8211; Fio Banka, a.s.2900107187 \/ 8330 &#8211; Fio Banka, a.s.- pobo\u010dka Slovensk\u00e1 republikaIBAN: CZ3620100000002900107187BIC\/SWIFT: FIOBCZPPXXX Uv\u00e1d\u011bjte [&hellip;]<\/p>\n","protected":false},"author":1,"featured_media":0,"parent":0,"menu_order":0,"comment_status":"closed","ping_status":"closed","template":"","meta":{"om_disable_all_campaigns":false,"_monsterinsights_skip_tracking":false,"_monsterinsights_sitenote_active":false,"_monsterinsights_sitenote_note":"","_monsterinsights_sitenote_category":0,"footnotes":""},"class_list":["post-45","page","type-page","status-publish","hentry"],"aioseo_notices":[],"_links":{"self":[{"href":"https:\/\/www.instaluj.cz\/anydesk\/wp-json\/wp\/v2\/pages\/45","targetHints":{"allow":["GET"]}}],"collection":[{"href":"https:\/\/www.instaluj.cz\/anydesk\/wp-json\/wp\/v2\/pages"}],"about":[{"href":"https:\/\/www.instaluj.cz\/anydesk\/wp-json\/wp\/v2\/types\/page"}],"author":[{"embeddable":true,"href":"https:\/\/www.instaluj.cz\/anydesk\/wp-json\/wp\/v2\/users\/1"}],"replies":[{"embeddable":true,"href":"https:\/\/www.instaluj.cz\/anydesk\/wp-json\/wp\/v2\/comments?post=45"}],"version-history":[{"count":8,"href":"https:\/\/www.instaluj.cz\/anydesk\/wp-json\/wp\/v2\/pages\/45\/revisions"}],"predecessor-version":[{"id":405,"href":"https:\/\/www.instaluj.cz\/anydesk\/wp-json\/wp\/v2\/pages\/45\/revisions\/405"}],"wp:attachment":[{"href":"https:\/\/www.instaluj.cz\/anydesk\/wp-json\/wp\/v2\/media?parent=45"}],"curies":[{"name":"wp","href":"https:\/\/api.w.org\/{rel}","templated":true}]}}