{"id":446,"date":"2022-10-20T19:16:08","date_gmt":"2022-10-20T18:16:08","guid":{"rendered":"https:\/\/www.instaluj.cz\/anydesk\/?page_id=446"},"modified":"2023-09-19T16:09:01","modified_gmt":"2023-09-19T15:09:01","slug":"poptavka","status":"publish","type":"page","link":"https:\/\/www.instaluj.cz\/anydesk\/poptavka\/","title":{"rendered":"Popt\u00e1vka"},"content":{"rendered":"\n<h2 class=\"wp-block-heading\">Za\u0161lete n\u00e1m nez\u00e1vaznou popt\u00e1vku programu AnyDesk.<\/h2>\n\n\n\n<p>Abychom mohli nacenit licenci, pot\u0159ebujeme zn\u00e1t:<\/p>\n\n\n\n<ul class=\"wp-block-list\">\n<li>o jakou verzi m\u00e1te z\u00e1jem (pokud nev\u00edte, nechte pr\u00e1zdn\u00e9 nebo zvolte polo\u017eku &#8222;nev\u00edm&#8220; vybereme nejvhodn\u011bj\u0161\u00ed licenci dle d\u00e1le zvolen\u00fdch po\u017e\u00e1davk\u016f<\/li>\n\n\n\n<li>Kolik u\u017eivatel\u016f se bude p\u0159ipojovat<\/li>\n\n\n\n<li>Kolik soub\u011b\u017en\u00fdch p\u0159ipojen\u00ed budete pot\u0159ebovat<\/li>\n\n\n\n<li>Na kolika za\u0159\u00edzen\u00edch budete AnyDesk pou\u017e\u00edvat<\/li>\n\n\n\n<li>Na jak dlouh\u00e9 obdob\u00ed chcete licenci (v p\u0159\u00edpad\u011b zakoupen\u00ed del\u0161\u00ed licence poskytujeme na dal\u0161\u00ed obdob\u00ed slevy)<\/li>\n\n\n\n<li>p\u0159\u00edpadn\u00e9 dal\u0161\u00ed up\u0159esn\u011bn\u00ed po\u017eadovan\u00fdch funkc\u00ed (pou\u017eijeme pro v\u00fdb\u011br spr\u00e1vn\u00e9 licence)<\/li>\n<\/ul>\n\n\n\n<div style=\"height:100px\" aria-hidden=\"true\" class=\"wp-block-spacer\"><\/div>\n\n\n\n<figure class=\"wp-block-image size-large\"><img loading=\"lazy\" decoding=\"async\" width=\"1024\" height=\"574\" src=\"https:\/\/www.instaluj.cz\/anydesk\/wp-content\/uploads\/2023\/09\/martik3nec_photorealistic_happy_woman_working_on_laptop_in_the__bfe4b594-2192-4140-a8e6-c5641935faad-1024x574.png\" alt=\"\" class=\"wp-image-6427\" srcset=\"https:\/\/www.instaluj.cz\/anydesk\/wp-content\/uploads\/2023\/09\/martik3nec_photorealistic_happy_woman_working_on_laptop_in_the__bfe4b594-2192-4140-a8e6-c5641935faad-1024x574.png 1024w, https:\/\/www.instaluj.cz\/anydesk\/wp-content\/uploads\/2023\/09\/martik3nec_photorealistic_happy_woman_working_on_laptop_in_the__bfe4b594-2192-4140-a8e6-c5641935faad-300x168.png 300w, https:\/\/www.instaluj.cz\/anydesk\/wp-content\/uploads\/2023\/09\/martik3nec_photorealistic_happy_woman_working_on_laptop_in_the__bfe4b594-2192-4140-a8e6-c5641935faad-768x430.png 768w, https:\/\/www.instaluj.cz\/anydesk\/wp-content\/uploads\/2023\/09\/martik3nec_photorealistic_happy_woman_working_on_laptop_in_the__bfe4b594-2192-4140-a8e6-c5641935faad.png 1456w\" sizes=\"auto, (max-width: 1024px) 100vw, 1024px\" \/><\/figure>\n\n\n\n<div style=\"height:100px\" aria-hidden=\"true\" class=\"wp-block-spacer\"><\/div>\n\n\n\n<div class=\"wp-block-contact-form-7-contact-form-selector\">\n<div class=\"wpcf7 no-js\" id=\"wpcf7-f6389-o1\" lang=\"cs-CZ\" dir=\"ltr\" data-wpcf7-id=\"6389\">\n<div class=\"screen-reader-response\"><p role=\"status\" aria-live=\"polite\" aria-atomic=\"true\"><\/p> <ul><\/ul><\/div>\n<form action=\"\/anydesk\/wp-json\/wp\/v2\/pages\/446#wpcf7-f6389-o1\" method=\"post\" class=\"wpcf7-form init\" aria-label=\"Kontaktn\u00ed formul\u00e1\u0159\" novalidate=\"novalidate\" data-status=\"init\">\n<fieldset class=\"hidden-fields-container\"><input type=\"hidden\" name=\"_wpcf7\" value=\"6389\" \/><input type=\"hidden\" name=\"_wpcf7_version\" value=\"6.1.2\" \/><input type=\"hidden\" name=\"_wpcf7_locale\" value=\"cs_CZ\" \/><input type=\"hidden\" name=\"_wpcf7_unit_tag\" value=\"wpcf7-f6389-o1\" \/><input type=\"hidden\" name=\"_wpcf7_container_post\" value=\"0\" \/><input type=\"hidden\" name=\"_wpcf7_posted_data_hash\" value=\"\" \/><input type=\"hidden\" name=\"_wpcf7_recaptcha_response\" value=\"\" \/>\n<\/fieldset>\n<p><label> Va\u0161e jm\u00e9no<br \/>\n<span class=\"wpcf7-form-control-wrap\" data-name=\"your-name\"><input size=\"40\" maxlength=\"400\" class=\"wpcf7-form-control wpcf7-text wpcf7-validates-as-required\" autocomplete=\"name\" aria-required=\"true\" aria-invalid=\"false\" value=\"\" type=\"text\" name=\"your-name\" \/><\/span> <\/label>\n<\/p>\n<p><label> Firma<br \/>\n<span class=\"wpcf7-form-control-wrap\" data-name=\"your-company\"><input size=\"40\" maxlength=\"400\" class=\"wpcf7-form-control wpcf7-text\" aria-invalid=\"false\" value=\"\" type=\"text\" name=\"your-company\" \/><\/span> <\/label>\n<\/p>\n<p><label> V\u00e1\u0161 e-mail<br \/>\n<span class=\"wpcf7-form-control-wrap\" data-name=\"your-email\"><input size=\"40\" maxlength=\"400\" class=\"wpcf7-form-control wpcf7-email wpcf7-validates-as-required wpcf7-text wpcf7-validates-as-email\" autocomplete=\"email\" aria-required=\"true\" aria-invalid=\"false\" value=\"\" type=\"email\" name=\"your-email\" \/><\/span> <\/label>\n<\/p>\n<p><label> telefonn\u00ed \u010d\u00edslo (nepovinn\u00e9)<br \/>\n<span class=\"wpcf7-form-control-wrap\" data-name=\"tel-66\"><input size=\"40\" maxlength=\"400\" class=\"wpcf7-form-control wpcf7-tel wpcf7-text wpcf7-validates-as-tel\" aria-invalid=\"false\" value=\"+420\" type=\"tel\" name=\"tel-66\" \/><\/span><\/label>\n<\/p>\n<p><label> O kterou verzi AnyDesk m\u00e1te z\u00e1jem?<br \/>\n<span class=\"wpcf7-form-control-wrap\" data-name=\"licence\"><select class=\"wpcf7-form-control wpcf7-select\" aria-invalid=\"false\" name=\"licence\"><option value=\"\">&#8212;Zvolte pros\u00edm mo\u017enost&#8212;<\/option><option value=\"SOLO\">SOLO<\/option><option value=\"STANDARD\">STANDARD<\/option><option value=\"ADVANCED\">ADVANCED<\/option><option value=\"ULTIMATE\">ULTIMATE<\/option><option value=\"ULTIMATE OnPrem\">ULTIMATE OnPrem<\/option><option value=\"Nev\u00edm\">Nev\u00edm<\/option><\/select><\/span><\/label>\n<\/p>\n<p><label> Po\u010det u\u017eivatel\u016f, kte\u0159\u00ed se budou p\u0159ipojovat<br \/>\n<span class=\"wpcf7-form-control-wrap\" data-name=\"users\"><select class=\"wpcf7-form-control wpcf7-select\" aria-invalid=\"false\" name=\"users\"><option value=\"1\">1<\/option><option value=\"max 20\">max 20<\/option><option value=\"max 50\">max 50<\/option><option value=\"v\u00edce ne\u017e 50\">v\u00edce ne\u017e 50<\/option><\/select><\/span><\/label>\n<\/p>\n<p><label> Napi\u0161te po\u010det u\u017eivatel\u016f, kte\u0159\u00ed se budou p\u0159ipojovat ve stejnou chv\u00edli (soub\u011b\u017en\u00e1 p\u0159ipojen\u00ed)<br \/>\n<span class=\"wpcf7-form-control-wrap\" data-name=\"concurrent-connections\"><input class=\"wpcf7-form-control wpcf7-number wpcf7-validates-as-required wpcf7-validates-as-number\" min=\"1\" aria-required=\"true\" aria-invalid=\"false\" value=\"\" type=\"number\" name=\"concurrent-connections\" \/><\/span><\/label>\n<\/p>\n<p><label> Na kolik a za\u0159\u00edzen\u00edch budete AnyDesk pou\u017e\u00edvat (s bezobslu\u017en\u00fdm p\u0159\u00edstupem)<br \/>\n<span class=\"wpcf7-form-control-wrap\" data-name=\"devices\"><input class=\"wpcf7-form-control wpcf7-number wpcf7-validates-as-required wpcf7-validates-as-number\" min=\"1\" aria-required=\"true\" aria-invalid=\"false\" value=\"\" type=\"number\" name=\"devices\" \/><\/span><\/label>\n<\/p>\n<p><span class=\"wpcf7-form-control-wrap\" data-name=\"subscription\"><select class=\"wpcf7-form-control wpcf7-select\" aria-invalid=\"false\" name=\"subscription\"><option value=\"1 rok\">1 rok<\/option><option value=\"2 roky\">2 roky<\/option><option value=\"3 roky\">3 roky<\/option><\/select><\/span>\n<\/p>\n<p><label> Va\u0161e zpr\u00e1va (voliteln\u00fd)<br \/>\n<span class=\"wpcf7-form-control-wrap\" data-name=\"your-message\"><textarea cols=\"40\" rows=\"10\" maxlength=\"2000\" class=\"wpcf7-form-control wpcf7-textarea\" aria-invalid=\"false\" name=\"your-message\"><\/textarea><\/span> <\/label>\n<\/p>\n<p><label>Kter\u00e9 z n\u00e1sleduj\u00edc\u00edch funkc\u00ed po\u017eadujete?<\/label><br \/>\n<span class=\"wpcf7-form-control-wrap\" data-name=\"Functions\"><span class=\"wpcf7-form-control wpcf7-checkbox\"><span class=\"wpcf7-list-item first\"><label><input type=\"checkbox\" name=\"Functions[]\" value=\"Wake-On-LAN\" \/><span class=\"wpcf7-list-item-label\">Wake-On-LAN<\/span><\/label><\/span><span class=\"wpcf7-list-item\"><label><input type=\"checkbox\" name=\"Functions[]\" value=\"Vlastn\u00ed jmenn\u00fd prostor\" \/><span class=\"wpcf7-list-item-label\">Vlastn\u00ed jmenn\u00fd prostor<\/span><\/label><\/span><span class=\"wpcf7-list-item\"><label><input type=\"checkbox\" name=\"Functions[]\" value=\"P\u0159izp\u016fsoben\u00ed klienta (Vlastn\u00ed branding, nastaven\u00ed...)\" \/><span class=\"wpcf7-list-item-label\">P\u0159izp\u016fsoben\u00ed klienta (Vlastn\u00ed branding, nastaven\u00ed...)<\/span><\/label><\/span><span class=\"wpcf7-list-item\"><label><input type=\"checkbox\" name=\"Functions[]\" value=\"Rozhran\u00ed p\u0159\u00edkazov\u00e9ho \u0159\u00e1dku\" \/><span class=\"wpcf7-list-item-label\">Rozhran\u00ed p\u0159\u00edkazov\u00e9ho \u0159\u00e1dku<\/span><\/label><\/span><span class=\"wpcf7-list-item\"><label><input type=\"checkbox\" name=\"Functions[]\" value=\"Z\u00e1sady Skupiny\" \/><span class=\"wpcf7-list-item-label\">Z\u00e1sady Skupiny<\/span><\/label><\/span><span class=\"wpcf7-list-item\"><label><input type=\"checkbox\" name=\"Functions[]\" value=\"Hromadn\u00e9 nasazen\u00ed p\u0159es MSI\" \/><span class=\"wpcf7-list-item-label\">Hromadn\u00e9 nasazen\u00ed p\u0159es MSI<\/span><\/label><\/span><span class=\"wpcf7-list-item\"><label><input type=\"checkbox\" name=\"Functions[]\" value=\"Spr\u00e1va opr\u00e1vn\u011bn\u00ed u\u017eivatel\u016f\" \/><span class=\"wpcf7-list-item-label\">Spr\u00e1va opr\u00e1vn\u011bn\u00ed u\u017eivatel\u016f<\/span><\/label><\/span><span class=\"wpcf7-list-item last\"><label><input type=\"checkbox\" name=\"Functions[]\" value=\"On-Premises (Na vlastn\u00ed infrastruk\u0159u\u0159e)\" \/><span class=\"wpcf7-list-item-label\">On-Premises (Na vlastn\u00ed infrastruk\u0159u\u0159e)<\/span><\/label><\/span><\/span><\/span>\n<\/p>\n<p><span class=\"wpcf7-form-control-wrap\" data-name=\"acceptance-502\"><span class=\"wpcf7-form-control wpcf7-acceptance optional\"><span class=\"wpcf7-list-item\"><label><input type=\"checkbox\" name=\"acceptance-502\" value=\"1\" aria-invalid=\"false\" \/><span class=\"wpcf7-list-item-label\">Souhlas\u00edm se zas\u00edl\u00e1n\u00edm emailov\u00e9ho newsletteru ohledn\u011b AnyDesku (max 1 za m\u011bs\u00edc - nepovinn\u00e9)<\/span><\/label><\/span><\/span><\/span>\n<\/p>\n<p><input class=\"wpcf7-form-control wpcf7-submit has-spinner\" type=\"submit\" value=\"Odeslat\" \/>\n<\/p><div class=\"wpcf7-response-output\" aria-hidden=\"true\"><\/div>\n<\/form>\n<\/div>\n<\/div>\n\n\n\n<p>V\u00edce informac\u00ed o <a href=\"https:\/\/www.instaluj.cz\/anydesk\/informace-anydesk\/licence-anydesk\/\" target=\"_blank\" rel=\"noopener\" title=\"Licence AnyDesk\">licenc\u00edch AnyDesk<\/a> m\u016f\u017eete naj\u00edt zde, p\u0159\u00edpadn\u011b se pod\u00edvejte na<a href=\"https:\/\/www.instaluj.cz\/anydesk\/ceny\/\" target=\"_blank\" rel=\"noopener\" title=\"Licence AnyDesk\"> tuto str\u00e1nku<\/a>, kde je srovn\u00e1n\u00ed funkc\u00ed v\u0161ech verz\u00ed v\u010detn\u011b cen.<\/p>\n\n\n\n<p><a href=\"https:\/\/www.instaluj.cz\/anydesk\/zasady-ochrany-osobnich-udaju\/\" target=\"_blank\" rel=\"noreferrer noopener\">Z\u00e1sady ochrany osobn\u00edch \u00fadaj\u016f<\/a><\/p>\n","protected":false},"excerpt":{"rendered":"<p>Za\u0161lete n\u00e1m nez\u00e1vaznou popt\u00e1vku programu AnyDesk. Abychom mohli nacenit licenci, pot\u0159ebujeme zn\u00e1t: V\u00edce informac\u00ed o licenc\u00edch AnyDesk m\u016f\u017eete naj\u00edt zde, p\u0159\u00edpadn\u011b se pod\u00edvejte na tuto str\u00e1nku, kde je srovn\u00e1n\u00ed funkc\u00ed v\u0161ech verz\u00ed v\u010detn\u011b cen. Z\u00e1sady ochrany osobn\u00edch \u00fadaj\u016f<\/p>\n","protected":false},"author":1,"featured_media":0,"parent":0,"menu_order":0,"comment_status":"closed","ping_status":"closed","template":"","meta":{"om_disable_all_campaigns":false,"_monsterinsights_skip_tracking":false,"_monsterinsights_sitenote_active":false,"_monsterinsights_sitenote_note":"","_monsterinsights_sitenote_category":0,"footnotes":""},"class_list":["post-446","page","type-page","status-publish","hentry"],"aioseo_notices":[],"_links":{"self":[{"href":"https:\/\/www.instaluj.cz\/anydesk\/wp-json\/wp\/v2\/pages\/446","targetHints":{"allow":["GET"]}}],"collection":[{"href":"https:\/\/www.instaluj.cz\/anydesk\/wp-json\/wp\/v2\/pages"}],"about":[{"href":"https:\/\/www.instaluj.cz\/anydesk\/wp-json\/wp\/v2\/types\/page"}],"author":[{"embeddable":true,"href":"https:\/\/www.instaluj.cz\/anydesk\/wp-json\/wp\/v2\/users\/1"}],"replies":[{"embeddable":true,"href":"https:\/\/www.instaluj.cz\/anydesk\/wp-json\/wp\/v2\/comments?post=446"}],"version-history":[{"count":9,"href":"https:\/\/www.instaluj.cz\/anydesk\/wp-json\/wp\/v2\/pages\/446\/revisions"}],"predecessor-version":[{"id":6429,"href":"https:\/\/www.instaluj.cz\/anydesk\/wp-json\/wp\/v2\/pages\/446\/revisions\/6429"}],"wp:attachment":[{"href":"https:\/\/www.instaluj.cz\/anydesk\/wp-json\/wp\/v2\/media?parent=446"}],"curies":[{"name":"wp","href":"https:\/\/api.w.org\/{rel}","templated":true}]}}