{"id":34,"date":"2022-10-11T13:59:16","date_gmt":"2022-10-11T12:59:16","guid":{"rendered":"https:\/\/www.instaluj.cz\/anydesk\/?page_id=34"},"modified":"2023-09-19T19:37:39","modified_gmt":"2023-09-19T18:37:39","slug":"download","status":"publish","type":"page","link":"https:\/\/www.instaluj.cz\/anydesk\/download\/","title":{"rendered":"AnyDesk Download"},"content":{"rendered":"\n<p>Program <strong>AnyDesk<\/strong> je k dispozici pro n\u00e1sleduj\u00edc\u00ed platformy:<\/p>\n\n\n\n<div class=\"wp-block-group alignwide\"><div class=\"wp-block-group__inner-container is-layout-constrained wp-block-group-is-layout-constrained\">\n<div class=\"wp-block-group is-vertical is-content-justification-center is-layout-flex wp-container-core-group-is-layout-e07e99ef wp-block-group-is-layout-flex\">\n<figure class=\"wp-block-table aligncenter is-style-stripes\"><table><tbody><tr><td class=\"has-text-align-center\" data-align=\"center\"><a rel=\"noreferrer noopener\" href=\"https:\/\/www.instaluj.cz\/anydesk-download\/download\" target=\"_blank\"><img loading=\"lazy\" decoding=\"async\" width=\"150\" height=\"150\" class=\"wp-image-370\" style=\"width: 150px;\" src=\"https:\/\/www.instaluj.cz\/anydesk\/wp-content\/uploads\/2022\/10\/windows-logo-451f6a.png\" alt=\"\" srcset=\"https:\/\/www.instaluj.cz\/anydesk\/wp-content\/uploads\/2022\/10\/windows-logo-451f6a.png 512w, https:\/\/www.instaluj.cz\/anydesk\/wp-content\/uploads\/2022\/10\/windows-logo-451f6a-300x300.png 300w, https:\/\/www.instaluj.cz\/anydesk\/wp-content\/uploads\/2022\/10\/windows-logo-451f6a-150x150.png 150w\" sizes=\"auto, (max-width: 150px) 100vw, 150px\" \/><br>Windows<\/a><\/td><td class=\"has-text-align-center\" data-align=\"center\"><a href=\"https:\/\/anydesk.com\/en\/downloads\/thank-you?dv=mac_dmg\" target=\"_blank\" rel=\"noreferrer noopener\"><img loading=\"lazy\" decoding=\"async\" width=\"150\" height=\"150\" class=\"wp-image-368\" style=\"width: 150px;\" src=\"https:\/\/www.instaluj.cz\/anydesk\/wp-content\/uploads\/2022\/10\/mac-logo.png\" alt=\"\" srcset=\"https:\/\/www.instaluj.cz\/anydesk\/wp-content\/uploads\/2022\/10\/mac-logo.png 512w, https:\/\/www.instaluj.cz\/anydesk\/wp-content\/uploads\/2022\/10\/mac-logo-300x300.png 300w, https:\/\/www.instaluj.cz\/anydesk\/wp-content\/uploads\/2022\/10\/mac-logo-150x150.png 150w\" sizes=\"auto, (max-width: 150px) 100vw, 150px\" \/><br>macOS<\/a><\/td><td class=\"has-text-align-center\" data-align=\"center\"><a href=\"https:\/\/anydesk.com\/en\/downloads\/linux\" target=\"_blank\" rel=\"noreferrer noopener\"><img loading=\"lazy\" decoding=\"async\" width=\"150\" height=\"150\" class=\"wp-image-367\" style=\"width: 150px;\" src=\"https:\/\/www.instaluj.cz\/anydesk\/wp-content\/uploads\/2022\/10\/linux-logo.png\" alt=\"\" srcset=\"https:\/\/www.instaluj.cz\/anydesk\/wp-content\/uploads\/2022\/10\/linux-logo.png 512w, https:\/\/www.instaluj.cz\/anydesk\/wp-content\/uploads\/2022\/10\/linux-logo-300x300.png 300w, https:\/\/www.instaluj.cz\/anydesk\/wp-content\/uploads\/2022\/10\/linux-logo-150x150.png 150w\" sizes=\"auto, (max-width: 150px) 100vw, 150px\" \/><br>Linux<\/a><\/td><td class=\"has-text-align-center\" data-align=\"center\"><a href=\"https:\/\/anydesk.com\/en\/downloads\/android\" target=\"_blank\" rel=\"noreferrer noopener\"><img loading=\"lazy\" decoding=\"async\" width=\"150\" height=\"150\" class=\"wp-image-362\" style=\"width: 150px;\" src=\"https:\/\/www.instaluj.cz\/anydesk\/wp-content\/uploads\/2022\/10\/android-logo.png\" alt=\"\" srcset=\"https:\/\/www.instaluj.cz\/anydesk\/wp-content\/uploads\/2022\/10\/android-logo.png 512w, https:\/\/www.instaluj.cz\/anydesk\/wp-content\/uploads\/2022\/10\/android-logo-300x300.png 300w, https:\/\/www.instaluj.cz\/anydesk\/wp-content\/uploads\/2022\/10\/android-logo-150x150.png 150w\" sizes=\"auto, (max-width: 150px) 100vw, 150px\" \/><br>Android<\/a><\/td><td class=\"has-text-align-center\" data-align=\"center\"><a href=\"https:\/\/anydesk.com\/en\/downloads\/ios\" target=\"_blank\" rel=\"noreferrer noopener\"><img loading=\"lazy\" decoding=\"async\" width=\"150\" height=\"150\" class=\"wp-image-366\" style=\"width: 150px;\" src=\"https:\/\/www.instaluj.cz\/anydesk\/wp-content\/uploads\/2022\/10\/ios-logo.png\" alt=\"\" srcset=\"https:\/\/www.instaluj.cz\/anydesk\/wp-content\/uploads\/2022\/10\/ios-logo.png 512w, https:\/\/www.instaluj.cz\/anydesk\/wp-content\/uploads\/2022\/10\/ios-logo-300x300.png 300w, https:\/\/www.instaluj.cz\/anydesk\/wp-content\/uploads\/2022\/10\/ios-logo-150x150.png 150w\" sizes=\"auto, (max-width: 150px) 100vw, 150px\" \/><br>iOS<\/a><\/td><td class=\"has-text-align-center\" data-align=\"center\"><a href=\"https:\/\/anydesk.com\/en\/downloads\/raspberry-pi\" target=\"_blank\" rel=\"noreferrer noopener\"><img loading=\"lazy\" decoding=\"async\" width=\"150\" height=\"150\" class=\"wp-image-369\" style=\"width: 150px;\" src=\"https:\/\/www.instaluj.cz\/anydesk\/wp-content\/uploads\/2022\/10\/raspberrypi-logo.png\" alt=\"\" srcset=\"https:\/\/www.instaluj.cz\/anydesk\/wp-content\/uploads\/2022\/10\/raspberrypi-logo.png 512w, https:\/\/www.instaluj.cz\/anydesk\/wp-content\/uploads\/2022\/10\/raspberrypi-logo-300x300.png 300w, https:\/\/www.instaluj.cz\/anydesk\/wp-content\/uploads\/2022\/10\/raspberrypi-logo-150x150.png 150w\" sizes=\"auto, (max-width: 150px) 100vw, 150px\" \/><br>Raspberry Pi<\/a><\/td><td class=\"has-text-align-center\" data-align=\"center\"><a href=\"https:\/\/anydesk.com\/en\/downloads\/chrome-os\" target=\"_blank\" rel=\"noreferrer noopener\"><img loading=\"lazy\" decoding=\"async\" width=\"150\" height=\"150\" class=\"wp-image-364\" style=\"width: 150px;\" src=\"https:\/\/www.instaluj.cz\/anydesk\/wp-content\/uploads\/2022\/10\/chrome-logo.png\" alt=\"\" srcset=\"https:\/\/www.instaluj.cz\/anydesk\/wp-content\/uploads\/2022\/10\/chrome-logo.png 512w, https:\/\/www.instaluj.cz\/anydesk\/wp-content\/uploads\/2022\/10\/chrome-logo-300x300.png 300w, https:\/\/www.instaluj.cz\/anydesk\/wp-content\/uploads\/2022\/10\/chrome-logo-150x150.png 150w\" sizes=\"auto, (max-width: 150px) 100vw, 150px\" \/><br>Chrome OS<\/a><\/td><td class=\"has-text-align-center\" data-align=\"center\"><a href=\"https:\/\/anydesk.com\/en\/downloads\/freebsd\" target=\"_blank\" rel=\"noreferrer noopener\"><img loading=\"lazy\" decoding=\"async\" width=\"150\" height=\"150\" class=\"wp-image-363\" style=\"width: 150px;\" src=\"https:\/\/www.instaluj.cz\/anydesk\/wp-content\/uploads\/2022\/10\/freebsd-logo.png\" alt=\"\" srcset=\"https:\/\/www.instaluj.cz\/anydesk\/wp-content\/uploads\/2022\/10\/freebsd-logo.png 512w, https:\/\/www.instaluj.cz\/anydesk\/wp-content\/uploads\/2022\/10\/freebsd-logo-300x300.png 300w, https:\/\/www.instaluj.cz\/anydesk\/wp-content\/uploads\/2022\/10\/freebsd-logo-150x150.png 150w\" sizes=\"auto, (max-width: 150px) 100vw, 150px\" \/><br>FreeBSD<\/a><\/td><\/tr><\/tbody><\/table><\/figure>\n<\/div>\n\n\n\n<p class=\"has-text-align-center\">Po kliknut\u00ed na ikonku opera\u010dn\u00edho syst\u00e9mu p\u0159ejdete na str\u00e1nku s p\u0159\u00edslu\u0161n\u00fdm souborem ke sta\u017een\u00ed<\/p>\n\n\n\n<p class=\"has-text-align-center\">Pokud m\u00e1te zakoupenou licenci, m\u016f\u017eete ji zadat v nastaven\u00ed programu, p\u0159\u00edpadn\u011b si pod sv\u00fdm \u00fa\u010dtem vygenerovat build s ji\u017e vlo\u017eenou licenci. <\/p>\n\n\n\n<p class=\"has-text-align-center\">Pokud zva\u017eujete zakoupen\u00ed pln\u00e9 licence, m\u016f\u017eeme pro V\u00e1s vygenerovat zku\u0161ebn\u00ed verzi AnyDesk. M\u016f\u017eete tak za\u010d\u00edt pou\u017e\u00edvat \u010dasov\u011b omezenou verzi se v\u0161emi funkcemi.<\/p>\n\n\n\n<p class=\"has-text-align-center\"><a href=\"https:\/\/www.instaluj.cz\/anydesk\/trial\/\" target=\"_blank\" rel=\"noopener\" title=\"Vyzkou\u0161ejte plnou verzi AnyDesk Zdarma\">M\u00e1m z\u00e1jem o zku\u0161ebn\u00ed verzi AnyDesk<\/a><\/p>\n\n\n\n<div style=\"height:30px\" aria-hidden=\"true\" class=\"wp-block-spacer\"><\/div>\n\n\n\n<p class=\"has-text-align-center\">M\u016f\u017eete se tak\u00e9 pod\u00edvat na n\u00e1\u0161 <a href=\"https:\/\/www.instaluj.cz\/anydesk\/ceny\/\" target=\"_blank\" rel=\"noopener\" title=\"Ceny AnyDesk\">cen\u00edk s porovn\u00e1n\u00edm funkc\u00ed<\/a> jednotliv\u00fdch verz\u00ed programu AnyDesk.<\/p>\n\n\n\n<p class=\"has-text-align-center\">Zva\u017eujete-li zakoupen\u00ed licence, ale nev\u00edte kterou zvolit, p\u0159\u00edpadn\u011b chcete nez\u00e1vaznou cenovou nab\u00eddku, <a href=\"https:\/\/www.instaluj.cz\/anydesk\/poptavka\/\" target=\"_blank\" rel=\"noopener\" title=\"Popt\u00e1vka\">napi\u0161te n\u00e1m. <\/a><\/p>\n<\/div><\/div>\n\n\n\n<div class=\"wp-block-group alignwide\"><div class=\"wp-block-group__inner-container is-layout-constrained wp-block-group-is-layout-constrained\">\n<div style=\"height:100px\" aria-hidden=\"true\" class=\"wp-block-spacer\"><\/div>\n\n\n\n<div class=\"wp-block-query is-layout-flow wp-block-query-is-layout-flow\"><ul class=\"columns-3 wp-block-post-template is-layout-grid wp-container-core-post-template-is-layout-2fc57c17 wp-block-post-template-is-layout-grid\"><li class=\"wp-block-post post-25994 post type-post status-publish format-status hentry category-navody post_format-post-format-status\">\n<h2 class=\"wp-block-post-title\"><a href=\"https:\/\/www.instaluj.cz\/anydesk\/black-friday-sleva-15-na-licence-anydesk-2025\/\" target=\"_self\" >Black Friday sleva 15% na licence AnyDesk<\/a><\/h2>\n\n\n\n<div class=\"wp-block-post-excerpt\"><p class=\"wp-block-post-excerpt__excerpt\">Oslavte Black Friday s exkluzivn\u00ed nab\u00eddkou na licence vzd\u00e1len\u00e9ho p\u0159\u00edstupu AnyDesk! Vyu\u017eijte jedine\u010dnou p\u0159\u00edle\u017eitost a zajist\u011bte si profesion\u00e1ln\u00ed \u0159e\u0161en\u00ed pro vzd\u00e1lenou spr\u00e1vu za zv\u00fdhodn\u011bn\u00fdch podm\u00ednek. Co nab\u00edz\u00edme Na\u0161e Black Friday akce zahrnuje licence Standard a Advanced v n\u00e1sleduj\u00edc\u00edch variant\u00e1ch: AnyDesk Standard &#8211; pro mal\u00e9 a st\u0159edn\u00ed t\u00fdmyLicence Standard je navr\u017eena pro mal\u00e9 a\u017e st\u0159edn\u00ed t\u00fdmy&hellip; <\/p><\/div>\n\n\n<hr class=\"wp-block-separator has-css-opacity\"\/>\n\n\n<div class=\"wp-block-post-date\"><time datetime=\"2025-11-24T10:26:25+01:00\">24.11.2025<\/time><\/div>\n<\/li><li class=\"wp-block-post post-22270 post type-post status-publish format-status has-post-thumbnail hentry category-faq post_format-post-format-status\">\n<h2 class=\"wp-block-post-title\"><a href=\"https:\/\/www.instaluj.cz\/anydesk\/revoluce-ve-vzdalene-sprave-jak-anydesk-v9-prinasi-podnikum-novou-uroven-efektivity-a-podpory\/\" target=\"_self\" >Revoluce ve Vzd\u00e1len\u00e9 Spr\u00e1v\u011b: Jak AnyDesk V9 P\u0159in\u00e1\u0161\u00ed Podnik\u016fm Novou \u00darove\u0148 Efektivity a Podpory<\/a><\/h2>\n\n<figure class=\"alignwide wp-block-post-featured-image\"><a href=\"https:\/\/www.instaluj.cz\/anydesk\/revoluce-ve-vzdalene-sprave-jak-anydesk-v9-prinasi-podnikum-novou-uroven-efektivity-a-podpory\/\" target=\"_self\"  ><img loading=\"lazy\" decoding=\"async\" width=\"1926\" height=\"1049\" src=\"https:\/\/www.instaluj.cz\/anydesk\/wp-content\/uploads\/2024\/12\/AnyDesk9.png\" class=\"attachment-post-thumbnail size-post-thumbnail wp-post-image\" alt=\"Revoluce ve Vzd\u00e1len\u00e9 Spr\u00e1v\u011b: Jak AnyDesk V9 P\u0159in\u00e1\u0161\u00ed Podnik\u016fm Novou \u00darove\u0148 Efektivity a Podpory\" style=\"object-fit:cover;\" srcset=\"https:\/\/www.instaluj.cz\/anydesk\/wp-content\/uploads\/2024\/12\/AnyDesk9.png 1926w, https:\/\/www.instaluj.cz\/anydesk\/wp-content\/uploads\/2024\/12\/AnyDesk9-300x163.png 300w, https:\/\/www.instaluj.cz\/anydesk\/wp-content\/uploads\/2024\/12\/AnyDesk9-1024x558.png 1024w, https:\/\/www.instaluj.cz\/anydesk\/wp-content\/uploads\/2024\/12\/AnyDesk9-768x418.png 768w, https:\/\/www.instaluj.cz\/anydesk\/wp-content\/uploads\/2024\/12\/AnyDesk9-1536x837.png 1536w\" sizes=\"auto, (max-width: 1926px) 100vw, 1926px\" \/><\/a><\/figure>\n\n<div class=\"wp-block-post-excerpt\"><p class=\"wp-block-post-excerpt__excerpt\">AnyDesk vydal pro Windows novou verzi programu AnyDesk 9, kter\u00e1 z\u00e1sadn\u011b m\u011bn\u00ed workflow pro podnikov\u00e9 organizace. Co je nov\u00e9ho v AnyDesk 9? Jste firemn\u00ed u\u017eivatel a zva\u017eujete po\u0159\u00edzen\u00ed licence AnyDesk? Ozv\u011bte se n\u00e1m s \u017e\u00e1dosti o vygenerov\u00e1n\u00ed zku\u0161ebn\u00ed verze! N\u00e1\u0161 t\u00fdm V\u00e1m r\u00e1d zodpov\u00ed ve\u0161ker\u00e9 Va\u0161e dotazy a nez\u00e1vazn\u011b pro V\u00e1s nacen\u00ed licenci p\u0159esn\u011b na&hellip; <\/p><\/div>\n\n\n<hr class=\"wp-block-separator has-css-opacity\"\/>\n\n\n<div class=\"wp-block-post-date\"><time datetime=\"2024-12-18T19:32:36+01:00\">18.12.2024<\/time><\/div>\n<\/li><li class=\"wp-block-post post-6331 post type-post status-publish format-status has-post-thumbnail hentry category-navody post_format-post-format-status\">\n<h2 class=\"wp-block-post-title\"><a href=\"https:\/\/www.instaluj.cz\/anydesk\/vyhodne-investice-pres-anydesk\/\" target=\"_self\" >V\u00fdhodn\u00e9 investice p\u0159es AnyDesk<\/a><\/h2>\n\n<figure class=\"alignwide wp-block-post-featured-image\"><a href=\"https:\/\/www.instaluj.cz\/anydesk\/vyhodne-investice-pres-anydesk\/\" target=\"_self\"  ><img loading=\"lazy\" decoding=\"async\" width=\"1024\" height=\"1024\" src=\"https:\/\/www.instaluj.cz\/anydesk\/wp-content\/uploads\/2023\/08\/cjjg021ik0ug008008f0.jpg\" class=\"attachment-post-thumbnail size-post-thumbnail wp-post-image\" alt=\"V\u00fdhodn\u00e9 investice p\u0159es AnyDesk\" style=\"object-fit:cover;\" srcset=\"https:\/\/www.instaluj.cz\/anydesk\/wp-content\/uploads\/2023\/08\/cjjg021ik0ug008008f0.jpg 1024w, https:\/\/www.instaluj.cz\/anydesk\/wp-content\/uploads\/2023\/08\/cjjg021ik0ug008008f0-300x300.jpg 300w, https:\/\/www.instaluj.cz\/anydesk\/wp-content\/uploads\/2023\/08\/cjjg021ik0ug008008f0-150x150.jpg 150w, https:\/\/www.instaluj.cz\/anydesk\/wp-content\/uploads\/2023\/08\/cjjg021ik0ug008008f0-768x768.jpg 768w\" sizes=\"auto, (max-width: 1024px) 100vw, 1024px\" \/><\/a><\/figure>\n\n<div class=\"wp-block-post-excerpt\"><p class=\"wp-block-post-excerpt__excerpt\">Hled\u00e1te cestu, jak p\u0159ij\u00edt rychle k pen\u011bz\u016fm? Oslovil V\u00e1s n\u011bkdo s nab\u00eddkou v\u00fdhodn\u00fdch investic do akci\u00ed\/kryptom\u011bn, p\u0159\u00edpadn\u011b jin\u00fdch komodit p\u0159es AnyDesk? V\u011bnujte 5 minut va\u0161eho \u010dasu p\u0159e\u010dten\u00ed tohoto \u010dl\u00e1nku. Je mo\u017en\u00e9, \u017ee to bude nejl\u00e9pe investovan\u00fdch 5 minut ve va\u0161em \u017eivot\u011b! Touha po snadn\u00e9m zisku m\u016f\u017ee b\u00fdt velmi nebezpe\u010dn\u00e1. Podvodn\u00edci to dob\u0159e v\u011bd\u00ed a \u010dasto&hellip; <\/p><\/div>\n\n\n<hr class=\"wp-block-separator has-css-opacity\"\/>\n\n\n<div class=\"wp-block-post-date\"><time datetime=\"2023-08-28T12:50:24+01:00\">28.8.2023<\/time><\/div>\n<\/li><\/ul><\/div>\n<\/div><\/div>\n","protected":false},"excerpt":{"rendered":"<p>Program AnyDesk je k dispozici pro n\u00e1sleduj\u00edc\u00ed platformy: Windows macOS Linux Android iOS Raspberry Pi Chrome OS FreeBSD Po kliknut\u00ed na ikonku opera\u010dn\u00edho syst\u00e9mu p\u0159ejdete na str\u00e1nku s p\u0159\u00edslu\u0161n\u00fdm souborem ke sta\u017een\u00ed Pokud m\u00e1te zakoupenou licenci, m\u016f\u017eete ji zadat v nastaven\u00ed programu, p\u0159\u00edpadn\u011b si pod sv\u00fdm \u00fa\u010dtem vygenerovat build s ji\u017e vlo\u017eenou licenci. Pokud zva\u017eujete [&hellip;]<\/p>\n","protected":false},"author":1,"featured_media":0,"parent":0,"menu_order":0,"comment_status":"closed","ping_status":"closed","template":"template\/fullwidth.php","meta":{"om_disable_all_campaigns":false,"_monsterinsights_skip_tracking":false,"_monsterinsights_sitenote_active":false,"_monsterinsights_sitenote_note":"","_monsterinsights_sitenote_category":0,"footnotes":""},"class_list":["post-34","page","type-page","status-publish","hentry"],"aioseo_notices":[],"_links":{"self":[{"href":"https:\/\/www.instaluj.cz\/anydesk\/wp-json\/wp\/v2\/pages\/34","targetHints":{"allow":["GET"]}}],"collection":[{"href":"https:\/\/www.instaluj.cz\/anydesk\/wp-json\/wp\/v2\/pages"}],"about":[{"href":"https:\/\/www.instaluj.cz\/anydesk\/wp-json\/wp\/v2\/types\/page"}],"author":[{"embeddable":true,"href":"https:\/\/www.instaluj.cz\/anydesk\/wp-json\/wp\/v2\/users\/1"}],"replies":[{"embeddable":true,"href":"https:\/\/www.instaluj.cz\/anydesk\/wp-json\/wp\/v2\/comments?post=34"}],"version-history":[{"count":38,"href":"https:\/\/www.instaluj.cz\/anydesk\/wp-json\/wp\/v2\/pages\/34\/revisions"}],"predecessor-version":[{"id":6436,"href":"https:\/\/www.instaluj.cz\/anydesk\/wp-json\/wp\/v2\/pages\/34\/revisions\/6436"}],"wp:attachment":[{"href":"https:\/\/www.instaluj.cz\/anydesk\/wp-json\/wp\/v2\/media?parent=34"}],"curies":[{"name":"wp","href":"https:\/\/api.w.org\/{rel}","templated":true}]}}