{"id":30,"date":"2022-10-11T13:59:16","date_gmt":"2022-10-11T12:59:16","guid":{"rendered":"https:\/\/www.instaluj.cz\/anydesk\/?page_id=30"},"modified":"2023-02-19T19:34:57","modified_gmt":"2023-02-19T18:34:57","slug":"proc-anydesk","status":"publish","type":"page","link":"https:\/\/www.instaluj.cz\/anydesk\/proc-anydesk\/","title":{"rendered":"Pro\u010d AnyDesk?"},"content":{"rendered":"\n<div class=\"wp-block-cover alignright\" style=\"min-height:370px;aspect-ratio:unset;\"><span aria-hidden=\"true\" class=\"wp-block-cover__background has-background-dim-40 has-background-dim\"><\/span><img loading=\"lazy\" decoding=\"async\" width=\"1024\" height=\"683\" class=\"wp-block-cover__image-background wp-image-194\" alt=\"\" src=\"https:\/\/www.instaluj.cz\/anydesk\/wp-content\/uploads\/2022\/10\/man-watching-anydesk-software-laptop-1024x683.jpg\" style=\"object-position:50% 51%\" data-object-fit=\"cover\" data-object-position=\"50% 51%\" srcset=\"https:\/\/www.instaluj.cz\/anydesk\/wp-content\/uploads\/2022\/10\/man-watching-anydesk-software-laptop-1024x683.jpg 1024w, https:\/\/www.instaluj.cz\/anydesk\/wp-content\/uploads\/2022\/10\/man-watching-anydesk-software-laptop-300x200.jpg 300w, https:\/\/www.instaluj.cz\/anydesk\/wp-content\/uploads\/2022\/10\/man-watching-anydesk-software-laptop-768x512.jpg 768w, https:\/\/www.instaluj.cz\/anydesk\/wp-content\/uploads\/2022\/10\/man-watching-anydesk-software-laptop-1536x1025.jpg 1536w, https:\/\/www.instaluj.cz\/anydesk\/wp-content\/uploads\/2022\/10\/man-watching-anydesk-software-laptop.jpg 2000w\" sizes=\"auto, (max-width: 1024px) 100vw, 1024px\" \/><div class=\"wp-block-cover__inner-container is-layout-flow wp-block-cover-is-layout-flow\">\n<div class=\"wp-block-group\"><div class=\"wp-block-group__inner-container is-layout-flow wp-block-group-is-layout-flow\">\n<ul class=\"wp-block-list\">\n<li>V\u00fdkon<\/li>\n\n\n\n<li>P\u0159izp\u016fsoben\u00ed<\/li>\n\n\n\n<li>Bezpe\u010dnost<\/li>\n\n\n\n<li>V\u0161echny Platformy<\/li>\n<\/ul>\n<\/div><\/div>\n<\/div><\/div>\n\n\n\n<p class=\"has-text-align-left\"><strong>AnyDesk<\/strong> je u\u017eite\u010dn\u00fd n\u00e1stroj pro<a href=\"https:\/\/www.instaluj.cz\/anydesk\/proc-anydesk\/anydesk-vzdalena-plocha\/\"> p\u0159ipojen\u00ed ke vzd\u00e1len\u00e9 plo\u0161e<\/a>. M\u016f\u017eete tak snadno poskytovat <a href=\"https:\/\/www.instaluj.cz\/anydesk\/proc-anydesk\/technicka-podpora-it-s-anydesk\/\">vzd\u00e1lenou podporu<\/a>,<a href=\"https:\/\/www.instaluj.cz\/anydesk\/proc-anydesk\/vzdaleny-pristup\/\" target=\"_blank\" rel=\"noreferrer noopener\"> prov\u00e1d\u011bt \u00fadr\u017ebu<\/a>, jednodu\u0161e <a href=\"https:\/\/www.instaluj.cz\/anydesk\/proc-anydesk\/vzdalena-spoluprace\/\" target=\"_blank\" rel=\"noreferrer noopener\">spolupracovat s kolegy<\/a> online, p\u0159\u00edpadn\u011b <a href=\"https:\/\/www.instaluj.cz\/anydesk\/proc-anydesk\/vzdalena-prace\/\" target=\"_blank\" rel=\"noreferrer noopener\">na d\u00e1lku pracovat<\/a> z domu. <strong>AnyDesk <\/strong>najde uplatn\u011bn\u00ed nejen ve vzd\u011bl\u00e1v\u00e1n\u00ed, <a href=\"https:\/\/www.instaluj.cz\/anydesk\/proc-anydesk\/on-premises-nebo-cloud-enterprise\/\" target=\"_blank\" rel=\"noreferrer noopener\">st\u00e1tn\u00ed spr\u00e1v\u011b<\/a>, <a href=\"https:\/\/www.instaluj.cz\/anydesk\/proc-anydesk\/anydesk-enterprise-vzdalena-plocha-pro-organizace\/\" target=\"_blank\" rel=\"noreferrer noopener\">korpor\u00e1tech<\/a>,<a href=\"https:\/\/www.instaluj.cz\/anydesk\/proc-anydesk\/technicka-podpora-it-s-anydesk\/\" target=\"_blank\" rel=\"noreferrer noopener\"> IT podpo\u0159e<\/a>, ale stejn\u011b tak u v\u0161ech <a href=\"https:\/\/www.instaluj.cz\/anydesk\/proc-anydesk\/vzdalena-prace\/\" title=\"Vzd\u00e1len\u00e1 Pr\u00e1ce\">freelancer\u016f<\/a> nebo <a href=\"https:\/\/www.instaluj.cz\/anydesk\/informace-anydesk\/licence-anydesk\/anydesk-free\/\" target=\"_blank\" rel=\"noopener\" title=\"AnyDesk Free\">osobn\u00edch u\u017eivatel\u016f<\/a>, kte\u0159\u00ed maj\u00ed r\u00e1di volnost.<\/p>\n\n\n\n<p class=\"has-text-align-left\"><strong>AnyDesk<\/strong> nab\u00edz\u00ed mnoho promy\u0161len\u00fdch funkc\u00ed pro r\u016fzn\u00e1 vyu\u017eit\u00ed, kter\u00e1 poskytnou nejlep\u0161\u00ed mo\u017en\u00fd u\u017eivatelsk\u00fd z\u00e1\u017eitek.<\/p>\n\n\n\n<p><a href=\"https:\/\/www.instaluj.cz\/anydesk\/download\/\" target=\"_blank\" rel=\"noreferrer noopener\">St\u00e1hn\u011bte<\/a> si <a href=\"https:\/\/www.instaluj.cz\/anydesk\/informace-anydesk\/licence-anydesk\/anydesk-free\/\">AnyDesk zdarma<\/a> nebo <a href=\"https:\/\/www.instaluj.cz\/anydesk\/informace-anydesk\/licence-anydesk\/\">zjist\u011bte v\u00edce<\/a> o tom, kter\u00e1 licence bude pro V\u00e1s ta vhodn\u00e1 a <a href=\"https:\/\/www.instaluj.cz\/anydesk\/ceny\/\" target=\"_blank\" rel=\"noreferrer noopener\">jej\u00edch ceny<\/a>.<\/p>\n\n\n\n<div style=\"height:100px\" aria-hidden=\"true\" class=\"wp-block-spacer\"><\/div>\n\n\n\n<div class=\"wp-block-columns is-layout-flex wp-container-core-columns-is-layout-9d6595d7 wp-block-columns-is-layout-flex\">\n<div class=\"wp-block-column is-layout-flow wp-block-column-is-layout-flow\">\n<h4 class=\"has-text-align-center wp-block-heading\">Zdarma pro nekomer\u010dn\u00ed \u00fa\u010dely<\/h4>\n\n\n\n<p class=\"has-text-align-center\"><strong><a href=\"https:\/\/www.instaluj.cz\/anydesk\/informace-anydesk\/licence-anydesk\/anydesk-free\/\" title=\"AnyDesk Free\">AnyDesk<\/a><\/strong> je ke sta\u017een\u00ed zdarma pro nekomer\u010dn\u00ed \u00fa\u010dely a pokud chcete pou\u017e\u00edvat placenou licenci, v\u017edy je levn\u011bj\u0161\u00ed, ne\u017e konkurence. <strong>AnyDesk<\/strong> je ihned ke sta\u017een\u00ed. <a href=\"https:\/\/www.instaluj.cz\/anydesk-download\/download\" target=\"_blank\" rel=\"noreferrer noopener\">Download<\/a><\/p>\n<\/div>\n\n\n\n<div class=\"wp-block-column is-layout-flow wp-block-column-is-layout-flow\">\n<h4 class=\"has-text-align-center wp-block-heading\">V\u00fdkon<\/h4>\n\n\n\n<p class=\"has-text-align-center\">Objevte \u0161pi\u010dkov\u00fd v\u00fdkon, vysokou sn\u00edmkovou frekvenc\u00ed a n\u00edzkou latenci, kter\u00e9 v\u00e1m nab\u00eddnou nejlep\u0161\u00ed z\u00e1\u017eitek. \u017d\u00e1dn\u00e9 jin\u00e9 \u0159e\u0161en\u00ed na trhu v\u00e1m nenab\u00eddne takov\u00fd v\u00fdkon!<\/p>\n<\/div>\n\n\n\n<div class=\"wp-block-column is-layout-flow wp-block-column-is-layout-flow\">\n<h4 class=\"has-text-align-center wp-block-heading\">N\u00edzk\u00e1 latence<\/h4>\n\n\n\n<p class=\"has-text-align-center\">P\u0159i pr\u00e1ci na vzd\u00e1len\u00e9 plo\u0161e je d\u016fle\u017eit\u00e9 n\u00edzk\u00e1 latence. Proto se v&nbsp;m\u00edstn\u00edch s\u00edt\u00edch pohybuje zpo\u017ed\u011bn\u00ed u AnyDesku pod 16 ms a je proto zanedbateln\u00e1.<\/p>\n<\/div>\n<\/div>\n\n\n\n<div class=\"wp-block-columns is-layout-flex wp-container-core-columns-is-layout-9d6595d7 wp-block-columns-is-layout-flex\">\n<div class=\"wp-block-column is-layout-flow wp-block-column-is-layout-flow\" style=\"flex-basis:100%\"><\/div>\n<\/div>\n\n\n\n<div class=\"wp-block-columns is-layout-flex wp-container-core-columns-is-layout-9d6595d7 wp-block-columns-is-layout-flex\">\n<div class=\"wp-block-column is-layout-flow wp-block-column-is-layout-flow\">\n<h4 class=\"has-text-align-center wp-block-heading\"><strong>Stabiln\u00ed interaktivn\u00ed p\u0159\u00edstup<\/strong><\/h4>\n\n\n\n<p class=\"has-text-align-center\">Za\u017eijte nulov\u00e9 zpo\u017ed\u011bn\u00ed, zat\u00edmco pracujete na obrazovce va\u0161eho kolegy na druh\u00e9m konci sv\u011bta.&nbsp; \u0160kolen\u00ed a \u0159e\u0161en\u00ed probl\u00e9m\u016f se stanou hra\u010dkou.<\/p>\n<\/div>\n\n\n\n<div class=\"wp-block-column is-layout-flow wp-block-column-is-layout-flow\">\n<h4 class=\"has-text-align-center wp-block-heading\"><strong>Efektivn\u00ed vyu\u017eit\u00ed \u0161\u00ed\u0159ky p\u00e1sma<\/strong><\/h4>\n\n\n\n<p class=\"has-text-align-center\">Prov\u00e1d\u011bjte \u00fakoly na vzdalen\u00e9m po\u010d\u00edta\u010di plynule i s&nbsp;pomal\u00fdm p\u0159\u00edpojen\u00edm. I p\u0159i \u0161\u00ed\u0159ce p\u00e1sma 100kbps m\u016f\u017eete d\u00edky AnyDesk pracovat plynule. AnyDesk je tak vhodn\u00fd i pro lokality se \u0161patnou internetovou konektivitou.<\/p>\n<\/div>\n\n\n\n<div class=\"wp-block-column is-layout-flow wp-block-column-is-layout-flow\">\n<h4 class=\"has-text-align-center wp-block-heading\"><strong>Podpora v\u0161ech za\u0159\u00edzen\u00ed<\/strong><\/h4>\n\n\n\n<p class=\"has-text-align-center\"><a href=\"https:\/\/www.instaluj.cz\/anydesk\/informace-anydesk\/podporovane-os-anydesk\/\" target=\"_blank\" rel=\"noopener\" title=\"Podporovan\u00e9 OS AnyDesk\">U\u017eijte si AnyDesk<\/a> v za\u0159\u00edzen\u00edch na platform\u00e1ch Windows, macOS, Android, iOS, Linux, Raspberry Pi nebo Chrome OS<\/p>\n<\/div>\n<\/div>\n\n\n\n<div class=\"wp-block-columns is-layout-flex wp-container-core-columns-is-layout-9d6595d7 wp-block-columns-is-layout-flex\">\n<div class=\"wp-block-column is-layout-flow wp-block-column-is-layout-flow\">\n<h4 class=\"has-text-align-center wp-block-heading\">V<strong>ysoce inovativn\u00ed technologie<\/strong><\/h4>\n\n\n\n<p class=\"has-text-align-center\">Vlastn\u011b vyvinut\u00fd inovativn\u00ed kodek DeskRT tvo\u0159\u00ed j\u00e1dro programu AnyDesk. Komprimuje a p\u0159en\u00e1\u0161\u00ed obrazov\u00e1 data mezi po\u010d\u00edta\u010di zp\u016fsobem, kter\u00fd \u017e\u00e1dn\u00fd konkuren\u010dn\u00ed produkt nedok\u00e1\u017ee.<\/p>\n<\/div>\n\n\n\n<div class=\"wp-block-column is-layout-flow wp-block-column-is-layout-flow\">\n<h4 class=\"has-text-align-center wp-block-heading\"><strong>Rychl\u00fd start<\/strong><\/h4>\n\n\n\n<p class=\"has-text-align-center\">M\u016f\u017eete za\u010d\u00edt s&nbsp;AnyDeskem hned te\u010f! Nen\u00ed pot\u0159eba instalace ani administr\u00e1torsk\u00e9 opr\u00e1vn\u011bn\u00ed. St\u00e1hn\u011bte soubor velikosti 3,7MB, kter\u00fd sta\u010di spustit a m\u016f\u017eete se p\u0159ipojit. P\u0159\u00edpadn\u011b m\u016f\u017eete pou\u017eit webov\u00e9ho klienta pro p\u0159\u00edm\u00fd p\u0159\u00edstup.<\/p>\n<\/div>\n\n\n\n<div class=\"wp-block-column is-layout-flow wp-block-column-is-layout-flow\">\n<h4 class=\"has-text-align-center wp-block-heading\"><strong>Plynul\u00e1 spr\u00e1va mobiln\u00edch za\u0159\u00edzen\u00ed<\/strong><\/h4>\n\n\n\n<p class=\"has-text-align-center\">Pot\u0159ebujete spravovat velk\u00fd po\u010det mobiln\u00edch za\u0159\u00edzen\u00ed? S&nbsp;AnyDeskem u\u0161et\u0159\u00edte spoustu \u010dasu a sn\u00ed\u017e\u00edte pracovn\u00ed z\u00e1t\u011b\u017e<\/p>\n<\/div>\n<\/div>\n\n\n\n<div class=\"wp-block-columns is-layout-flex wp-container-core-columns-is-layout-9d6595d7 wp-block-columns-is-layout-flex\">\n<div class=\"wp-block-column is-layout-flow wp-block-column-is-layout-flow\">\n<h4 class=\"has-text-align-center wp-block-heading\"><strong>Efektivn\u00ed vzd\u00e1len\u00fd tisk<\/strong><\/h4>\n\n\n\n<p class=\"has-text-align-center\">Tiskn\u011bte odkudkoliv jedn\u00edm kliknut\u00edm bez dal\u0161\u00edho nastavov\u00e1n\u00ed. Va\u0161e vzd\u00e1len\u00e1 pr\u00e1ce v\u00e1s tak je\u0161t\u011b v\u00edce pohlt\u00ed a zvl\u00e1dnete ji bez probl\u00e9m\u016f<\/p>\n<\/div>\n\n\n\n<div class=\"wp-block-column is-layout-flow wp-block-column-is-layout-flow\">\n<h4 class=\"has-text-align-center wp-block-heading\"><strong>Plynul\u00e1 vzd\u00e1len\u00e1 pr\u00e1ce s&nbsp;<a href=\"https:\/\/www.instaluj.cz\/anydesk\/bezobsluzny-pristup-navod-na-nastaveni\/\" target=\"_blank\" rel=\"noopener\" title=\"P\u0159ipojte se automaticky k po\u010d\u00edta\u010di nastavte bezobslu\u017en\u00fd p\u0159\u00edstup AnyDesk v Windows\">bezobslu\u017en\u00fdm p\u0159\u00edstupem<\/a><\/strong><\/h4>\n\n\n\n<p class=\"has-text-align-center\">Va\u0161e v\u00fdkonn\u00e9 PC m\u016f\u017ee b\u00fdt v\u0161ude s&nbsp;v\u00e1mi. Pracujte odkudkoliv z&nbsp;jak\u00e9hokoliv za\u0159\u00edzen\u00ed v&nbsp;re\u00e1ln\u00e9m \u010dase<\/p>\n<\/div>\n\n\n\n<div class=\"wp-block-column is-layout-flow wp-block-column-is-layout-flow\">\n<h4 class=\"has-text-align-center wp-block-heading\"><strong>Bleskov\u00fd p\u0159enos soubor\u016f<\/strong><\/h4>\n\n\n\n<p>P\u0159eneste va\u0161e soubory kamkoliv d\u00edky d\u00edky super rychl\u00e9mu p\u0159enosu dat v&nbsp;AnyDesk bez omezen\u00ed mno\u017estv\u00ed dat. <\/p>\n<\/div>\n<\/div>\n\n\n\n<div class=\"wp-block-columns is-layout-flex wp-container-core-columns-is-layout-9d6595d7 wp-block-columns-is-layout-flex\">\n<div class=\"wp-block-column is-layout-flow wp-block-column-is-layout-flow\">\n<h4 class=\"has-text-align-center wp-block-heading\"><strong>S\u00ed\u0165 Erlang zabezpe\u010den\u00e1 proti selh\u00e1n\u00ed<\/strong><\/h4>\n\n\n\n<p class=\"has-text-align-center\">Servery AnyDesk pou\u017e\u00edvaj\u00ed technologii Erlang. Jedn\u00e1 se o extr\u00e9mn\u011b robustn\u00ed programovac\u00ed jazyk, kter\u00fd se pou\u017e\u00edv\u00e1 v&nbsp;telekomunika\u010dn\u00edm pr\u016fmyslu. D\u00edky tomu si m\u016f\u017eete u\u017eit neznateln\u00e9 zpo\u017ed\u011bn\u00ed, vysokou dostupnost a garantovanou dobu provozu.<\/p>\n<\/div>\n\n\n\n<div class=\"wp-block-column is-layout-flow wp-block-column-is-layout-flow\">\n<h4 class=\"has-text-align-center wp-block-heading\"><strong>Pro\u010d je AnyDesk tak rychl\u00fd<\/strong><\/h4>\n\n\n\n<p class=\"has-text-align-center\">U\u017eijte si plynul\u00fd z\u00e1\u017eitek, jako byste sed\u011bli p\u0159\u00edmo u vzd\u00e1len\u00e9ho za\u0159\u00edzen\u00ed se 60 fps v&nbsp;m\u00edstn\u00ed s\u00edti a u v\u011bt\u0161iny internetov\u00fdch p\u0159\u00edpojek<\/p>\n<\/div>\n\n\n\n<div class=\"wp-block-column is-layout-flow wp-block-column-is-layout-flow\">\n<h4 class=\"has-text-align-center wp-block-heading\"><strong>U\u017eijte si AnyDesk p\u0159i pr\u00e1ci<\/strong><\/h4>\n\n\n\n<p class=\"has-text-align-center\">Sd\u00edlen\u00ed obrazovky odkudkoliv. AnyDesk umo\u017e\u0148uje plynul\u00e9 sd\u00edlen\u00ed a z\u00e1znam obrazovky kdekoliv na sv\u011bt\u011b v&nbsp;re\u00e1ln\u00e9m \u010dase<\/p>\n<\/div>\n<\/div>\n\n\n\n<p><a href=\"https:\/\/order.anydesk.com\/trial?prod=performance&amp;lang=en\"><\/a><\/p>\n","protected":false},"excerpt":{"rendered":"<p>AnyDesk je u\u017eite\u010dn\u00fd n\u00e1stroj pro p\u0159ipojen\u00ed ke vzd\u00e1len\u00e9 plo\u0161e. M\u016f\u017eete tak snadno poskytovat vzd\u00e1lenou podporu, prov\u00e1d\u011bt \u00fadr\u017ebu, jednodu\u0161e spolupracovat s kolegy online, p\u0159\u00edpadn\u011b na d\u00e1lku pracovat z domu. AnyDesk najde uplatn\u011bn\u00ed nejen ve vzd\u011bl\u00e1v\u00e1n\u00ed, st\u00e1tn\u00ed spr\u00e1v\u011b, korpor\u00e1tech, IT podpo\u0159e, ale stejn\u011b tak u v\u0161ech freelancer\u016f nebo osobn\u00edch u\u017eivatel\u016f, kte\u0159\u00ed maj\u00ed r\u00e1di volnost. AnyDesk nab\u00edz\u00ed mnoho [&hellip;]<\/p>\n","protected":false},"author":1,"featured_media":0,"parent":0,"menu_order":0,"comment_status":"closed","ping_status":"closed","template":"template\/fullwidth.php","meta":{"om_disable_all_campaigns":false,"_monsterinsights_skip_tracking":false,"_monsterinsights_sitenote_active":false,"_monsterinsights_sitenote_note":"","_monsterinsights_sitenote_category":0,"footnotes":""},"class_list":["post-30","page","type-page","status-publish","hentry"],"aioseo_notices":[],"_links":{"self":[{"href":"https:\/\/www.instaluj.cz\/anydesk\/wp-json\/wp\/v2\/pages\/30","targetHints":{"allow":["GET"]}}],"collection":[{"href":"https:\/\/www.instaluj.cz\/anydesk\/wp-json\/wp\/v2\/pages"}],"about":[{"href":"https:\/\/www.instaluj.cz\/anydesk\/wp-json\/wp\/v2\/types\/page"}],"author":[{"embeddable":true,"href":"https:\/\/www.instaluj.cz\/anydesk\/wp-json\/wp\/v2\/users\/1"}],"replies":[{"embeddable":true,"href":"https:\/\/www.instaluj.cz\/anydesk\/wp-json\/wp\/v2\/comments?post=30"}],"version-history":[{"count":31,"href":"https:\/\/www.instaluj.cz\/anydesk\/wp-json\/wp\/v2\/pages\/30\/revisions"}],"predecessor-version":[{"id":1073,"href":"https:\/\/www.instaluj.cz\/anydesk\/wp-json\/wp\/v2\/pages\/30\/revisions\/1073"}],"wp:attachment":[{"href":"https:\/\/www.instaluj.cz\/anydesk\/wp-json\/wp\/v2\/media?parent=30"}],"curies":[{"name":"wp","href":"https:\/\/api.w.org\/{rel}","templated":true}]}}