{"id":1026,"date":"2023-02-09T16:52:09","date_gmt":"2023-02-09T15:52:09","guid":{"rendered":"https:\/\/www.instaluj.cz\/anydesk\/?page_id=1026"},"modified":"2023-03-17T12:36:09","modified_gmt":"2023-03-17T11:36:09","slug":"podpora-anydesk","status":"publish","type":"page","link":"https:\/\/www.instaluj.cz\/anydesk\/podpora-anydesk\/","title":{"rendered":"Podpora AnyDesk"},"content":{"rendered":"\n<h2 class=\"wp-block-heading\">Technick\u00e1 podpora AnyDesk<\/h2>\n\n\n\n<p>Technick\u00e1 podpora k programu AnyDesk je v\u00fdrobcem poskytovan\u00e1 ve t\u0159ech \u00farovn\u00edch.<\/p>\n\n\n\n<figure class=\"wp-block-image size-large\"><a href=\"https:\/\/www.instaluj.cz\/anydesk\/\" target=\"_blank\" rel=\"noreferrer noopener\"><img loading=\"lazy\" decoding=\"async\" width=\"1024\" height=\"576\" src=\"https:\/\/www.instaluj.cz\/anydesk\/wp-content\/uploads\/2023\/02\/295896103_108851791913962_1690793570928727767_n-1024x576.jpg\" alt=\"\" class=\"wp-image-1036\" srcset=\"https:\/\/www.instaluj.cz\/anydesk\/wp-content\/uploads\/2023\/02\/295896103_108851791913962_1690793570928727767_n-1024x576.jpg 1024w, https:\/\/www.instaluj.cz\/anydesk\/wp-content\/uploads\/2023\/02\/295896103_108851791913962_1690793570928727767_n-300x169.jpg 300w, https:\/\/www.instaluj.cz\/anydesk\/wp-content\/uploads\/2023\/02\/295896103_108851791913962_1690793570928727767_n-768x432.jpg 768w, https:\/\/www.instaluj.cz\/anydesk\/wp-content\/uploads\/2023\/02\/295896103_108851791913962_1690793570928727767_n-1536x864.jpg 1536w, https:\/\/www.instaluj.cz\/anydesk\/wp-content\/uploads\/2023\/02\/295896103_108851791913962_1690793570928727767_n.jpg 1920w\" sizes=\"auto, (max-width: 1024px) 100vw, 1024px\" \/><\/a><\/figure>\n\n\n\n<h2 class=\"wp-block-heading\">M\u00e1te probl\u00e9m s programem AnyDesk?<\/h2>\n\n\n\n<p>V prvn\u00ed \u0159ad\u011b doporu\u010dujeme nav\u0161t\u00edvit centrum n\u00e1pov\u011bdy programu na webu v\u00fdrobce na adrese:<br><a href=\"https:\/\/support.anydesk.com\/knowledge\">https:\/\/support.anydesk.com\/knowledge<\/a><br>Centrum n\u00e1pov\u011bdy AnyDesk je dostupn\u00e9 pro v\u0161echny verze v\u010detn\u011b <a href=\"https:\/\/www.instaluj.cz\/anydesk\/informace-anydesk\/licence-anydesk\/anydesk-free\/\" target=\"_blank\" rel=\"noopener\" title=\"AnyDesk Free\">AnyDesk Free<\/a> a <a href=\"https:\/\/www.instaluj.cz\/anydesk\/informace-anydesk\/licence-anydesk\/anydesk-solo\/\" target=\"_blank\" rel=\"noopener\" title=\"AnyDesk Solo\">AnyDesk Solo<\/a>.<\/p>\n\n\n\n<p>V p\u0159\u00edpad\u011b probl\u00e9m\u016f s p\u0159ipojen\u00edm, pomal\u00e9ho p\u0159ipojen\u00ed apod. doporu\u010dujeme zkontrolovat status page na adrese<br><a href=\"https:\/\/status.anydesk.com\/\" target=\"_blank\" rel=\"noopener\" title=\"\">https:\/\/status.anydesk.com\/<\/a><\/p>\n\n\n\n<div style=\"height:100px\" aria-hidden=\"true\" class=\"wp-block-spacer\"><\/div>\n\n\n<div class=\"wp-block-image\">\n<figure class=\"aligncenter size-large is-resized\"><a href=\"https:\/\/status.anydesk.com\/\" target=\"_blank\" rel=\"noreferrer noopener\"><img loading=\"lazy\" decoding=\"async\" src=\"https:\/\/www.instaluj.cz\/anydesk\/wp-content\/uploads\/2023\/02\/status-1024x640.jpg\" alt=\"\" class=\"wp-image-1038\" width=\"512\" height=\"320\" srcset=\"https:\/\/www.instaluj.cz\/anydesk\/wp-content\/uploads\/2023\/02\/status-1024x640.jpg 1024w, https:\/\/www.instaluj.cz\/anydesk\/wp-content\/uploads\/2023\/02\/status-300x188.jpg 300w, https:\/\/www.instaluj.cz\/anydesk\/wp-content\/uploads\/2023\/02\/status-768x480.jpg 768w, https:\/\/www.instaluj.cz\/anydesk\/wp-content\/uploads\/2023\/02\/status-1536x960.jpg 1536w, https:\/\/www.instaluj.cz\/anydesk\/wp-content\/uploads\/2023\/02\/status-2048x1280.jpg 2048w\" sizes=\"auto, (max-width: 512px) 100vw, 512px\" \/><\/a><\/figure>\n<\/div>\n\n\n<div style=\"height:100px\" aria-hidden=\"true\" class=\"wp-block-spacer\"><\/div>\n\n\n\n<p>V\u00fdrobce d\u00e1le poskytuje aktivn\u00ed technickou podporu formou po\u017eadavk\u016f a Live Chatu na z\u00e1kaznick\u00e9m port\u00e1lu pro z\u00e1kazn\u00edky s licenci <a href=\"https:\/\/www.instaluj.cz\/anydesk\/informace-anydesk\/licence-anydesk\/anydesk-standard\/\" target=\"_blank\" rel=\"noopener\" title=\"AnyDesk Standard\">AnyDesk Standard<\/a>, <a href=\"https:\/\/www.instaluj.cz\/anydesk\/informace-anydesk\/licence-anydesk\/anydesk-advanced\/\" target=\"_blank\" rel=\"noopener\" title=\"AnyDesk Advanced\">AnyDesk Advanced<\/a> a <a href=\"https:\/\/www.instaluj.cz\/anydesk\/informace-anydesk\/licence-anydesk\/anydesk-enterprise\/\" title=\"AnyDesk Enterprise\">AnyDesk Enterprise<\/a>.<\/p>\n\n\n\n<div style=\"height:100px\" aria-hidden=\"true\" class=\"wp-block-spacer\"><\/div>\n\n\n\n<p>Pro verze <a href=\"https:\/\/www.instaluj.cz\/anydesk\/informace-anydesk\/licence-anydesk\/anydesk-advanced\/\" target=\"_blank\" rel=\"noopener\" title=\"AnyDesk Advanced\">AnyDesk Advanced<\/a> a <a href=\"https:\/\/www.instaluj.cz\/anydesk\/informace-anydesk\/licence-anydesk\/anydesk-enterprise\/\" target=\"_blank\" rel=\"noopener\" title=\"AnyDesk Enterprise\">AnyDesk Enterprise<\/a> maj\u00ed z\u00e1kazn\u00edci tak\u00e9 mo\u017enost telefonick\u00e9 technick\u00e9 podpory od v\u00fdrobce (v ciz\u00edm jazyce)<\/p>\n\n\n\n<p>P\u0159ihl\u00e1sit se do sv\u00e9ho u\u017eivatelsk\u00e9ho \u00fa\u010dtu m\u016f\u017eete na adrese<br><a href=\"https:\/\/my.anydesk.com\/\">https:\/\/my.anydesk.com\/<\/a><\/p>\n\n\n\n<p> Nej\u010dast\u011bji \u0159e\u0161en\u00e9 dotazy\/probl\u00e9my budeme publikovat i na na\u0161em webu. Bohu\u017eel v\u0161ak z kapacitn\u00edch a technick\u00fdch d\u016fvod\u016f nedok\u00e1\u017eeme technickou podporu poskytnout a je poskytov\u00e1na v\u00fdrobcem dle zakoupen\u00e9 licence. <\/p>\n\n\n\n<div style=\"height:100px\" aria-hidden=\"true\" class=\"wp-block-spacer\"><\/div>\n\n\n\n<h2 class=\"wp-block-heading\">Z\u00e1kaznick\u00e1 podpora AnyDesk<\/h2>\n\n\n\n<p>Pokud v\u00e1h\u00e1te s v\u00fdb\u011brem licence, m\u016f\u017eete se pod\u00edvat na str\u00e1nku s na\u0161\u00edm <a href=\"https:\/\/www.instaluj.cz\/anydesk\/ceny\/\" target=\"_blank\" rel=\"noopener\" title=\"Ceny AnyDesk\">cen\u00edkem<\/a>, kde je p\u0159ehledn\u00e1 tabulka s porovn\u00e1n\u00edm v\u0161ech verz\u00ed, p\u0159\u00edpadn\u011b jsme dal\u0161\u00ed informace sepsali je\u0161t\u011b <a href=\"https:\/\/www.instaluj.cz\/anydesk\/informace-anydesk\/licence-anydesk\/\" target=\"_blank\" rel=\"noopener\" title=\"Licence AnyDesk\">v tomto \u010dl\u00e1nku<\/a> v\u011bnovan\u00e9m licenc\u00edm AnyDesk. Pokud m\u00e1te dotaz k objedn\u00e1vce, sepsali jsme nej\u010dast\u011bj\u0161\u00ed ot\u00e1zky <a href=\"https:\/\/www.instaluj.cz\/anydesk\/prubeh-vyrizeni-objednavky\/\" target=\"_blank\" rel=\"noopener\" title=\"Pr\u016fb\u011bh vy\u0159\u00edzen\u00ed objedn\u00e1vky\">v tomto \u010dl\u00e1nku<\/a>, kde tak\u00e9 najdete odkaz na mo\u017enost sledov\u00e1n\u00ed pr\u016fb\u011bhu objedn\u00e1vky.<\/p>\n\n\n\n<div style=\"height:100px\" aria-hidden=\"true\" class=\"wp-block-spacer\"><\/div>\n\n\n\n<p>V p\u0159\u00edpad\u011b, \u017ee jste nena\u0161li odpov\u011b\u010f na V\u00e1\u0161 dotaz, nev\u00e1hejte n\u00e1s kontaktovat a\u0165 u\u017e prost\u0159ednictv\u00edm chatu, kontaktn\u00edho formul\u00e1\u0159e na t\u00e9to str\u00e1nce, emailu, telefonicky nebo po domluv\u011b osobn\u011b.<\/p>\n\n\n\n<p>Kontakt na n\u00e1s <a href=\"https:\/\/www.instaluj.cz\/anydesk\/kontakt\/\" title=\"Kontaktn\u00ed \u00fadaje\">najdete zde<\/a><\/p>\n\n\n\n<p><\/p>\n\n\n<ul class=\"wp-block-categories-list wp-block-categories\">\t<li class=\"cat-item cat-item-9\"><a href=\"https:\/\/www.instaluj.cz\/anydesk\/category\/navody\/\">AnyDesk &#8211; n\u00e1vody<\/a>\n<\/li>\n\t<li class=\"cat-item cat-item-10\"><a href=\"https:\/\/www.instaluj.cz\/anydesk\/category\/faq\/\">FAQ &#8211; Ot\u00e1zky a odpov\u011bdi<\/a>\n<\/li>\n\t<li class=\"cat-item cat-item-1\"><a href=\"https:\/\/www.instaluj.cz\/anydesk\/category\/pouzivaji\/\">Pou\u017e\u00edvaj\u00ed<\/a>\n<\/li>\n<\/ul>","protected":false},"excerpt":{"rendered":"<p>Technick\u00e1 podpora AnyDesk Technick\u00e1 podpora k programu AnyDesk je v\u00fdrobcem poskytovan\u00e1 ve t\u0159ech \u00farovn\u00edch. M\u00e1te probl\u00e9m s programem AnyDesk? V prvn\u00ed \u0159ad\u011b doporu\u010dujeme nav\u0161t\u00edvit centrum n\u00e1pov\u011bdy programu na webu v\u00fdrobce na adrese:https:\/\/support.anydesk.com\/knowledgeCentrum n\u00e1pov\u011bdy AnyDesk je dostupn\u00e9 pro v\u0161echny verze v\u010detn\u011b AnyDesk Free a AnyDesk Solo. V p\u0159\u00edpad\u011b probl\u00e9m\u016f s p\u0159ipojen\u00edm, pomal\u00e9ho p\u0159ipojen\u00ed apod. doporu\u010dujeme zkontrolovat [&hellip;]<\/p>\n","protected":false},"author":1,"featured_media":0,"parent":0,"menu_order":0,"comment_status":"closed","ping_status":"closed","template":"template\/fullwidth.php","meta":{"om_disable_all_campaigns":false,"_monsterinsights_skip_tracking":false,"_monsterinsights_sitenote_active":false,"_monsterinsights_sitenote_note":"","_monsterinsights_sitenote_category":0,"footnotes":""},"class_list":["post-1026","page","type-page","status-publish","hentry"],"aioseo_notices":[],"_links":{"self":[{"href":"https:\/\/www.instaluj.cz\/anydesk\/wp-json\/wp\/v2\/pages\/1026","targetHints":{"allow":["GET"]}}],"collection":[{"href":"https:\/\/www.instaluj.cz\/anydesk\/wp-json\/wp\/v2\/pages"}],"about":[{"href":"https:\/\/www.instaluj.cz\/anydesk\/wp-json\/wp\/v2\/types\/page"}],"author":[{"embeddable":true,"href":"https:\/\/www.instaluj.cz\/anydesk\/wp-json\/wp\/v2\/users\/1"}],"replies":[{"embeddable":true,"href":"https:\/\/www.instaluj.cz\/anydesk\/wp-json\/wp\/v2\/comments?post=1026"}],"version-history":[{"count":8,"href":"https:\/\/www.instaluj.cz\/anydesk\/wp-json\/wp\/v2\/pages\/1026\/revisions"}],"predecessor-version":[{"id":1139,"href":"https:\/\/www.instaluj.cz\/anydesk\/wp-json\/wp\/v2\/pages\/1026\/revisions\/1139"}],"wp:attachment":[{"href":"https:\/\/www.instaluj.cz\/anydesk\/wp-json\/wp\/v2\/media?parent=1026"}],"curies":[{"name":"wp","href":"https:\/\/api.w.org\/{rel}","templated":true}]}}